{"id":298,"date":"2020-10-19T08:13:58","date_gmt":"2020-10-19T08:13:58","guid":{"rendered":"http:\/\/cchc.wp-staging.net\/a-propos\/mission-values\/"},"modified":"2025-04-29T07:12:51","modified_gmt":"2025-04-29T07:12:51","slug":"mission-et-valeurs","status":"publish","type":"page","link":"https:\/\/carlingtonchc.com\/fr\/a-propos\/mission-et-valeurs\/","title":{"rendered":"Mission et valeurs"},"content":{"rendered":"<p style=\"text-align: center;\"><em>\u00a0<\/em><em>Approuv\u00e9 par le conseil d&#8217;administration le 13 juin 2023<\/em><\/p>\n<h2 style=\"text-align: center;\">Mission, vision et valeurs<\/h2>\n<p><img loading=\"lazy\" decoding=\"async\" class=\"size-medium wp-image-1999 aligncenter\" src=\"https:\/\/carlingtonchc.com\/wp-content\/uploads\/MVV-FRENCH-800x441.png\" alt=\"\" width=\"800\" height=\"441\" srcset=\"https:\/\/carlingtonchc.com\/wp-content\/uploads\/MVV-FRENCH-800x441.png 800w, https:\/\/carlingtonchc.com\/wp-content\/uploads\/MVV-FRENCH-400x221.png 400w, https:\/\/carlingtonchc.com\/wp-content\/uploads\/MVV-FRENCH-768x424.png 768w, https:\/\/carlingtonchc.com\/wp-content\/uploads\/MVV-FRENCH.png 1055w\" sizes=\"auto, (max-width: 800px) 100vw, 800px\" \/><\/p>\n<h2 style=\"text-align: center;\">Direction strat\u00e9gique<\/h2>\n<p><img loading=\"lazy\" decoding=\"async\" class=\"alignnone size-medium wp-image-2001\" src=\"https:\/\/carlingtonchc.com\/wp-content\/uploads\/STRATEGIC-DIRECTIONS-FR-800x279.png\" alt=\"\" width=\"800\" height=\"279\" srcset=\"https:\/\/carlingtonchc.com\/wp-content\/uploads\/STRATEGIC-DIRECTIONS-FR-800x279.png 800w, https:\/\/carlingtonchc.com\/wp-content\/uploads\/STRATEGIC-DIRECTIONS-FR-400x139.png 400w, https:\/\/carlingtonchc.com\/wp-content\/uploads\/STRATEGIC-DIRECTIONS-FR-768x267.png 768w, https:\/\/carlingtonchc.com\/wp-content\/uploads\/STRATEGIC-DIRECTIONS-FR.png 1057w\" sizes=\"auto, (max-width: 800px) 100vw, 800px\" \/><\/p>\n<p style=\"text-align: center;\">Extrait de <a href=\"https:\/\/carlingtonchc.com\/wp-content\/uploads\/CCHC-Strategic-Plan-Framework-FR-.pdf\" target=\"\" rel=\"noopener\">Cadre du plan strat\u00e9gique <\/a><\/p>\n","protected":false},"excerpt":{"rendered":"<p>\u00a0Approuv\u00e9 par le conseil d&#8217;administration le 13 juin 2023 Mission, vision et valeurs Direction strat\u00e9gique Extrait de Cadre du plan strat\u00e9gique<\/p>\n","protected":false},"author":1,"featured_media":675,"parent":296,"menu_order":0,"comment_status":"closed","ping_status":"closed","template":"","meta":{"_acf_changed":false},"class_list":["post-298","page","type-page","status-publish","has-post-thumbnail","hentry"],"acf":[],"yoast_head":"<!-- This site is optimized with the Yoast SEO plugin v27.5 - https:\/\/yoast.com\/product\/yoast-seo-wordpress\/ -->\n<title>Mission et valeurs - Centre de sant\u00e9 communautaire Carlington<\/title>\n<meta name=\"robots\" content=\"index, follow, max-snippet:-1, max-image-preview:large, max-video-preview:-1\" \/>\n<link rel=\"canonical\" href=\"https:\/\/carlingtonchc.com\/fr\/a-propos\/mission-et-valeurs\/\" \/>\n<meta property=\"og:locale\" content=\"fr_FR\" \/>\n<meta property=\"og:type\" content=\"article\" \/>\n<meta property=\"og:title\" content=\"Mission et valeurs - Centre de sant\u00e9 communautaire Carlington\" \/>\n<meta property=\"og:description\" content=\"\u00a0Approuv\u00e9 par le conseil d&#8217;administration le 13 juin 2023 Mission, vision et valeurs Direction strat\u00e9gique Extrait de Cadre du plan strat\u00e9gique\" \/>\n<meta property=\"og:url\" content=\"https:\/\/carlingtonchc.com\/fr\/a-propos\/mission-et-valeurs\/\" \/>\n<meta property=\"og:site_name\" content=\"Centre de sant\u00e9 communautaire Carlington\" \/>\n<meta property=\"article:modified_time\" content=\"2025-04-29T07:12:51+00:00\" \/>\n<meta property=\"og:image\" content=\"https:\/\/carlingtonchc.com\/wp-content\/uploads\/About__Mission-and-Values__FR.jpg\" \/>\n\t<meta property=\"og:image:width\" content=\"1600\" \/>\n\t<meta property=\"og:image:height\" content=\"900\" \/>\n\t<meta property=\"og:image:type\" content=\"image\/jpeg\" \/>\n<meta name=\"twitter:card\" content=\"summary_large_image\" \/>\n<script type=\"application\/ld+json\" class=\"yoast-schema-graph\">{\"@context\":\"https:\\\/\\\/schema.org\",\"@graph\":[{\"@type\":\"WebPage\",\"@id\":\"https:\\\/\\\/carlingtonchc.com\\\/fr\\\/a-propos\\\/mission-et-valeurs\\\/\",\"url\":\"https:\\\/\\\/carlingtonchc.com\\\/fr\\\/a-propos\\\/mission-et-valeurs\\\/\",\"name\":\"Mission et valeurs - Centre de sant\u00e9 communautaire Carlington\",\"isPartOf\":{\"@id\":\"https:\\\/\\\/carlingtonchc.com\\\/#website\"},\"primaryImageOfPage\":{\"@id\":\"https:\\\/\\\/carlingtonchc.com\\\/fr\\\/a-propos\\\/mission-et-valeurs\\\/#primaryimage\"},\"image\":{\"@id\":\"https:\\\/\\\/carlingtonchc.com\\\/fr\\\/a-propos\\\/mission-et-valeurs\\\/#primaryimage\"},\"thumbnailUrl\":\"https:\\\/\\\/carlingtonchc.com\\\/wp-content\\\/uploads\\\/About__Mission-and-Values__FR.jpg\",\"datePublished\":\"2020-10-19T08:13:58+00:00\",\"dateModified\":\"2025-04-29T07:12:51+00:00\",\"breadcrumb\":{\"@id\":\"https:\\\/\\\/carlingtonchc.com\\\/fr\\\/a-propos\\\/mission-et-valeurs\\\/#breadcrumb\"},\"inLanguage\":\"fr-FR\",\"potentialAction\":[{\"@type\":\"ReadAction\",\"target\":[\"https:\\\/\\\/carlingtonchc.com\\\/fr\\\/a-propos\\\/mission-et-valeurs\\\/\"]}]},{\"@type\":\"ImageObject\",\"inLanguage\":\"fr-FR\",\"@id\":\"https:\\\/\\\/carlingtonchc.com\\\/fr\\\/a-propos\\\/mission-et-valeurs\\\/#primaryimage\",\"url\":\"https:\\\/\\\/carlingtonchc.com\\\/wp-content\\\/uploads\\\/About__Mission-and-Values__FR.jpg\",\"contentUrl\":\"https:\\\/\\\/carlingtonchc.com\\\/wp-content\\\/uploads\\\/About__Mission-and-Values__FR.jpg\",\"width\":1600,\"height\":900,\"caption\":\"Trois pi\u00e8ces de puzzle connect\u00e9es avec les mots mission, vision, valeurs\"},{\"@type\":\"BreadcrumbList\",\"@id\":\"https:\\\/\\\/carlingtonchc.com\\\/fr\\\/a-propos\\\/mission-et-valeurs\\\/#breadcrumb\",\"itemListElement\":[{\"@type\":\"ListItem\",\"position\":1,\"name\":\"Home\",\"item\":\"https:\\\/\\\/carlingtonchc.com\\\/fr\\\/\"},{\"@type\":\"ListItem\",\"position\":2,\"name\":\"\u00c0 propos\",\"item\":\"https:\\\/\\\/carlingtonchc.com\\\/fr\\\/a-propos\\\/\"},{\"@type\":\"ListItem\",\"position\":3,\"name\":\"Mission et valeurs\"}]},{\"@type\":\"WebSite\",\"@id\":\"https:\\\/\\\/carlingtonchc.com\\\/#website\",\"url\":\"https:\\\/\\\/carlingtonchc.com\\\/\",\"name\":\"Centre de sant\u00e9 communautaire Carlington\",\"description\":\"900 Merivale Road, Ottawa ON Canada\",\"potentialAction\":[{\"@type\":\"SearchAction\",\"target\":{\"@type\":\"EntryPoint\",\"urlTemplate\":\"https:\\\/\\\/carlingtonchc.com\\\/?s={search_term_string}\"},\"query-input\":{\"@type\":\"PropertyValueSpecification\",\"valueRequired\":true,\"valueName\":\"search_term_string\"}}],\"inLanguage\":\"fr-FR\"}]}<\/script>\n<!-- \/ Yoast SEO plugin. -->","yoast_head_json":{"title":"Mission et valeurs - Centre de sant\u00e9 communautaire Carlington","robots":{"index":"index","follow":"follow","max-snippet":"max-snippet:-1","max-image-preview":"max-image-preview:large","max-video-preview":"max-video-preview:-1"},"canonical":"https:\/\/carlingtonchc.com\/fr\/a-propos\/mission-et-valeurs\/","og_locale":"fr_FR","og_type":"article","og_title":"Mission et valeurs - Centre de sant\u00e9 communautaire Carlington","og_description":"\u00a0Approuv\u00e9 par le conseil d&#8217;administration le 13 juin 2023 Mission, vision et valeurs Direction strat\u00e9gique Extrait de Cadre du plan strat\u00e9gique","og_url":"https:\/\/carlingtonchc.com\/fr\/a-propos\/mission-et-valeurs\/","og_site_name":"Centre de sant\u00e9 communautaire Carlington","article_modified_time":"2025-04-29T07:12:51+00:00","og_image":[{"width":1600,"height":900,"url":"https:\/\/carlingtonchc.com\/wp-content\/uploads\/About__Mission-and-Values__FR.jpg","type":"image\/jpeg"}],"twitter_card":"summary_large_image","schema":{"@context":"https:\/\/schema.org","@graph":[{"@type":"WebPage","@id":"https:\/\/carlingtonchc.com\/fr\/a-propos\/mission-et-valeurs\/","url":"https:\/\/carlingtonchc.com\/fr\/a-propos\/mission-et-valeurs\/","name":"Mission et valeurs - Centre de sant\u00e9 communautaire Carlington","isPartOf":{"@id":"https:\/\/carlingtonchc.com\/#website"},"primaryImageOfPage":{"@id":"https:\/\/carlingtonchc.com\/fr\/a-propos\/mission-et-valeurs\/#primaryimage"},"image":{"@id":"https:\/\/carlingtonchc.com\/fr\/a-propos\/mission-et-valeurs\/#primaryimage"},"thumbnailUrl":"https:\/\/carlingtonchc.com\/wp-content\/uploads\/About__Mission-and-Values__FR.jpg","datePublished":"2020-10-19T08:13:58+00:00","dateModified":"2025-04-29T07:12:51+00:00","breadcrumb":{"@id":"https:\/\/carlingtonchc.com\/fr\/a-propos\/mission-et-valeurs\/#breadcrumb"},"inLanguage":"fr-FR","potentialAction":[{"@type":"ReadAction","target":["https:\/\/carlingtonchc.com\/fr\/a-propos\/mission-et-valeurs\/"]}]},{"@type":"ImageObject","inLanguage":"fr-FR","@id":"https:\/\/carlingtonchc.com\/fr\/a-propos\/mission-et-valeurs\/#primaryimage","url":"https:\/\/carlingtonchc.com\/wp-content\/uploads\/About__Mission-and-Values__FR.jpg","contentUrl":"https:\/\/carlingtonchc.com\/wp-content\/uploads\/About__Mission-and-Values__FR.jpg","width":1600,"height":900,"caption":"Trois pi\u00e8ces de puzzle connect\u00e9es avec les mots mission, vision, valeurs"},{"@type":"BreadcrumbList","@id":"https:\/\/carlingtonchc.com\/fr\/a-propos\/mission-et-valeurs\/#breadcrumb","itemListElement":[{"@type":"ListItem","position":1,"name":"Home","item":"https:\/\/carlingtonchc.com\/fr\/"},{"@type":"ListItem","position":2,"name":"\u00c0 propos","item":"https:\/\/carlingtonchc.com\/fr\/a-propos\/"},{"@type":"ListItem","position":3,"name":"Mission et valeurs"}]},{"@type":"WebSite","@id":"https:\/\/carlingtonchc.com\/#website","url":"https:\/\/carlingtonchc.com\/","name":"Centre de sant\u00e9 communautaire Carlington","description":"900 Merivale Road, Ottawa ON Canada","potentialAction":[{"@type":"SearchAction","target":{"@type":"EntryPoint","urlTemplate":"https:\/\/carlingtonchc.com\/?s={search_term_string}"},"query-input":{"@type":"PropertyValueSpecification","valueRequired":true,"valueName":"search_term_string"}}],"inLanguage":"fr-FR"}]}},"_links":{"self":[{"href":"https:\/\/carlingtonchc.com\/fr\/wp-json\/wp\/v2\/pages\/298","targetHints":{"allow":["GET"]}}],"collection":[{"href":"https:\/\/carlingtonchc.com\/fr\/wp-json\/wp\/v2\/pages"}],"about":[{"href":"https:\/\/carlingtonchc.com\/fr\/wp-json\/wp\/v2\/types\/page"}],"author":[{"embeddable":true,"href":"https:\/\/carlingtonchc.com\/fr\/wp-json\/wp\/v2\/users\/1"}],"replies":[{"embeddable":true,"href":"https:\/\/carlingtonchc.com\/fr\/wp-json\/wp\/v2\/comments?post=298"}],"version-history":[{"count":0,"href":"https:\/\/carlingtonchc.com\/fr\/wp-json\/wp\/v2\/pages\/298\/revisions"}],"up":[{"embeddable":true,"href":"https:\/\/carlingtonchc.com\/fr\/wp-json\/wp\/v2\/pages\/296"}],"wp:featuredmedia":[{"embeddable":true,"href":"https:\/\/carlingtonchc.com\/fr\/wp-json\/wp\/v2\/media\/675"}],"wp:attachment":[{"href":"https:\/\/carlingtonchc.com\/fr\/wp-json\/wp\/v2\/media?parent=298"}],"curies":[{"name":"wp","href":"https:\/\/api.w.org\/{rel}","templated":true}]}}