{"id":300,"date":"2020-10-15T14:32:28","date_gmt":"2020-10-15T14:32:28","guid":{"rendered":"http:\/\/cchc.wp-staging.net\/a-propos\/our-history\/"},"modified":"2024-07-30T18:07:35","modified_gmt":"2024-07-30T18:07:35","slug":"notre-histoire","status":"publish","type":"page","link":"https:\/\/carlingtonchc.com\/fr\/a-propos\/notre-histoire\/","title":{"rendered":"Notre histoire"},"content":{"rendered":"<h1>Bref historique du Centre de sant\u00e9 communautaire Carlington<\/h1>\n<p><strong>1976:<\/strong> Des r\u00e9sidents de Carlington se r\u00e9unissent pour discuter de la coordination des services \u00e0 Carlington<\/p>\n<p><strong>1984:<\/strong> Carlington re\u00e7oit des fonds de la r\u00e9gion d\u2019Ottawa-Carleton pour ouvrir un centre de ressources<\/p>\n<p><strong>1985:<\/strong> Le Centre de ressources communautaires Carlington est constitu\u00e9 pour fournir des services \u00e0 la collectivit\u00e9 de Carlington<\/p>\n<p><strong>1987:<\/strong> Des politiciens de la r\u00e9gion invitent le conseil d\u2019administration \u00e0 \u00e9tendre les programmes parent-enfant \u00e0 l\u2019ensemble d\u2019habitation DebraDynes<\/p>\n<p><strong>1990:<\/strong> Le conseil d\u2019administration demande au conseil r\u00e9gional de sant\u00e9 des fonds pour \u00e9laborer une proposition de centre de sant\u00e9 communautaire. Le conseil r\u00e9gional de sant\u00e9 recommande la proposition de Carlington au minist\u00e8re de la Sant\u00e9, en sugg\u00e9rant au conseil d\u2019administration d\u2019harmoniser sa zone de service avec celles d\u2019autres centres<\/p>\n<p><strong>1991:<\/strong> Le conseil d\u2019administration entame des pourparlers avec les centres de sant\u00e9 communautaire Pinecrest-Queensway et Somerset Ouest. Un groupe de r\u00e9sidents de Westboro demande au commissaire des services sociaux d\u2019ouvrir un centre de ressources \u00e0 Westboro. Le commissaire rejette cette demande, mais invite les r\u00e9sidents \u00e0 n\u00e9gocier la prestation de services avec le Centre de ressources communautaires de Carlington. Mme Steward, de Westboro Seniors, communique avec le Centre<\/p>\n<p><em><strong>Avril: Le Centre de ressources communautaires de Carlington re\u00e7oit des fonds pour la cr\u00e9ation d\u2019un centre de sant\u00e9.<\/strong><\/em><\/p>\n<p>Le conseil d\u2019administration red\u00e9finit la zone de service de la mani\u00e8re suivante :<\/p>\n<blockquote><p>Les limites de la zone de service \u00e0 la client\u00e8le du Centre de sant\u00e9 communautaire de Carlington s\u2019\u00e9tendent de la rivi\u00e8re des Outaouais au sud, sur la promenade Island Park et l\u2019avenue Fisher jusqu\u2019\u00e0 Baseline Route, \u00e0 l\u2019ouest sur le chemin Baseline jusqu\u2019\u00e0 l\u2019avenue Woodroffe, au nord sur l\u2019avenue Woodroffe jusqu\u2019\u00e0 la rivi\u00e8re des Outaouais, le long de la rive sud de la rivi\u00e8re des Outaouais jusqu\u2019au point de d\u00e9part, et de la construction du projet d\u2019habitation Debra Dynes \u00e0 Carleton Heights.<\/p>\n<h6>Le conseil d&#8217;administration<\/h6>\n<\/blockquote>\n<p><strong><em>Janvier<\/em> 1994:<\/strong> Le conseil d\u2019administration accepte les modalit\u00e9s de vente ou location du terrain situ\u00e9 au 900, chemin Merivale. L\u2019ouverture officielle du nouvel immeuble a lieu le 25 avril 1994<\/p>\n<p><strong><em>Janvier<\/em> 1995:<\/strong> Le conseil d\u2019administration ent\u00e9rine un nouvel \u00e9nonc\u00e9 de mission et un nouvel \u00e9nonc\u00e9 de valeurs<\/p>\n<p>Le r\u00e8glement administratif no 2 \u00e9largit les objectifs de la Corporation et en modifie le nom dans les lettres patentes; ce nom est d\u00e9sormais : Services communautaires et de sant\u00e9 Carlington Community and Health Services<\/p>\n<p><strong><em>18 juin<\/em> 1996:<\/strong> Restructuration des services et des programmes du Centre afin de privil\u00e9gier les services m\u00e9dicaux, les interventions et la promotion de la sant\u00e9<\/p>\n<p><strong>1997:<\/strong> Le minist\u00e8re des Services sociaux et communautaires accorde une d\u00e9signation partielle pour les services en fran\u00e7ais au CSCC. Un jardin communautaire de 140 lots est am\u00e9nag\u00e9<\/p>\n<p><strong>1999:<\/strong> Carlington conclut des n\u00e9gociations fructueuses avec l\u2019H\u00f4pital d\u2019Ottawa pour offrir le Programme de traitement communautaire dynamique<\/p>\n<p><strong>Carlington obtient la d\u00e9signation de centre de sant\u00e9 agr\u00e9\u00e9 en 2002, 2006, 2010 et 2013<\/strong><\/p>\n<p><strong>2010:<\/strong> Le nom du Centre est modifi\u00e9 \u00e0 : Centre de sant\u00e9 communautaire Carlington \/ Carlington Community Health Centre<\/p>\n<p><strong>2013:<\/strong> Le Centre re\u00e7oit la d\u00e9signation en vertu de la Loi sur les services en fran\u00e7ais<\/p>\n<p><strong><em>Avril<\/em> 2014:<\/strong> Le minist\u00e8re de la Sant\u00e9 et des Soins de longue dur\u00e9e de l\u2019Ontario octroie 4,8 millions $ pour le carrefour de la sant\u00e9 propos\u00e9<\/p>\n","protected":false},"excerpt":{"rendered":"<p>Bref historique du Centre de sant\u00e9 communautaire Carlington 1976: Des r\u00e9sidents de Carlington se r\u00e9unissent pour discuter de la coordination des services \u00e0 Carlington 1984: Carlington re\u00e7oit des fonds de la&#8230;<\/p>\n","protected":false},"author":1,"featured_media":681,"parent":296,"menu_order":2,"comment_status":"closed","ping_status":"closed","template":"","meta":{"_acf_changed":false},"class_list":["post-300","page","type-page","status-publish","has-post-thumbnail","hentry"],"acf":[],"yoast_head":"<!-- This site is optimized with the Yoast SEO plugin v27.3 - https:\/\/yoast.com\/product\/yoast-seo-wordpress\/ -->\n<title>Notre histoire - Centre de sant\u00e9 communautaire Carlington<\/title>\n<meta name=\"robots\" content=\"index, follow, max-snippet:-1, max-image-preview:large, max-video-preview:-1\" \/>\n<link rel=\"canonical\" href=\"https:\/\/carlingtonchc.com\/fr\/a-propos\/notre-histoire\/\" \/>\n<meta property=\"og:locale\" content=\"fr_FR\" \/>\n<meta property=\"og:type\" content=\"article\" \/>\n<meta property=\"og:title\" content=\"Notre histoire - Centre de sant\u00e9 communautaire Carlington\" \/>\n<meta property=\"og:description\" content=\"Bref historique du Centre de sant\u00e9 communautaire Carlington 1976: Des r\u00e9sidents de Carlington se r\u00e9unissent pour discuter de la coordination des services \u00e0 Carlington 1984: Carlington re\u00e7oit des fonds de la...\" \/>\n<meta property=\"og:url\" content=\"https:\/\/carlingtonchc.com\/fr\/a-propos\/notre-histoire\/\" \/>\n<meta property=\"og:site_name\" content=\"Centre de sant\u00e9 communautaire Carlington\" \/>\n<meta property=\"article:modified_time\" content=\"2024-07-30T18:07:35+00:00\" \/>\n<meta property=\"og:image\" content=\"https:\/\/carlingtonchc.com\/wp-content\/uploads\/About__Our-History__EN-FR.jpg\" \/>\n\t<meta property=\"og:image:width\" content=\"1600\" \/>\n\t<meta property=\"og:image:height\" content=\"900\" \/>\n\t<meta property=\"og:image:type\" content=\"image\/jpeg\" \/>\n<meta name=\"twitter:card\" content=\"summary_large_image\" \/>\n<meta name=\"twitter:label1\" content=\"Dur\u00e9e de lecture estim\u00e9e\" \/>\n\t<meta name=\"twitter:data1\" content=\"3 minutes\" \/>\n<script type=\"application\/ld+json\" class=\"yoast-schema-graph\">{\"@context\":\"https:\\\/\\\/schema.org\",\"@graph\":[{\"@type\":\"WebPage\",\"@id\":\"https:\\\/\\\/carlingtonchc.com\\\/fr\\\/a-propos\\\/notre-histoire\\\/\",\"url\":\"https:\\\/\\\/carlingtonchc.com\\\/fr\\\/a-propos\\\/notre-histoire\\\/\",\"name\":\"Notre histoire - Centre de sant\u00e9 communautaire Carlington\",\"isPartOf\":{\"@id\":\"https:\\\/\\\/carlingtonchc.com\\\/#website\"},\"primaryImageOfPage\":{\"@id\":\"https:\\\/\\\/carlingtonchc.com\\\/fr\\\/a-propos\\\/notre-histoire\\\/#primaryimage\"},\"image\":{\"@id\":\"https:\\\/\\\/carlingtonchc.com\\\/fr\\\/a-propos\\\/notre-histoire\\\/#primaryimage\"},\"thumbnailUrl\":\"https:\\\/\\\/carlingtonchc.com\\\/wp-content\\\/uploads\\\/About__Our-History__EN-FR.jpg\",\"datePublished\":\"2020-10-15T14:32:28+00:00\",\"dateModified\":\"2024-07-30T18:07:35+00:00\",\"breadcrumb\":{\"@id\":\"https:\\\/\\\/carlingtonchc.com\\\/fr\\\/a-propos\\\/notre-histoire\\\/#breadcrumb\"},\"inLanguage\":\"fr-FR\",\"potentialAction\":[{\"@type\":\"ReadAction\",\"target\":[\"https:\\\/\\\/carlingtonchc.com\\\/fr\\\/a-propos\\\/notre-histoire\\\/\"]}]},{\"@type\":\"ImageObject\",\"inLanguage\":\"fr-FR\",\"@id\":\"https:\\\/\\\/carlingtonchc.com\\\/fr\\\/a-propos\\\/notre-histoire\\\/#primaryimage\",\"url\":\"https:\\\/\\\/carlingtonchc.com\\\/wp-content\\\/uploads\\\/About__Our-History__EN-FR.jpg\",\"contentUrl\":\"https:\\\/\\\/carlingtonchc.com\\\/wp-content\\\/uploads\\\/About__Our-History__EN-FR.jpg\",\"width\":1600,\"height\":900,\"caption\":\"Pages d'un livre\"},{\"@type\":\"BreadcrumbList\",\"@id\":\"https:\\\/\\\/carlingtonchc.com\\\/fr\\\/a-propos\\\/notre-histoire\\\/#breadcrumb\",\"itemListElement\":[{\"@type\":\"ListItem\",\"position\":1,\"name\":\"Home\",\"item\":\"https:\\\/\\\/carlingtonchc.com\\\/fr\\\/\"},{\"@type\":\"ListItem\",\"position\":2,\"name\":\"\u00c0 propos\",\"item\":\"https:\\\/\\\/carlingtonchc.com\\\/fr\\\/a-propos\\\/\"},{\"@type\":\"ListItem\",\"position\":3,\"name\":\"Notre histoire\"}]},{\"@type\":\"WebSite\",\"@id\":\"https:\\\/\\\/carlingtonchc.com\\\/#website\",\"url\":\"https:\\\/\\\/carlingtonchc.com\\\/\",\"name\":\"Centre de sant\u00e9 communautaire Carlington\",\"description\":\"900 Merivale Road, Ottawa ON Canada\",\"potentialAction\":[{\"@type\":\"SearchAction\",\"target\":{\"@type\":\"EntryPoint\",\"urlTemplate\":\"https:\\\/\\\/carlingtonchc.com\\\/?s={search_term_string}\"},\"query-input\":{\"@type\":\"PropertyValueSpecification\",\"valueRequired\":true,\"valueName\":\"search_term_string\"}}],\"inLanguage\":\"fr-FR\"}]}<\/script>\n<!-- \/ Yoast SEO plugin. -->","yoast_head_json":{"title":"Notre histoire - Centre de sant\u00e9 communautaire Carlington","robots":{"index":"index","follow":"follow","max-snippet":"max-snippet:-1","max-image-preview":"max-image-preview:large","max-video-preview":"max-video-preview:-1"},"canonical":"https:\/\/carlingtonchc.com\/fr\/a-propos\/notre-histoire\/","og_locale":"fr_FR","og_type":"article","og_title":"Notre histoire - Centre de sant\u00e9 communautaire Carlington","og_description":"Bref historique du Centre de sant\u00e9 communautaire Carlington 1976: Des r\u00e9sidents de Carlington se r\u00e9unissent pour discuter de la coordination des services \u00e0 Carlington 1984: Carlington re\u00e7oit des fonds de la...","og_url":"https:\/\/carlingtonchc.com\/fr\/a-propos\/notre-histoire\/","og_site_name":"Centre de sant\u00e9 communautaire Carlington","article_modified_time":"2024-07-30T18:07:35+00:00","og_image":[{"width":1600,"height":900,"url":"https:\/\/carlingtonchc.com\/wp-content\/uploads\/About__Our-History__EN-FR.jpg","type":"image\/jpeg"}],"twitter_card":"summary_large_image","twitter_misc":{"Dur\u00e9e de lecture estim\u00e9e":"3 minutes"},"schema":{"@context":"https:\/\/schema.org","@graph":[{"@type":"WebPage","@id":"https:\/\/carlingtonchc.com\/fr\/a-propos\/notre-histoire\/","url":"https:\/\/carlingtonchc.com\/fr\/a-propos\/notre-histoire\/","name":"Notre histoire - Centre de sant\u00e9 communautaire Carlington","isPartOf":{"@id":"https:\/\/carlingtonchc.com\/#website"},"primaryImageOfPage":{"@id":"https:\/\/carlingtonchc.com\/fr\/a-propos\/notre-histoire\/#primaryimage"},"image":{"@id":"https:\/\/carlingtonchc.com\/fr\/a-propos\/notre-histoire\/#primaryimage"},"thumbnailUrl":"https:\/\/carlingtonchc.com\/wp-content\/uploads\/About__Our-History__EN-FR.jpg","datePublished":"2020-10-15T14:32:28+00:00","dateModified":"2024-07-30T18:07:35+00:00","breadcrumb":{"@id":"https:\/\/carlingtonchc.com\/fr\/a-propos\/notre-histoire\/#breadcrumb"},"inLanguage":"fr-FR","potentialAction":[{"@type":"ReadAction","target":["https:\/\/carlingtonchc.com\/fr\/a-propos\/notre-histoire\/"]}]},{"@type":"ImageObject","inLanguage":"fr-FR","@id":"https:\/\/carlingtonchc.com\/fr\/a-propos\/notre-histoire\/#primaryimage","url":"https:\/\/carlingtonchc.com\/wp-content\/uploads\/About__Our-History__EN-FR.jpg","contentUrl":"https:\/\/carlingtonchc.com\/wp-content\/uploads\/About__Our-History__EN-FR.jpg","width":1600,"height":900,"caption":"Pages d'un livre"},{"@type":"BreadcrumbList","@id":"https:\/\/carlingtonchc.com\/fr\/a-propos\/notre-histoire\/#breadcrumb","itemListElement":[{"@type":"ListItem","position":1,"name":"Home","item":"https:\/\/carlingtonchc.com\/fr\/"},{"@type":"ListItem","position":2,"name":"\u00c0 propos","item":"https:\/\/carlingtonchc.com\/fr\/a-propos\/"},{"@type":"ListItem","position":3,"name":"Notre histoire"}]},{"@type":"WebSite","@id":"https:\/\/carlingtonchc.com\/#website","url":"https:\/\/carlingtonchc.com\/","name":"Centre de sant\u00e9 communautaire Carlington","description":"900 Merivale Road, Ottawa ON Canada","potentialAction":[{"@type":"SearchAction","target":{"@type":"EntryPoint","urlTemplate":"https:\/\/carlingtonchc.com\/?s={search_term_string}"},"query-input":{"@type":"PropertyValueSpecification","valueRequired":true,"valueName":"search_term_string"}}],"inLanguage":"fr-FR"}]}},"_links":{"self":[{"href":"https:\/\/carlingtonchc.com\/fr\/wp-json\/wp\/v2\/pages\/300","targetHints":{"allow":["GET"]}}],"collection":[{"href":"https:\/\/carlingtonchc.com\/fr\/wp-json\/wp\/v2\/pages"}],"about":[{"href":"https:\/\/carlingtonchc.com\/fr\/wp-json\/wp\/v2\/types\/page"}],"author":[{"embeddable":true,"href":"https:\/\/carlingtonchc.com\/fr\/wp-json\/wp\/v2\/users\/1"}],"replies":[{"embeddable":true,"href":"https:\/\/carlingtonchc.com\/fr\/wp-json\/wp\/v2\/comments?post=300"}],"version-history":[{"count":0,"href":"https:\/\/carlingtonchc.com\/fr\/wp-json\/wp\/v2\/pages\/300\/revisions"}],"up":[{"embeddable":true,"href":"https:\/\/carlingtonchc.com\/fr\/wp-json\/wp\/v2\/pages\/296"}],"wp:featuredmedia":[{"embeddable":true,"href":"https:\/\/carlingtonchc.com\/fr\/wp-json\/wp\/v2\/media\/681"}],"wp:attachment":[{"href":"https:\/\/carlingtonchc.com\/fr\/wp-json\/wp\/v2\/media?parent=300"}],"curies":[{"name":"wp","href":"https:\/\/api.w.org\/{rel}","templated":true}]}}