{"id":304,"date":"2020-10-19T08:15:05","date_gmt":"2020-10-19T08:15:05","guid":{"rendered":"http:\/\/cchc.wp-staging.net\/a-propos\/model-of-health-and-wellbeing\/"},"modified":"2021-03-03T20:58:02","modified_gmt":"2021-03-03T20:58:02","slug":"modele-de-sante-et-de-bien-etre","status":"publish","type":"page","link":"https:\/\/carlingtonchc.com\/fr\/a-propos\/modele-de-sante-et-de-bien-etre\/","title":{"rendered":"Mod\u00e8le de sant\u00e9 et de bien-\u00eatre"},"content":{"rendered":"<p>L\u2019Alliance pour des communaut\u00e9s en sant\u00e9 a mis au point un <a href=\"\/wp-content\/uploads\/CCHC__MHWB-Board-Endorsement__2018__FR.pdf\" target=\"_blank\" rel=\"noopener\">Mod\u00e8le de sant\u00e9 et de bien-\u00eatre (PDF)<\/a> reposant sur des donn\u00e9es probantes afin d\u2019orienter la prestation des soins primaires. Ce mod\u00e8le d\u00e9finit la sant\u00e9 de la m\u00eame mani\u00e8re que l\u2019Organisation Mondiale de la Sant\u00e9 :<\/p>\n<blockquote><p>La sant\u00e9 est un \u00e9tat de complet bien-\u00eatre physique, mental et social, et ne consiste pas seulement en une absence de maladie ou d\u2019infirmit\u00e9.<\/p>\n<h6>l\u2019Organisation Mondiale de la Sant\u00e9<\/h6>\n<\/blockquote>\n<p>Comme l\u2019Organisation Mondiale de la Sant\u00e9, notre objectif est de parvenir \u00e0 une meilleure sant\u00e9 pour tous. Pour atteindre cet objectif, notre mod\u00e8le fait avancer le changement transformateur pour les personnes et les communaut\u00e9s qui se heurtent \u00e0 des obstacles \u00e0 l\u2019atteinte d\u2019une bonne sant\u00e9.<\/p>\n<p>Le <a href=\"\/wp-content\/uploads\/CCHC__Health-Equity-Charter__2020-11__FR.pdf\" target=\"_blank\" rel=\"noopener\">Charte pour l\u2019\u00e9quit\u00e9 en sant\u00e9 (PDF)<\/a> de L\u2019Alliance pour des communaut\u00e9s en sant\u00e9 est un engagement \u00e0 l\u2019action par l\u2019Alliance et les membres pour reconnaitre les obstacles \u00e0 une sant\u00e9 \u00e9quitable et s\u2019attaquer \u00e0 ces obstacles.<\/p>\n","protected":false},"excerpt":{"rendered":"<p>L\u2019Alliance pour des communaut\u00e9s en sant\u00e9 a mis au point un Mod\u00e8le de sant\u00e9 et de bien-\u00eatre (PDF) reposant sur des donn\u00e9es probantes afin d\u2019orienter la prestation des soins primaires. Ce&#8230;<\/p>\n","protected":false},"author":1,"featured_media":679,"parent":296,"menu_order":1,"comment_status":"closed","ping_status":"closed","template":"","meta":{"_acf_changed":false},"class_list":["post-304","page","type-page","status-publish","has-post-thumbnail","hentry"],"acf":[],"yoast_head":"<!-- This site is optimized with the Yoast SEO plugin v27.4 - https:\/\/yoast.com\/product\/yoast-seo-wordpress\/ -->\n<title>Mod\u00e8le de sant\u00e9 et de bien-\u00eatre - Centre de sant\u00e9 communautaire Carlington<\/title>\n<meta name=\"robots\" content=\"index, follow, max-snippet:-1, max-image-preview:large, max-video-preview:-1\" \/>\n<link rel=\"canonical\" href=\"https:\/\/carlingtonchc.com\/about\/model-of-health-and-wellbeing\/\" \/>\n<meta property=\"og:locale\" content=\"fr_FR\" \/>\n<meta property=\"og:type\" content=\"article\" \/>\n<meta property=\"og:title\" content=\"Mod\u00e8le de sant\u00e9 et de bien-\u00eatre - Centre de sant\u00e9 communautaire Carlington\" \/>\n<meta property=\"og:description\" content=\"L\u2019Alliance pour des communaut\u00e9s en sant\u00e9 a mis au point un Mod\u00e8le de sant\u00e9 et de bien-\u00eatre (PDF) reposant sur des donn\u00e9es probantes afin d\u2019orienter la prestation des soins primaires. Ce...\" \/>\n<meta property=\"og:url\" content=\"https:\/\/carlingtonchc.com\/about\/model-of-health-and-wellbeing\/\" \/>\n<meta property=\"og:site_name\" content=\"Centre de sant\u00e9 communautaire Carlington\" \/>\n<meta property=\"article:modified_time\" content=\"2021-03-03T20:58:02+00:00\" \/>\n<meta property=\"og:image\" content=\"https:\/\/carlingtonchc.com\/wp-content\/uploads\/About__Model-of-Health-and-Wellbeing__FR.jpg\" \/>\n\t<meta property=\"og:image:width\" content=\"1600\" \/>\n\t<meta property=\"og:image:height\" content=\"900\" \/>\n\t<meta property=\"og:image:type\" content=\"image\/jpeg\" \/>\n<meta name=\"twitter:card\" content=\"summary_large_image\" \/>\n<meta name=\"twitter:label1\" content=\"Dur\u00e9e de lecture estim\u00e9e\" \/>\n\t<meta name=\"twitter:data1\" content=\"1 minute\" \/>\n<script type=\"application\/ld+json\" class=\"yoast-schema-graph\">{\"@context\":\"https:\\\/\\\/schema.org\",\"@graph\":[{\"@type\":\"WebPage\",\"@id\":\"https:\\\/\\\/carlingtonchc.com\\\/about\\\/model-of-health-and-wellbeing\\\/\",\"url\":\"https:\\\/\\\/carlingtonchc.com\\\/about\\\/model-of-health-and-wellbeing\\\/\",\"name\":\"Mod\u00e8le de sant\u00e9 et de bien-\u00eatre - Centre de sant\u00e9 communautaire Carlington\",\"isPartOf\":{\"@id\":\"https:\\\/\\\/carlingtonchc.com\\\/#website\"},\"primaryImageOfPage\":{\"@id\":\"https:\\\/\\\/carlingtonchc.com\\\/about\\\/model-of-health-and-wellbeing\\\/#primaryimage\"},\"image\":{\"@id\":\"https:\\\/\\\/carlingtonchc.com\\\/about\\\/model-of-health-and-wellbeing\\\/#primaryimage\"},\"thumbnailUrl\":\"https:\\\/\\\/carlingtonchc.com\\\/wp-content\\\/uploads\\\/About__Model-of-Health-and-Wellbeing__FR.jpg\",\"datePublished\":\"2020-10-19T08:15:05+00:00\",\"dateModified\":\"2021-03-03T20:58:02+00:00\",\"breadcrumb\":{\"@id\":\"https:\\\/\\\/carlingtonchc.com\\\/about\\\/model-of-health-and-wellbeing\\\/#breadcrumb\"},\"inLanguage\":\"fr-FR\",\"potentialAction\":[{\"@type\":\"ReadAction\",\"target\":[\"https:\\\/\\\/carlingtonchc.com\\\/about\\\/model-of-health-and-wellbeing\\\/\"]}]},{\"@type\":\"ImageObject\",\"inLanguage\":\"fr-FR\",\"@id\":\"https:\\\/\\\/carlingtonchc.com\\\/about\\\/model-of-health-and-wellbeing\\\/#primaryimage\",\"url\":\"https:\\\/\\\/carlingtonchc.com\\\/wp-content\\\/uploads\\\/About__Model-of-Health-and-Wellbeing__FR.jpg\",\"contentUrl\":\"https:\\\/\\\/carlingtonchc.com\\\/wp-content\\\/uploads\\\/About__Model-of-Health-and-Wellbeing__FR.jpg\",\"width\":1600,\"height\":900,\"caption\":\"Roue graphique montrant les composantes du mod\u00e8le de la sant\u00e9 et le bien-\u00eatre\"},{\"@type\":\"BreadcrumbList\",\"@id\":\"https:\\\/\\\/carlingtonchc.com\\\/about\\\/model-of-health-and-wellbeing\\\/#breadcrumb\",\"itemListElement\":[{\"@type\":\"ListItem\",\"position\":1,\"name\":\"Home\",\"item\":\"https:\\\/\\\/carlingtonchc.com\\\/fr\\\/\"},{\"@type\":\"ListItem\",\"position\":2,\"name\":\"\u00c0 propos\",\"item\":\"https:\\\/\\\/carlingtonchc.com\\\/fr\\\/a-propos\\\/\"},{\"@type\":\"ListItem\",\"position\":3,\"name\":\"Mod\u00e8le de sant\u00e9 et de bien-\u00eatre\"}]},{\"@type\":\"WebSite\",\"@id\":\"https:\\\/\\\/carlingtonchc.com\\\/#website\",\"url\":\"https:\\\/\\\/carlingtonchc.com\\\/\",\"name\":\"Centre de sant\u00e9 communautaire Carlington\",\"description\":\"900 Merivale Road, Ottawa ON Canada\",\"potentialAction\":[{\"@type\":\"SearchAction\",\"target\":{\"@type\":\"EntryPoint\",\"urlTemplate\":\"https:\\\/\\\/carlingtonchc.com\\\/?s={search_term_string}\"},\"query-input\":{\"@type\":\"PropertyValueSpecification\",\"valueRequired\":true,\"valueName\":\"search_term_string\"}}],\"inLanguage\":\"fr-FR\"}]}<\/script>\n<!-- \/ Yoast SEO plugin. -->","yoast_head_json":{"title":"Mod\u00e8le de sant\u00e9 et de bien-\u00eatre - Centre de sant\u00e9 communautaire Carlington","robots":{"index":"index","follow":"follow","max-snippet":"max-snippet:-1","max-image-preview":"max-image-preview:large","max-video-preview":"max-video-preview:-1"},"canonical":"https:\/\/carlingtonchc.com\/about\/model-of-health-and-wellbeing\/","og_locale":"fr_FR","og_type":"article","og_title":"Mod\u00e8le de sant\u00e9 et de bien-\u00eatre - Centre de sant\u00e9 communautaire Carlington","og_description":"L\u2019Alliance pour des communaut\u00e9s en sant\u00e9 a mis au point un Mod\u00e8le de sant\u00e9 et de bien-\u00eatre (PDF) reposant sur des donn\u00e9es probantes afin d\u2019orienter la prestation des soins primaires. Ce...","og_url":"https:\/\/carlingtonchc.com\/about\/model-of-health-and-wellbeing\/","og_site_name":"Centre de sant\u00e9 communautaire Carlington","article_modified_time":"2021-03-03T20:58:02+00:00","og_image":[{"width":1600,"height":900,"url":"https:\/\/carlingtonchc.com\/wp-content\/uploads\/About__Model-of-Health-and-Wellbeing__FR.jpg","type":"image\/jpeg"}],"twitter_card":"summary_large_image","twitter_misc":{"Dur\u00e9e de lecture estim\u00e9e":"1 minute"},"schema":{"@context":"https:\/\/schema.org","@graph":[{"@type":"WebPage","@id":"https:\/\/carlingtonchc.com\/about\/model-of-health-and-wellbeing\/","url":"https:\/\/carlingtonchc.com\/about\/model-of-health-and-wellbeing\/","name":"Mod\u00e8le de sant\u00e9 et de bien-\u00eatre - Centre de sant\u00e9 communautaire Carlington","isPartOf":{"@id":"https:\/\/carlingtonchc.com\/#website"},"primaryImageOfPage":{"@id":"https:\/\/carlingtonchc.com\/about\/model-of-health-and-wellbeing\/#primaryimage"},"image":{"@id":"https:\/\/carlingtonchc.com\/about\/model-of-health-and-wellbeing\/#primaryimage"},"thumbnailUrl":"https:\/\/carlingtonchc.com\/wp-content\/uploads\/About__Model-of-Health-and-Wellbeing__FR.jpg","datePublished":"2020-10-19T08:15:05+00:00","dateModified":"2021-03-03T20:58:02+00:00","breadcrumb":{"@id":"https:\/\/carlingtonchc.com\/about\/model-of-health-and-wellbeing\/#breadcrumb"},"inLanguage":"fr-FR","potentialAction":[{"@type":"ReadAction","target":["https:\/\/carlingtonchc.com\/about\/model-of-health-and-wellbeing\/"]}]},{"@type":"ImageObject","inLanguage":"fr-FR","@id":"https:\/\/carlingtonchc.com\/about\/model-of-health-and-wellbeing\/#primaryimage","url":"https:\/\/carlingtonchc.com\/wp-content\/uploads\/About__Model-of-Health-and-Wellbeing__FR.jpg","contentUrl":"https:\/\/carlingtonchc.com\/wp-content\/uploads\/About__Model-of-Health-and-Wellbeing__FR.jpg","width":1600,"height":900,"caption":"Roue graphique montrant les composantes du mod\u00e8le de la sant\u00e9 et le bien-\u00eatre"},{"@type":"BreadcrumbList","@id":"https:\/\/carlingtonchc.com\/about\/model-of-health-and-wellbeing\/#breadcrumb","itemListElement":[{"@type":"ListItem","position":1,"name":"Home","item":"https:\/\/carlingtonchc.com\/fr\/"},{"@type":"ListItem","position":2,"name":"\u00c0 propos","item":"https:\/\/carlingtonchc.com\/fr\/a-propos\/"},{"@type":"ListItem","position":3,"name":"Mod\u00e8le de sant\u00e9 et de bien-\u00eatre"}]},{"@type":"WebSite","@id":"https:\/\/carlingtonchc.com\/#website","url":"https:\/\/carlingtonchc.com\/","name":"Centre de sant\u00e9 communautaire Carlington","description":"900 Merivale Road, Ottawa ON Canada","potentialAction":[{"@type":"SearchAction","target":{"@type":"EntryPoint","urlTemplate":"https:\/\/carlingtonchc.com\/?s={search_term_string}"},"query-input":{"@type":"PropertyValueSpecification","valueRequired":true,"valueName":"search_term_string"}}],"inLanguage":"fr-FR"}]}},"_links":{"self":[{"href":"https:\/\/carlingtonchc.com\/fr\/wp-json\/wp\/v2\/pages\/304","targetHints":{"allow":["GET"]}}],"collection":[{"href":"https:\/\/carlingtonchc.com\/fr\/wp-json\/wp\/v2\/pages"}],"about":[{"href":"https:\/\/carlingtonchc.com\/fr\/wp-json\/wp\/v2\/types\/page"}],"author":[{"embeddable":true,"href":"https:\/\/carlingtonchc.com\/fr\/wp-json\/wp\/v2\/users\/1"}],"replies":[{"embeddable":true,"href":"https:\/\/carlingtonchc.com\/fr\/wp-json\/wp\/v2\/comments?post=304"}],"version-history":[{"count":0,"href":"https:\/\/carlingtonchc.com\/fr\/wp-json\/wp\/v2\/pages\/304\/revisions"}],"up":[{"embeddable":true,"href":"https:\/\/carlingtonchc.com\/fr\/wp-json\/wp\/v2\/pages\/296"}],"wp:featuredmedia":[{"embeddable":true,"href":"https:\/\/carlingtonchc.com\/fr\/wp-json\/wp\/v2\/media\/679"}],"wp:attachment":[{"href":"https:\/\/carlingtonchc.com\/fr\/wp-json\/wp\/v2\/media?parent=304"}],"curies":[{"name":"wp","href":"https:\/\/api.w.org\/{rel}","templated":true}]}}