{"id":306,"date":"2020-10-19T08:15:52","date_gmt":"2020-10-19T08:15:52","guid":{"rendered":"http:\/\/cchc.wp-staging.net\/a-propos\/annual-reports\/"},"modified":"2025-06-25T13:32:08","modified_gmt":"2025-06-25T13:32:08","slug":"rapports-annuels","status":"publish","type":"page","link":"https:\/\/carlingtonchc.com\/fr\/a-propos\/rapports-annuels\/","title":{"rendered":"Rapports annuels"},"content":{"rendered":"<p>Vous pouvez afficher des copies imprimables des rapports annuels r\u00e9cents en cliquant sur l\u2019ann\u00e9e d\u00e9sir\u00e9e :<\/p>\n<ul>\n<li><a href=\"https:\/\/carlingtonchc.com\/wp-content\/uploads\/2024-2025-Rapport-Annuel-FR.pdf\">Rapport Annuel 2024-2025 (PDF)<\/a><\/li>\n<li><a href=\"https:\/\/carlingtonchc.com\/wp-content\/uploads\/Rapport-Annuel-2024-FR.pdf\">Rapport Annuel 2023-2024 (PDF)<\/a><\/li>\n<li><a href=\"https:\/\/carlingtonchc.com\/wp-content\/uploads\/Annual-Report-2022-2023-EN-FR.pdf\">Rapport Annuel 2022-2023 (PDF)<\/a><\/li>\n<li><a href=\"https:\/\/carlingtonchc.com\/wp-content\/uploads\/Rapport-Annuel-2021-2022-FR.pdf\" target=\"\" rel=\"noopener\">Rapport Annuel 2021-2022 (PDF)<\/a><\/li>\n<li><a href=\"\/wp-content\/uploads\/CCHC__Annual-Report-2020-2021__FR__PDF.pdf\" target=\"_blank\" rel=\"noopener\">Rapport annuel 2020-2021 (PDF)<\/a><\/li>\n<li><a href=\"\/wp-content\/uploads\/CCHC__Annual-Report-2019-2020__FR.pdf\" target=\"_blank\" rel=\"noopener\">Rapport annuel 2019-2020 (PDF)<\/a><\/li>\n<li><a href=\"https:\/\/cscottawachc.org\/index-fr.html\" target=\"_blank\" rel=\"noopener\">2020 Rapport annuel conjoint des CSC d\u2019Ottawa<\/a><\/li>\n<li><a href=\"\/wp-content\/uploads\/CCHC__Annual-Report-2018-2019__FR.pdf\" target=\"_blank\" rel=\"noopener\">Rapport annuel 2018-2019 (PDF)<\/a><\/li>\n<li><a href=\"\/wp-content\/uploads\/CCHC__Annual-Report-2017-2018__FR.pdf\" target=\"_blank\" rel=\"noopener\">Rapport annuel 2017-2018 (PDF)<\/a><\/li>\n<li><a href=\"\/wp-content\/uploads\/CCHC__Annual-Report-2016-2017__FR.pdf\" target=\"_blank\" rel=\"noopener\">Rapport annuel 2016-2017 (PDF)<\/a><\/li>\n<li><a href=\"\/wp-content\/uploads\/CCHC__Annual-Report-2015-2016__FR.pdf\" target=\"_blank\" rel=\"noopener\">Rapport annuel 2015-2016 (PDF)<\/a><\/li>\n<li><a href=\"\/wp-content\/uploads\/CCHC__Annual-Report-2014-2015__FR.pdf\" target=\"_blank\" rel=\"noopener\">Rapport annuel 2014-2015 (PDF)<\/a><\/li>\n<li><a href=\"\/wp-content\/uploads\/CCHC__Annual-Report-2013-2014__FR.pdf\" target=\"_blank\" rel=\"noopener\">Rapport annuel 2013-2014 (PDF)<\/a><\/li>\n<li><a href=\"\/wp-content\/uploads\/CCHC__Annual-Report-2012-2013__FR.pdf\" target=\"_blank\" rel=\"noopener\">Rapport annuel 2012-2013 (PDF)<\/a><\/li>\n<li><a href=\"\/wp-content\/uploads\/CCHC__Annual-Report-2011-2012__FR.pdf\" target=\"_blank\" rel=\"noopener\">Rapport annuel 2011-2012 (PDF)<\/a><\/li>\n<li><a href=\"\/wp-content\/uploads\/CCHC__Annual-Report-2010-2011__FR.pdf\" target=\"_blank\" rel=\"noopener\">Rapport annuel 2010-2011 (PDF)<\/a><\/li>\n<li><a href=\"\/wp-content\/uploads\/CCHC__Annual-Report-2009-2010__FR.pdf\" target=\"_blank\" rel=\"noopener\">Rapport annuel 2009-2010 (PDF)<\/a><\/li>\n<li><a href=\"\/wp-content\/uploads\/CCHC__Annual-Report-2008-2009__FR.pdf\" target=\"_blank\" rel=\"noopener\">Rapport annuel 2008-2009 (PDF)<\/a><\/li>\n<\/ul>\n","protected":false},"excerpt":{"rendered":"<p>Vous pouvez afficher des copies imprimables des rapports annuels r\u00e9cents en cliquant sur l\u2019ann\u00e9e d\u00e9sir\u00e9e : Rapport Annuel 2024-2025 (PDF) Rapport Annuel 2023-2024 (PDF) Rapport Annuel 2022-2023 (PDF) Rapport Annuel 2021-2022&#8230;<\/p>\n","protected":false},"author":1,"featured_media":663,"parent":296,"menu_order":6,"comment_status":"closed","ping_status":"closed","template":"","meta":{"_acf_changed":false},"class_list":["post-306","page","type-page","status-publish","has-post-thumbnail","hentry"],"acf":[],"yoast_head":"<!-- This site is optimized with the Yoast SEO plugin v27.4 - https:\/\/yoast.com\/product\/yoast-seo-wordpress\/ -->\n<title>Rapports annuels - Centre de sant\u00e9 communautaire Carlington<\/title>\n<meta name=\"robots\" content=\"index, follow, max-snippet:-1, max-image-preview:large, max-video-preview:-1\" \/>\n<link rel=\"canonical\" href=\"https:\/\/carlingtonchc.com\/fr\/a-propos\/rapports-annuels\/\" \/>\n<meta property=\"og:locale\" content=\"fr_FR\" \/>\n<meta property=\"og:type\" content=\"article\" \/>\n<meta property=\"og:title\" content=\"Rapports annuels - Centre de sant\u00e9 communautaire Carlington\" \/>\n<meta property=\"og:description\" content=\"Vous pouvez afficher des copies imprimables des rapports annuels r\u00e9cents en cliquant sur l\u2019ann\u00e9e d\u00e9sir\u00e9e : Rapport Annuel 2024-2025 (PDF) Rapport Annuel 2023-2024 (PDF) Rapport Annuel 2022-2023 (PDF) Rapport Annuel 2021-2022...\" \/>\n<meta property=\"og:url\" content=\"https:\/\/carlingtonchc.com\/fr\/a-propos\/rapports-annuels\/\" \/>\n<meta property=\"og:site_name\" content=\"Centre de sant\u00e9 communautaire Carlington\" \/>\n<meta property=\"article:modified_time\" content=\"2025-06-25T13:32:08+00:00\" \/>\n<meta property=\"og:image\" content=\"https:\/\/carlingtonchc.com\/wp-content\/uploads\/About__Annual-Reports__EN-FR.jpg\" \/>\n\t<meta property=\"og:image:width\" content=\"1600\" \/>\n\t<meta property=\"og:image:height\" content=\"900\" \/>\n\t<meta property=\"og:image:type\" content=\"image\/jpeg\" \/>\n<meta name=\"twitter:card\" content=\"summary_large_image\" \/>\n<script type=\"application\/ld+json\" class=\"yoast-schema-graph\">{\"@context\":\"https:\\\/\\\/schema.org\",\"@graph\":[{\"@type\":\"WebPage\",\"@id\":\"https:\\\/\\\/carlingtonchc.com\\\/fr\\\/a-propos\\\/rapports-annuels\\\/\",\"url\":\"https:\\\/\\\/carlingtonchc.com\\\/fr\\\/a-propos\\\/rapports-annuels\\\/\",\"name\":\"Rapports annuels - Centre de sant\u00e9 communautaire Carlington\",\"isPartOf\":{\"@id\":\"https:\\\/\\\/carlingtonchc.com\\\/#website\"},\"primaryImageOfPage\":{\"@id\":\"https:\\\/\\\/carlingtonchc.com\\\/fr\\\/a-propos\\\/rapports-annuels\\\/#primaryimage\"},\"image\":{\"@id\":\"https:\\\/\\\/carlingtonchc.com\\\/fr\\\/a-propos\\\/rapports-annuels\\\/#primaryimage\"},\"thumbnailUrl\":\"https:\\\/\\\/carlingtonchc.com\\\/wp-content\\\/uploads\\\/About__Annual-Reports__EN-FR.jpg\",\"datePublished\":\"2020-10-19T08:15:52+00:00\",\"dateModified\":\"2025-06-25T13:32:08+00:00\",\"breadcrumb\":{\"@id\":\"https:\\\/\\\/carlingtonchc.com\\\/fr\\\/a-propos\\\/rapports-annuels\\\/#breadcrumb\"},\"inLanguage\":\"fr-FR\",\"potentialAction\":[{\"@type\":\"ReadAction\",\"target\":[\"https:\\\/\\\/carlingtonchc.com\\\/fr\\\/a-propos\\\/rapports-annuels\\\/\"]}]},{\"@type\":\"ImageObject\",\"inLanguage\":\"fr-FR\",\"@id\":\"https:\\\/\\\/carlingtonchc.com\\\/fr\\\/a-propos\\\/rapports-annuels\\\/#primaryimage\",\"url\":\"https:\\\/\\\/carlingtonchc.com\\\/wp-content\\\/uploads\\\/About__Annual-Reports__EN-FR.jpg\",\"contentUrl\":\"https:\\\/\\\/carlingtonchc.com\\\/wp-content\\\/uploads\\\/About__Annual-Reports__EN-FR.jpg\",\"width\":1600,\"height\":900,\"caption\":\"Page de couverture d\u2019un rapport annuel avec photo du b\u00e2timent principal du Centre\"},{\"@type\":\"BreadcrumbList\",\"@id\":\"https:\\\/\\\/carlingtonchc.com\\\/fr\\\/a-propos\\\/rapports-annuels\\\/#breadcrumb\",\"itemListElement\":[{\"@type\":\"ListItem\",\"position\":1,\"name\":\"Home\",\"item\":\"https:\\\/\\\/carlingtonchc.com\\\/fr\\\/\"},{\"@type\":\"ListItem\",\"position\":2,\"name\":\"\u00c0 propos\",\"item\":\"https:\\\/\\\/carlingtonchc.com\\\/fr\\\/a-propos\\\/\"},{\"@type\":\"ListItem\",\"position\":3,\"name\":\"Rapports annuels\"}]},{\"@type\":\"WebSite\",\"@id\":\"https:\\\/\\\/carlingtonchc.com\\\/#website\",\"url\":\"https:\\\/\\\/carlingtonchc.com\\\/\",\"name\":\"Centre de sant\u00e9 communautaire Carlington\",\"description\":\"900 Merivale Road, Ottawa ON Canada\",\"potentialAction\":[{\"@type\":\"SearchAction\",\"target\":{\"@type\":\"EntryPoint\",\"urlTemplate\":\"https:\\\/\\\/carlingtonchc.com\\\/?s={search_term_string}\"},\"query-input\":{\"@type\":\"PropertyValueSpecification\",\"valueRequired\":true,\"valueName\":\"search_term_string\"}}],\"inLanguage\":\"fr-FR\"}]}<\/script>\n<!-- \/ Yoast SEO plugin. -->","yoast_head_json":{"title":"Rapports annuels - Centre de sant\u00e9 communautaire Carlington","robots":{"index":"index","follow":"follow","max-snippet":"max-snippet:-1","max-image-preview":"max-image-preview:large","max-video-preview":"max-video-preview:-1"},"canonical":"https:\/\/carlingtonchc.com\/fr\/a-propos\/rapports-annuels\/","og_locale":"fr_FR","og_type":"article","og_title":"Rapports annuels - Centre de sant\u00e9 communautaire Carlington","og_description":"Vous pouvez afficher des copies imprimables des rapports annuels r\u00e9cents en cliquant sur l\u2019ann\u00e9e d\u00e9sir\u00e9e : Rapport Annuel 2024-2025 (PDF) Rapport Annuel 2023-2024 (PDF) Rapport Annuel 2022-2023 (PDF) Rapport Annuel 2021-2022...","og_url":"https:\/\/carlingtonchc.com\/fr\/a-propos\/rapports-annuels\/","og_site_name":"Centre de sant\u00e9 communautaire Carlington","article_modified_time":"2025-06-25T13:32:08+00:00","og_image":[{"width":1600,"height":900,"url":"https:\/\/carlingtonchc.com\/wp-content\/uploads\/About__Annual-Reports__EN-FR.jpg","type":"image\/jpeg"}],"twitter_card":"summary_large_image","schema":{"@context":"https:\/\/schema.org","@graph":[{"@type":"WebPage","@id":"https:\/\/carlingtonchc.com\/fr\/a-propos\/rapports-annuels\/","url":"https:\/\/carlingtonchc.com\/fr\/a-propos\/rapports-annuels\/","name":"Rapports annuels - Centre de sant\u00e9 communautaire Carlington","isPartOf":{"@id":"https:\/\/carlingtonchc.com\/#website"},"primaryImageOfPage":{"@id":"https:\/\/carlingtonchc.com\/fr\/a-propos\/rapports-annuels\/#primaryimage"},"image":{"@id":"https:\/\/carlingtonchc.com\/fr\/a-propos\/rapports-annuels\/#primaryimage"},"thumbnailUrl":"https:\/\/carlingtonchc.com\/wp-content\/uploads\/About__Annual-Reports__EN-FR.jpg","datePublished":"2020-10-19T08:15:52+00:00","dateModified":"2025-06-25T13:32:08+00:00","breadcrumb":{"@id":"https:\/\/carlingtonchc.com\/fr\/a-propos\/rapports-annuels\/#breadcrumb"},"inLanguage":"fr-FR","potentialAction":[{"@type":"ReadAction","target":["https:\/\/carlingtonchc.com\/fr\/a-propos\/rapports-annuels\/"]}]},{"@type":"ImageObject","inLanguage":"fr-FR","@id":"https:\/\/carlingtonchc.com\/fr\/a-propos\/rapports-annuels\/#primaryimage","url":"https:\/\/carlingtonchc.com\/wp-content\/uploads\/About__Annual-Reports__EN-FR.jpg","contentUrl":"https:\/\/carlingtonchc.com\/wp-content\/uploads\/About__Annual-Reports__EN-FR.jpg","width":1600,"height":900,"caption":"Page de couverture d\u2019un rapport annuel avec photo du b\u00e2timent principal du Centre"},{"@type":"BreadcrumbList","@id":"https:\/\/carlingtonchc.com\/fr\/a-propos\/rapports-annuels\/#breadcrumb","itemListElement":[{"@type":"ListItem","position":1,"name":"Home","item":"https:\/\/carlingtonchc.com\/fr\/"},{"@type":"ListItem","position":2,"name":"\u00c0 propos","item":"https:\/\/carlingtonchc.com\/fr\/a-propos\/"},{"@type":"ListItem","position":3,"name":"Rapports annuels"}]},{"@type":"WebSite","@id":"https:\/\/carlingtonchc.com\/#website","url":"https:\/\/carlingtonchc.com\/","name":"Centre de sant\u00e9 communautaire Carlington","description":"900 Merivale Road, Ottawa ON Canada","potentialAction":[{"@type":"SearchAction","target":{"@type":"EntryPoint","urlTemplate":"https:\/\/carlingtonchc.com\/?s={search_term_string}"},"query-input":{"@type":"PropertyValueSpecification","valueRequired":true,"valueName":"search_term_string"}}],"inLanguage":"fr-FR"}]}},"_links":{"self":[{"href":"https:\/\/carlingtonchc.com\/fr\/wp-json\/wp\/v2\/pages\/306","targetHints":{"allow":["GET"]}}],"collection":[{"href":"https:\/\/carlingtonchc.com\/fr\/wp-json\/wp\/v2\/pages"}],"about":[{"href":"https:\/\/carlingtonchc.com\/fr\/wp-json\/wp\/v2\/types\/page"}],"author":[{"embeddable":true,"href":"https:\/\/carlingtonchc.com\/fr\/wp-json\/wp\/v2\/users\/1"}],"replies":[{"embeddable":true,"href":"https:\/\/carlingtonchc.com\/fr\/wp-json\/wp\/v2\/comments?post=306"}],"version-history":[{"count":0,"href":"https:\/\/carlingtonchc.com\/fr\/wp-json\/wp\/v2\/pages\/306\/revisions"}],"up":[{"embeddable":true,"href":"https:\/\/carlingtonchc.com\/fr\/wp-json\/wp\/v2\/pages\/296"}],"wp:featuredmedia":[{"embeddable":true,"href":"https:\/\/carlingtonchc.com\/fr\/wp-json\/wp\/v2\/media\/663"}],"wp:attachment":[{"href":"https:\/\/carlingtonchc.com\/fr\/wp-json\/wp\/v2\/media?parent=306"}],"curies":[{"name":"wp","href":"https:\/\/api.w.org\/{rel}","templated":true}]}}