{"id":312,"date":"2020-09-28T11:59:35","date_gmt":"2020-09-28T11:59:35","guid":{"rendered":"http:\/\/cchc.wp-staging.net\/accessibility\/"},"modified":"2021-06-08T19:38:09","modified_gmt":"2021-06-08T19:38:09","slug":"accessibilite","status":"publish","type":"page","link":"https:\/\/carlingtonchc.com\/fr\/petits-caracteres\/accessibilite\/","title":{"rendered":"Accessibilit\u00e9"},"content":{"rendered":"<h1>D\u00e9claration d\u2019engagement<\/h1>\n<p>Le Centre de sant\u00e9 communautaire Carlington (CSCC) s\u2019engage \u00e0 traiter toutesles personnes d\u2019une mani\u00e8re qui leur permet de pr\u00e9server leur dignit\u00e9 et leur ind\u00e9pendance. Nous croyons \u00e0 l\u2019int\u00e9gration et \u00e0 l\u2019\u00e9galit\u00e9 des chances.Nous nous engageons \u00e0 r\u00e9pondre aux besoins des personnes handicap\u00e9es promptement,et nous le ferons en anticipant et en \u00e9liminant les obstacles \u00e0 l\u2019accessibilit\u00e9 et en r\u00e9pondant aux exigences en mati\u00e8re d\u2019accessibilit\u00e9 de la Loi sur l\u2019accessibilit\u00e9 pour les personnes handicap\u00e9es de l\u2019Ontario (LAPHO).<\/p>\n<p>Le CSCC invite et encourage les personnes handicap\u00e9es \u00e0 utiliser ses programmes et ses services. Le CSCC fournira un acc\u00e8s \u00e0 ses programmes et \u00e0 ses services aux personnes handicap\u00e9es en respectant leur droit \u00e0 la dignit\u00e9, \u00e0 l\u2019ind\u00e9pendance et \u00e0 l\u2019int\u00e9gration.<\/p>\n<p>Cet engagement s\u2019inscrit dans le droit fil de la mission du CSCC qui est de fournir des services dans un environnement chaleureux et s\u00e9curisant,et il respecte les valeurs de base du CSCC qui sont l\u2019\u00e9quit\u00e9, l\u2019accessibilit\u00e9, le respect de la diversit\u00e9 et l\u2019impartialit\u00e9 dans le traitement de toutes les personnes.<\/p>\n<p>Le CSCC \u00e9tablira des politiques, des pratiques et des proc\u00e9dures qui soutiennent les normes d\u2019accessibilit\u00e9 \u00e9tablies par la LAPHOpour le service \u00e0 la client\u00e8le, l\u2019information et la communication, l\u2019emploi et l\u2019environnement b\u00e2ti.<\/p>\n<p>Si vous avez besoin de soutien de communication ou des mat\u00e9riaux dans un format accessible, veuillez nous contactez au 613-722-4000.<\/p>\n<p><a href=\"\/wp-content\/uploads\/CCHC__Accessibility-Policy-2016__FR.pdf\" target=\"_blank\" rel=\"noopener noreferrer\">Politique d\u2019accessibilit\u00e9<\/a> (PDF)<\/p>\n<p><a href=\"\/wp-content\/uploads\/CCHC__Multi-Year-Accessibility-Plan-2017__FR.pdf\" target=\"_blank\" rel=\"noopener noreferrer\">Plan pluriannuel d\u2019accessibilit\u00e9<\/a> (PDF)<\/p>\n<p><a href=\"\/wp-content\/uploads\/CCHC__Accessibility-Compliance-Report-ACR-59263-2020__EN__PDF.pdf\" target=\"_blank\" rel=\"noopener\">Accessibility Compliance Report<\/a> (PDF) seulement disponible en anglais<\/p>\n<p>Parlez-nous de votre exp\u00e9rience \u2013 nous voulons nous am\u00e9liorer!<\/p>\n<p>Le CSCC vous invite \u00e0 lui soumettre vos commentaires sur ses pratiques en mati\u00e8re d\u2019accessibilit\u00e9. Vous pouvez d\u00e9poser une plainte en communiquant avec le gestionnaire, Ressources humaines, avec le directeur g\u00e9n\u00e9ral, ou avec un membre du personnel du Centre. Si vous d\u00e9sirez soumettre une plainte de fa\u00e7on anonyme, vous pouvez utiliser nos bo\u00eetes de suggestions situ\u00e9es \u00e0 divers endroits du Centre, ou le faire par t\u00e9l\u00e9phone, par t\u00e9l\u00e9copieur par courriel ou par la poste. Les coordonn\u00e9es du Centre sont ci-dessous.<\/p>\n","protected":false},"excerpt":{"rendered":"<p>D\u00e9claration d\u2019engagement Le Centre de sant\u00e9 communautaire Carlington (CSCC) s\u2019engage \u00e0 traiter toutesles personnes d\u2019une mani\u00e8re qui leur permet de pr\u00e9server leur dignit\u00e9 et leur ind\u00e9pendance. Nous croyons \u00e0 l\u2019int\u00e9gration et&#8230;<\/p>\n","protected":false},"author":1,"featured_media":0,"parent":447,"menu_order":1,"comment_status":"closed","ping_status":"closed","template":"","meta":{"_acf_changed":false},"class_list":["post-312","page","type-page","status-publish","hentry"],"acf":[],"yoast_head":"<!-- This site is optimized with the Yoast SEO plugin v27.5 - https:\/\/yoast.com\/product\/yoast-seo-wordpress\/ -->\n<title>Accessibilit\u00e9 - Centre de sant\u00e9 communautaire Carlington<\/title>\n<meta name=\"robots\" content=\"index, follow, max-snippet:-1, max-image-preview:large, max-video-preview:-1\" \/>\n<link rel=\"canonical\" href=\"https:\/\/carlingtonchc.com\/fine-print\/accessibility\/\" \/>\n<meta property=\"og:locale\" content=\"fr_FR\" \/>\n<meta property=\"og:type\" content=\"article\" \/>\n<meta property=\"og:title\" content=\"Accessibilit\u00e9 - Centre de sant\u00e9 communautaire Carlington\" \/>\n<meta property=\"og:description\" content=\"D\u00e9claration d\u2019engagement Le Centre de sant\u00e9 communautaire Carlington (CSCC) s\u2019engage \u00e0 traiter toutesles personnes d\u2019une mani\u00e8re qui leur permet de pr\u00e9server leur dignit\u00e9 et leur ind\u00e9pendance. Nous croyons \u00e0 l\u2019int\u00e9gration et...\" \/>\n<meta property=\"og:url\" content=\"https:\/\/carlingtonchc.com\/fine-print\/accessibility\/\" \/>\n<meta property=\"og:site_name\" content=\"Centre de sant\u00e9 communautaire Carlington\" \/>\n<meta property=\"article:modified_time\" content=\"2021-06-08T19:38:09+00:00\" \/>\n<meta name=\"twitter:card\" content=\"summary_large_image\" \/>\n<meta name=\"twitter:label1\" content=\"Dur\u00e9e de lecture estim\u00e9e\" \/>\n\t<meta name=\"twitter:data1\" content=\"2 minutes\" \/>\n<script type=\"application\/ld+json\" class=\"yoast-schema-graph\">{\"@context\":\"https:\\\/\\\/schema.org\",\"@graph\":[{\"@type\":\"WebPage\",\"@id\":\"https:\\\/\\\/carlingtonchc.com\\\/fine-print\\\/accessibility\\\/\",\"url\":\"https:\\\/\\\/carlingtonchc.com\\\/fine-print\\\/accessibility\\\/\",\"name\":\"Accessibilit\u00e9 - Centre de sant\u00e9 communautaire Carlington\",\"isPartOf\":{\"@id\":\"https:\\\/\\\/carlingtonchc.com\\\/#website\"},\"datePublished\":\"2020-09-28T11:59:35+00:00\",\"dateModified\":\"2021-06-08T19:38:09+00:00\",\"breadcrumb\":{\"@id\":\"https:\\\/\\\/carlingtonchc.com\\\/fine-print\\\/accessibility\\\/#breadcrumb\"},\"inLanguage\":\"fr-FR\",\"potentialAction\":[{\"@type\":\"ReadAction\",\"target\":[\"https:\\\/\\\/carlingtonchc.com\\\/fine-print\\\/accessibility\\\/\"]}]},{\"@type\":\"BreadcrumbList\",\"@id\":\"https:\\\/\\\/carlingtonchc.com\\\/fine-print\\\/accessibility\\\/#breadcrumb\",\"itemListElement\":[{\"@type\":\"ListItem\",\"position\":1,\"name\":\"Home\",\"item\":\"https:\\\/\\\/carlingtonchc.com\\\/fr\\\/\"},{\"@type\":\"ListItem\",\"position\":2,\"name\":\"Petits caract\u00e8res\",\"item\":\"https:\\\/\\\/carlingtonchc.com\\\/fine-print\\\/\"},{\"@type\":\"ListItem\",\"position\":3,\"name\":\"Accessibilit\u00e9\"}]},{\"@type\":\"WebSite\",\"@id\":\"https:\\\/\\\/carlingtonchc.com\\\/#website\",\"url\":\"https:\\\/\\\/carlingtonchc.com\\\/\",\"name\":\"Centre de sant\u00e9 communautaire Carlington\",\"description\":\"900 Merivale Road, Ottawa ON Canada\",\"potentialAction\":[{\"@type\":\"SearchAction\",\"target\":{\"@type\":\"EntryPoint\",\"urlTemplate\":\"https:\\\/\\\/carlingtonchc.com\\\/?s={search_term_string}\"},\"query-input\":{\"@type\":\"PropertyValueSpecification\",\"valueRequired\":true,\"valueName\":\"search_term_string\"}}],\"inLanguage\":\"fr-FR\"}]}<\/script>\n<!-- \/ Yoast SEO plugin. -->","yoast_head_json":{"title":"Accessibilit\u00e9 - Centre de sant\u00e9 communautaire Carlington","robots":{"index":"index","follow":"follow","max-snippet":"max-snippet:-1","max-image-preview":"max-image-preview:large","max-video-preview":"max-video-preview:-1"},"canonical":"https:\/\/carlingtonchc.com\/fine-print\/accessibility\/","og_locale":"fr_FR","og_type":"article","og_title":"Accessibilit\u00e9 - Centre de sant\u00e9 communautaire Carlington","og_description":"D\u00e9claration d\u2019engagement Le Centre de sant\u00e9 communautaire Carlington (CSCC) s\u2019engage \u00e0 traiter toutesles personnes d\u2019une mani\u00e8re qui leur permet de pr\u00e9server leur dignit\u00e9 et leur ind\u00e9pendance. Nous croyons \u00e0 l\u2019int\u00e9gration et...","og_url":"https:\/\/carlingtonchc.com\/fine-print\/accessibility\/","og_site_name":"Centre de sant\u00e9 communautaire Carlington","article_modified_time":"2021-06-08T19:38:09+00:00","twitter_card":"summary_large_image","twitter_misc":{"Dur\u00e9e de lecture estim\u00e9e":"2 minutes"},"schema":{"@context":"https:\/\/schema.org","@graph":[{"@type":"WebPage","@id":"https:\/\/carlingtonchc.com\/fine-print\/accessibility\/","url":"https:\/\/carlingtonchc.com\/fine-print\/accessibility\/","name":"Accessibilit\u00e9 - Centre de sant\u00e9 communautaire Carlington","isPartOf":{"@id":"https:\/\/carlingtonchc.com\/#website"},"datePublished":"2020-09-28T11:59:35+00:00","dateModified":"2021-06-08T19:38:09+00:00","breadcrumb":{"@id":"https:\/\/carlingtonchc.com\/fine-print\/accessibility\/#breadcrumb"},"inLanguage":"fr-FR","potentialAction":[{"@type":"ReadAction","target":["https:\/\/carlingtonchc.com\/fine-print\/accessibility\/"]}]},{"@type":"BreadcrumbList","@id":"https:\/\/carlingtonchc.com\/fine-print\/accessibility\/#breadcrumb","itemListElement":[{"@type":"ListItem","position":1,"name":"Home","item":"https:\/\/carlingtonchc.com\/fr\/"},{"@type":"ListItem","position":2,"name":"Petits caract\u00e8res","item":"https:\/\/carlingtonchc.com\/fine-print\/"},{"@type":"ListItem","position":3,"name":"Accessibilit\u00e9"}]},{"@type":"WebSite","@id":"https:\/\/carlingtonchc.com\/#website","url":"https:\/\/carlingtonchc.com\/","name":"Centre de sant\u00e9 communautaire Carlington","description":"900 Merivale Road, Ottawa ON Canada","potentialAction":[{"@type":"SearchAction","target":{"@type":"EntryPoint","urlTemplate":"https:\/\/carlingtonchc.com\/?s={search_term_string}"},"query-input":{"@type":"PropertyValueSpecification","valueRequired":true,"valueName":"search_term_string"}}],"inLanguage":"fr-FR"}]}},"_links":{"self":[{"href":"https:\/\/carlingtonchc.com\/fr\/wp-json\/wp\/v2\/pages\/312","targetHints":{"allow":["GET"]}}],"collection":[{"href":"https:\/\/carlingtonchc.com\/fr\/wp-json\/wp\/v2\/pages"}],"about":[{"href":"https:\/\/carlingtonchc.com\/fr\/wp-json\/wp\/v2\/types\/page"}],"author":[{"embeddable":true,"href":"https:\/\/carlingtonchc.com\/fr\/wp-json\/wp\/v2\/users\/1"}],"replies":[{"embeddable":true,"href":"https:\/\/carlingtonchc.com\/fr\/wp-json\/wp\/v2\/comments?post=312"}],"version-history":[{"count":0,"href":"https:\/\/carlingtonchc.com\/fr\/wp-json\/wp\/v2\/pages\/312\/revisions"}],"up":[{"embeddable":true,"href":"https:\/\/carlingtonchc.com\/fr\/wp-json\/wp\/v2\/pages\/447"}],"wp:attachment":[{"href":"https:\/\/carlingtonchc.com\/fr\/wp-json\/wp\/v2\/media?parent=312"}],"curies":[{"name":"wp","href":"https:\/\/api.w.org\/{rel}","templated":true}]}}