{"id":324,"date":"2020-10-19T08:25:11","date_gmt":"2020-10-19T08:25:11","guid":{"rendered":"http:\/\/cchc.wp-staging.net\/opportunites\/recruitment-process\/"},"modified":"2020-12-20T18:57:23","modified_gmt":"2020-12-20T18:57:23","slug":"equite-en-matiere-demploi","status":"publish","type":"page","link":"https:\/\/carlingtonchc.com\/fr\/opportunites\/equite-en-matiere-demploi\/","title":{"rendered":"\u00c9quit\u00e9 en mati\u00e8re d&#8217;emploi"},"content":{"rendered":"<h1>\u00c9quit\u00e9 en mati\u00e8re d&#8217;emploi au Centre de sant\u00e9 communautaire Carlington<\/h1>\n<p>Chez Carlington, nous nous engageons \u00e0 embaucher des personnes qui partagent nos valeurs et notre mission. Lorsque des opportunit\u00e9s se pr\u00e9sentent pour compl\u00e9ter notre \u00e9quipe, nous sommes d\u00e9termin\u00e9s \u00e0 attirer et \u00e0 s\u00e9curiser les personnes qui apportent la meilleure exp\u00e9rience et les meilleures qualifications au poste, en veillant particuli\u00e8rement \u00e0 ce que notre \u00e9quipe refl\u00e8te notre communaut\u00e9. Pour atteindre cet objectif, nous suivons un processus de recrutement \u00e9quitable, transparent, coh\u00e9rent et sans obstacle.<\/p>\n<h2>Notre philosophie<\/h2>\n<p>Chez Carlington, nos convictions fondamentales incluent une forte croyance en l&#8217;\u00e9galit\u00e9 des chances dans les pratiques d&#8217;emploi, sans discrimination, comme indiqu\u00e9 dans la Charte canadienne des droits et libert\u00e9s et le Code des droits de la personne de l&#8217;Ontario. L&#8217;opportunit\u00e9 ne sera pas refus\u00e9e pour des raisons de race, de croyances religieuses, de couleur, de sexe, d&#8217;orientation sexuelle, de capacit\u00e9 physique, de capacit\u00e9 mentale, d&#8217;ascendance, de lieu d&#8217;origine, d&#8217;\u00e2ge, d&#8217;\u00e9tat matrimonial, de source de revenu ou de situation familiale. Nous encourageons les candidatures de membres de groupes en qu\u00eate d&#8217;\u00e9quit\u00e9.<\/p>\n<h2>Notre engagement envers la diversit\u00e9 et l&#8217;\u00e9quit\u00e9 en mati\u00e8re d&#8217;emploi<\/h2>\n<p>Chez Carlington, nous nous engageons \u00e0 garantir que nos politiques, pratiques et syst\u00e8mes internes en mati\u00e8re de ressources humaines sont exempts d&#8217;obstacles, soulignent la valeur de la diversit\u00e9 et favorisent la pleine participation, afin de garantir la dignit\u00e9, le respect et l&#8217;\u00e9galit\u00e9 d&#8217;acc\u00e8s pour tous les candidats et le personnel.<\/p>\n<p>Carlington est fi\u00e8re de reconna\u00eetre que l&#8217;\u00e9quit\u00e9 en mati\u00e8re d&#8217;emploi respecte la valeur et la dignit\u00e9 de chaque individu et garantit \u00e0 chacun un acc\u00e8s authentique, ouvert et sans entrave aux possibilit\u00e9s d&#8217;emploi dans notre centre; libre de tout obstacle, syst\u00e9mique ou autre.<\/p>\n<p>Conform\u00e9ment \u00e0 notre engagement, Carlington a \u00e9tabli la d\u00e9claration suivante sur l&#8217;\u00e9quit\u00e9 en mati\u00e8re d&#8217;emploi :<\/p>\n<blockquote><p>Carlington est fi\u00e8re d&#8217;\u00eatre un employeur offrant l&#8217;\u00e9galit\u00e9 des chances. Tous les candidats qualifi\u00e9s recevront une consid\u00e9ration pour l&#8217;emploi, sans \u00e9gard \u00e0 la race, aux croyances religieuses, \u00e0 la couleur, au sexe, \u00e0 l&#8217;orientation sexuelle, aux capacit\u00e9s physiques, aux capacit\u00e9s mentales, \u00e0 l&#8217;ascendance, au lieu d&#8217;origine, \u00e0 l&#8217;\u00e2ge, \u00e0 l&#8217;\u00e9tat matrimonial et \u00e0 la source de revenu ou \u00e0 la situation familiale. Nous encourageons les candidatures de membres de groupes en qu\u00eate d&#8217;\u00e9quit\u00e9.<\/p>\n<h6>CSCC<\/h6>\n<\/blockquote>\n","protected":false},"excerpt":{"rendered":"<p>\u00c9quit\u00e9 en mati\u00e8re d&#8217;emploi au Centre de sant\u00e9 communautaire Carlington Chez Carlington, nous nous engageons \u00e0 embaucher des personnes qui partagent nos valeurs et notre mission. Lorsque des opportunit\u00e9s se pr\u00e9sentent&#8230;<\/p>\n","protected":false},"author":1,"featured_media":699,"parent":322,"menu_order":0,"comment_status":"closed","ping_status":"closed","template":"","meta":{"_acf_changed":false},"class_list":["post-324","page","type-page","status-publish","has-post-thumbnail","hentry"],"acf":[],"yoast_head":"<!-- This site is optimized with the Yoast SEO plugin v27.4 - https:\/\/yoast.com\/product\/yoast-seo-wordpress\/ -->\n<title>\u00c9quit\u00e9 en mati\u00e8re d&#039;emploi - Centre de sant\u00e9 communautaire Carlington<\/title>\n<meta name=\"robots\" content=\"index, follow, max-snippet:-1, max-image-preview:large, max-video-preview:-1\" \/>\n<link rel=\"canonical\" href=\"https:\/\/carlingtonchc.com\/opportunities\/employment-equity\/\" \/>\n<meta property=\"og:locale\" content=\"fr_FR\" \/>\n<meta property=\"og:type\" content=\"article\" \/>\n<meta property=\"og:title\" content=\"\u00c9quit\u00e9 en mati\u00e8re d&#039;emploi - Centre de sant\u00e9 communautaire Carlington\" \/>\n<meta property=\"og:description\" content=\"\u00c9quit\u00e9 en mati\u00e8re d&#8217;emploi au Centre de sant\u00e9 communautaire Carlington Chez Carlington, nous nous engageons \u00e0 embaucher des personnes qui partagent nos valeurs et notre mission. Lorsque des opportunit\u00e9s se pr\u00e9sentent...\" \/>\n<meta property=\"og:url\" content=\"https:\/\/carlingtonchc.com\/opportunities\/employment-equity\/\" \/>\n<meta property=\"og:site_name\" content=\"Centre de sant\u00e9 communautaire Carlington\" \/>\n<meta property=\"article:modified_time\" content=\"2020-12-20T18:57:23+00:00\" \/>\n<meta property=\"og:image\" content=\"https:\/\/carlingtonchc.com\/wp-content\/uploads\/Opportunities__Employment-Equity__EN-FR.jpg\" \/>\n\t<meta property=\"og:image:width\" content=\"1600\" \/>\n\t<meta property=\"og:image:height\" content=\"900\" \/>\n\t<meta property=\"og:image:type\" content=\"image\/jpeg\" \/>\n<meta name=\"twitter:card\" content=\"summary_large_image\" \/>\n<meta name=\"twitter:label1\" content=\"Dur\u00e9e de lecture estim\u00e9e\" \/>\n\t<meta name=\"twitter:data1\" content=\"2 minutes\" \/>\n<script type=\"application\/ld+json\" class=\"yoast-schema-graph\">{\"@context\":\"https:\\\/\\\/schema.org\",\"@graph\":[{\"@type\":\"WebPage\",\"@id\":\"https:\\\/\\\/carlingtonchc.com\\\/opportunities\\\/employment-equity\\\/\",\"url\":\"https:\\\/\\\/carlingtonchc.com\\\/opportunities\\\/employment-equity\\\/\",\"name\":\"\u00c9quit\u00e9 en mati\u00e8re d'emploi - Centre de sant\u00e9 communautaire Carlington\",\"isPartOf\":{\"@id\":\"https:\\\/\\\/carlingtonchc.com\\\/#website\"},\"primaryImageOfPage\":{\"@id\":\"https:\\\/\\\/carlingtonchc.com\\\/opportunities\\\/employment-equity\\\/#primaryimage\"},\"image\":{\"@id\":\"https:\\\/\\\/carlingtonchc.com\\\/opportunities\\\/employment-equity\\\/#primaryimage\"},\"thumbnailUrl\":\"https:\\\/\\\/carlingtonchc.com\\\/wp-content\\\/uploads\\\/Opportunities__Employment-Equity__EN-FR.jpg\",\"datePublished\":\"2020-10-19T08:25:11+00:00\",\"dateModified\":\"2020-12-20T18:57:23+00:00\",\"breadcrumb\":{\"@id\":\"https:\\\/\\\/carlingtonchc.com\\\/opportunities\\\/employment-equity\\\/#breadcrumb\"},\"inLanguage\":\"fr-FR\",\"potentialAction\":[{\"@type\":\"ReadAction\",\"target\":[\"https:\\\/\\\/carlingtonchc.com\\\/opportunities\\\/employment-equity\\\/\"]}]},{\"@type\":\"ImageObject\",\"inLanguage\":\"fr-FR\",\"@id\":\"https:\\\/\\\/carlingtonchc.com\\\/opportunities\\\/employment-equity\\\/#primaryimage\",\"url\":\"https:\\\/\\\/carlingtonchc.com\\\/wp-content\\\/uploads\\\/Opportunities__Employment-Equity__EN-FR.jpg\",\"contentUrl\":\"https:\\\/\\\/carlingtonchc.com\\\/wp-content\\\/uploads\\\/Opportunities__Employment-Equity__EN-FR.jpg\",\"width\":1600,\"height\":900,\"caption\":\"Plusieurs symboles humains, multicolores, multi-genres, fauteuil roulant\"},{\"@type\":\"BreadcrumbList\",\"@id\":\"https:\\\/\\\/carlingtonchc.com\\\/opportunities\\\/employment-equity\\\/#breadcrumb\",\"itemListElement\":[{\"@type\":\"ListItem\",\"position\":1,\"name\":\"Home\",\"item\":\"https:\\\/\\\/carlingtonchc.com\\\/fr\\\/\"},{\"@type\":\"ListItem\",\"position\":2,\"name\":\"Opportunit\u00e9s\",\"item\":\"https:\\\/\\\/carlingtonchc.com\\\/opportunities\\\/\"},{\"@type\":\"ListItem\",\"position\":3,\"name\":\"\u00c9quit\u00e9 en mati\u00e8re d&#8217;emploi\"}]},{\"@type\":\"WebSite\",\"@id\":\"https:\\\/\\\/carlingtonchc.com\\\/#website\",\"url\":\"https:\\\/\\\/carlingtonchc.com\\\/\",\"name\":\"Centre de sant\u00e9 communautaire Carlington\",\"description\":\"900 Merivale Road, Ottawa ON Canada\",\"potentialAction\":[{\"@type\":\"SearchAction\",\"target\":{\"@type\":\"EntryPoint\",\"urlTemplate\":\"https:\\\/\\\/carlingtonchc.com\\\/?s={search_term_string}\"},\"query-input\":{\"@type\":\"PropertyValueSpecification\",\"valueRequired\":true,\"valueName\":\"search_term_string\"}}],\"inLanguage\":\"fr-FR\"}]}<\/script>\n<!-- \/ Yoast SEO plugin. -->","yoast_head_json":{"title":"\u00c9quit\u00e9 en mati\u00e8re d'emploi - Centre de sant\u00e9 communautaire Carlington","robots":{"index":"index","follow":"follow","max-snippet":"max-snippet:-1","max-image-preview":"max-image-preview:large","max-video-preview":"max-video-preview:-1"},"canonical":"https:\/\/carlingtonchc.com\/opportunities\/employment-equity\/","og_locale":"fr_FR","og_type":"article","og_title":"\u00c9quit\u00e9 en mati\u00e8re d'emploi - Centre de sant\u00e9 communautaire Carlington","og_description":"\u00c9quit\u00e9 en mati\u00e8re d&#8217;emploi au Centre de sant\u00e9 communautaire Carlington Chez Carlington, nous nous engageons \u00e0 embaucher des personnes qui partagent nos valeurs et notre mission. Lorsque des opportunit\u00e9s se pr\u00e9sentent...","og_url":"https:\/\/carlingtonchc.com\/opportunities\/employment-equity\/","og_site_name":"Centre de sant\u00e9 communautaire Carlington","article_modified_time":"2020-12-20T18:57:23+00:00","og_image":[{"width":1600,"height":900,"url":"https:\/\/carlingtonchc.com\/wp-content\/uploads\/Opportunities__Employment-Equity__EN-FR.jpg","type":"image\/jpeg"}],"twitter_card":"summary_large_image","twitter_misc":{"Dur\u00e9e de lecture estim\u00e9e":"2 minutes"},"schema":{"@context":"https:\/\/schema.org","@graph":[{"@type":"WebPage","@id":"https:\/\/carlingtonchc.com\/opportunities\/employment-equity\/","url":"https:\/\/carlingtonchc.com\/opportunities\/employment-equity\/","name":"\u00c9quit\u00e9 en mati\u00e8re d'emploi - Centre de sant\u00e9 communautaire Carlington","isPartOf":{"@id":"https:\/\/carlingtonchc.com\/#website"},"primaryImageOfPage":{"@id":"https:\/\/carlingtonchc.com\/opportunities\/employment-equity\/#primaryimage"},"image":{"@id":"https:\/\/carlingtonchc.com\/opportunities\/employment-equity\/#primaryimage"},"thumbnailUrl":"https:\/\/carlingtonchc.com\/wp-content\/uploads\/Opportunities__Employment-Equity__EN-FR.jpg","datePublished":"2020-10-19T08:25:11+00:00","dateModified":"2020-12-20T18:57:23+00:00","breadcrumb":{"@id":"https:\/\/carlingtonchc.com\/opportunities\/employment-equity\/#breadcrumb"},"inLanguage":"fr-FR","potentialAction":[{"@type":"ReadAction","target":["https:\/\/carlingtonchc.com\/opportunities\/employment-equity\/"]}]},{"@type":"ImageObject","inLanguage":"fr-FR","@id":"https:\/\/carlingtonchc.com\/opportunities\/employment-equity\/#primaryimage","url":"https:\/\/carlingtonchc.com\/wp-content\/uploads\/Opportunities__Employment-Equity__EN-FR.jpg","contentUrl":"https:\/\/carlingtonchc.com\/wp-content\/uploads\/Opportunities__Employment-Equity__EN-FR.jpg","width":1600,"height":900,"caption":"Plusieurs symboles humains, multicolores, multi-genres, fauteuil roulant"},{"@type":"BreadcrumbList","@id":"https:\/\/carlingtonchc.com\/opportunities\/employment-equity\/#breadcrumb","itemListElement":[{"@type":"ListItem","position":1,"name":"Home","item":"https:\/\/carlingtonchc.com\/fr\/"},{"@type":"ListItem","position":2,"name":"Opportunit\u00e9s","item":"https:\/\/carlingtonchc.com\/opportunities\/"},{"@type":"ListItem","position":3,"name":"\u00c9quit\u00e9 en mati\u00e8re d&#8217;emploi"}]},{"@type":"WebSite","@id":"https:\/\/carlingtonchc.com\/#website","url":"https:\/\/carlingtonchc.com\/","name":"Centre de sant\u00e9 communautaire Carlington","description":"900 Merivale Road, Ottawa ON Canada","potentialAction":[{"@type":"SearchAction","target":{"@type":"EntryPoint","urlTemplate":"https:\/\/carlingtonchc.com\/?s={search_term_string}"},"query-input":{"@type":"PropertyValueSpecification","valueRequired":true,"valueName":"search_term_string"}}],"inLanguage":"fr-FR"}]}},"_links":{"self":[{"href":"https:\/\/carlingtonchc.com\/fr\/wp-json\/wp\/v2\/pages\/324","targetHints":{"allow":["GET"]}}],"collection":[{"href":"https:\/\/carlingtonchc.com\/fr\/wp-json\/wp\/v2\/pages"}],"about":[{"href":"https:\/\/carlingtonchc.com\/fr\/wp-json\/wp\/v2\/types\/page"}],"author":[{"embeddable":true,"href":"https:\/\/carlingtonchc.com\/fr\/wp-json\/wp\/v2\/users\/1"}],"replies":[{"embeddable":true,"href":"https:\/\/carlingtonchc.com\/fr\/wp-json\/wp\/v2\/comments?post=324"}],"version-history":[{"count":0,"href":"https:\/\/carlingtonchc.com\/fr\/wp-json\/wp\/v2\/pages\/324\/revisions"}],"up":[{"embeddable":true,"href":"https:\/\/carlingtonchc.com\/fr\/wp-json\/wp\/v2\/pages\/322"}],"wp:featuredmedia":[{"embeddable":true,"href":"https:\/\/carlingtonchc.com\/fr\/wp-json\/wp\/v2\/media\/699"}],"wp:attachment":[{"href":"https:\/\/carlingtonchc.com\/fr\/wp-json\/wp\/v2\/media?parent=324"}],"curies":[{"name":"wp","href":"https:\/\/api.w.org\/{rel}","templated":true}]}}