{"id":326,"date":"2020-10-19T08:25:35","date_gmt":"2020-10-19T08:25:35","guid":{"rendered":"http:\/\/cchc.wp-staging.net\/opportunites\/career-opportunities\/"},"modified":"2025-12-09T14:05:41","modified_gmt":"2025-12-09T19:05:41","slug":"postes-a-pourvoir","status":"publish","type":"page","link":"https:\/\/carlingtonchc.com\/fr\/opportunites\/postes-a-pourvoir\/","title":{"rendered":"Postes \u00e0 pourvoir"},"content":{"rendered":"<p>Le Centre de sant\u00e9 communautaire Carlington est une organisation \u00e0 but non lucratif qui mconseiller en sant\u00e9 mentaleet les probl\u00e8mes de sant\u00e9 les plus urgents d&#8217;aujourd&#8217;hui au c\u0153ur de sa prestation de services. Nous nous tournons vers les meilleurs professionnels et employ\u00e9s pour contribuer \u00e0 am\u00e9liorer la sant\u00e9 et le bien-\u00eatre de notre communaut\u00e9. Nous \u00e9tablissons des relations de confiance avec nos clients et fournissons des services de qualit\u00e9 par le biais d&#8217;un large \u00e9ventail de services sociaux et de sant\u00e9 aux parents et aux enfants, aux jeunes et aux adolescents, aux adultes et aux personnes \u00e2g\u00e9es.<\/p>\n<p>Nous cherchons \u00e0 aider les membres de la communaut\u00e9 \u00e0 r\u00e9soudre les probl\u00e8mes et \u00e0 faire progresser les pr\u00e9occupations de la communaut\u00e9 en fournissant un soutien organisationnel et une aide \u00e0 la d\u00e9fense des int\u00e9r\u00eats des groupes et associations locaux.<\/p>\n<p>Notre mission est d&#8217;am\u00e9liorer, de soutenir et de promouvoir la sant\u00e9 et le bien-\u00eatre des personnes et des diverses communaut\u00e9s que nous desservons!<\/p>\n<h2>Opportunit\u00e9s actuelles<\/h2>\n<div class=\"flex-shrink-0 flex flex-col relative items-end\">\n<div class=\"pt-0\">\n<div class=\"gizmo-bot-avatar flex h-8 w-8 items-center justify-center overflow-hidden rounded-full\">\n<div class=\"relative p-1 rounded-sm flex items-center justify-center bg-token-main-surface-primary text-token-text-primary h-8 w-8\">\n<div class=\"flex-shrink-0 flex flex-col relative items-end\">\n<div class=\"pt-0\">\n<div class=\"gizmo-bot-avatar flex h-8 w-8 items-center justify-center overflow-hidden rounded-full\">\n<ul>\n<li><strong data-start=\"131\" data-end=\"217\"><a href=\"https:\/\/www.appone.com\/MainInfoReq.asp?R_ID=7007845\">\u00c9ducatrice \/ \u00c9ducateur de la petite enfance (EPEI)<\/a> \u2013 <\/strong>Temps partiel, poste flottant<\/li>\n<li><strong data-start=\"222\" data-end=\"280\" data-is-last-node=\"\"><a href=\"https:\/\/www.appone.com\/MainInfoReq.asp?R_ID=6975255\">Travailleuse \/ Travailleur en garderie<\/a> \u2013 <\/strong>Temps partiel<\/li>\n<li><strong data-start=\"499\" data-end=\"579\"><a href=\"https:\/\/www.appone.com\/MainInfoReq.asp?R_ID=3746278\">M\u00e9decin de famille \u2013 Possibilit\u00e9! M\u00e9decins suppl\u00e9ants<\/a> \u2013 <\/strong>Occasionnel, contrat<\/li>\n<\/ul>\n<\/div>\n<\/div>\n<\/div>\n<\/div>\n<\/div>\n<\/div>\n<\/div>\n<h2>Pourquoi travailler au Centre de sant\u00e9 communautaire Carlington?<\/h2>\n<p>Carlington est situ\u00e9 au centre-ville d\u2019Ottawa. Il est facilement accessible en transport en commun et offre un stationnement GRATUIT sur place. Le centre est \u00e0 proximit\u00e9 des caf\u00e9s et des restaurants locaux et se trouve \u00e0 une courte distance du centre-ville.<\/p>\n<h2>Nos B\u00e9n\u00e9fices<\/h2>\n<h3><img loading=\"lazy\" decoding=\"async\" class=\"alignleft wp-image-1458\" style=\"font-size: 16px;\" src=\"https:\/\/carlingtonchc.com\/wp-content\/uploads\/Professional-Development-800x452.jpg\" alt=\"\" width=\"230\" height=\"130\" srcset=\"https:\/\/carlingtonchc.com\/wp-content\/uploads\/Professional-Development-800x452.jpg 800w, https:\/\/carlingtonchc.com\/wp-content\/uploads\/Professional-Development-400x226.jpg 400w, https:\/\/carlingtonchc.com\/wp-content\/uploads\/Professional-Development.jpg 850w\" sizes=\"auto, (max-width: 230px) 100vw, 230px\" \/><\/h3>\n<h3>R\u00e9mun\u00e9ration et perfectionnement professionnel<\/h3>\n<ul>\n<li style=\"list-style-type: none;\">\n<ul>\n<li style=\"list-style-type: none;\">\n<ul>\n<li style=\"list-style-type: none;\">\n<ul>\n<li style=\"list-style-type: none;\">\n<ul>\n<li style=\"list-style-type: none;\">\n<ul>\n<li style=\"list-style-type: none;\">\n<ul>\n<li>Offre une r\u00e9mun\u00e9ration concurrentielle<\/li>\n<li>Offre un plan de retraite diff\u00e9r\u00e9 avec Healthcare of Ontario Pension Plan (HOOPP)<\/li>\n<li>Tr\u00e8s d\u00e9termin\u00e9 \u00e0 offrir des possibilit\u00e9s professionnelles aux employ\u00e9s<\/li>\n<\/ul>\n<\/li>\n<\/ul>\n<\/li>\n<\/ul>\n<\/li>\n<\/ul>\n<\/li>\n<\/ul>\n<\/li>\n<\/ul>\n<\/li>\n<\/ul>\n<h3><img loading=\"lazy\" decoding=\"async\" class=\"alignleft wp-image-1460\" src=\"https:\/\/carlingtonchc.com\/wp-content\/uploads\/Work-Life-Balance-2-800x534.jpg\" alt=\"\" width=\"230\" height=\"153\" srcset=\"https:\/\/carlingtonchc.com\/wp-content\/uploads\/Work-Life-Balance-2-800x534.jpg 800w, https:\/\/carlingtonchc.com\/wp-content\/uploads\/Work-Life-Balance-2-400x267.jpg 400w, https:\/\/carlingtonchc.com\/wp-content\/uploads\/Work-Life-Balance-2.jpg 1024w\" sizes=\"auto, (max-width: 230px) 100vw, 230px\" \/>La conciliation travail-vie<\/h3>\n<ul>\n<li style=\"list-style-type: none;\">\n<ul>\n<li style=\"list-style-type: none;\">\n<ul>\n<li style=\"list-style-type: none;\">\n<ul>\n<li style=\"list-style-type: none;\">\n<ul>\n<li style=\"list-style-type: none;\">\n<ul>\n<li style=\"list-style-type: none;\">\n<ul>\n<li>Encourage les employ\u00e9s \u00e0 s\u2019absenter de leur travail pour se rajeunir<\/li>\n<li>Offre des possibilit\u00e9s de travail \u00e0 distance<\/li>\n<li>Offrir une gamme g\u00e9n\u00e9reuse de cong\u00e9s pay\u00e9s pour promouvoir le bien-\u00eatre<\/li>\n<\/ul>\n<\/li>\n<\/ul>\n<\/li>\n<\/ul>\n<\/li>\n<\/ul>\n<\/li>\n<\/ul>\n<\/li>\n<\/ul>\n<\/li>\n<\/ul>\n<p>&nbsp;<\/p>\n<h3><img loading=\"lazy\" decoding=\"async\" class=\"alignleft wp-image-1466\" style=\"font-size: 16px;\" src=\"https:\/\/carlingtonchc.com\/wp-content\/uploads\/culture_of_wellness.png\" alt=\"\" width=\"230\" height=\"129\" srcset=\"https:\/\/carlingtonchc.com\/wp-content\/uploads\/culture_of_wellness.png 681w, https:\/\/carlingtonchc.com\/wp-content\/uploads\/culture_of_wellness-400x224.png 400w\" sizes=\"auto, (max-width: 230px) 100vw, 230px\" \/><\/h3>\n<h3>Sant\u00e9 et le bien-\u00eatre<\/h3>\n<ul>\n<li style=\"list-style-type: none;\">\n<ul>\n<li style=\"list-style-type: none;\">\n<ul>\n<li style=\"list-style-type: none;\">\n<ul>\n<li style=\"list-style-type: none;\">\n<ul>\n<li style=\"list-style-type: none;\">\n<ul>\n<li style=\"list-style-type: none;\">\n<ul>\n<li>Offre des ressources pour promouvoir le bien-\u00eatre, y compris un programme confidentiel d\u2019aide aux employ\u00e9s<\/li>\n<li>Avantages sociaux concurrentiels, y compris les soins de sant\u00e9, les soins dentaires, la vision, etc.<\/li>\n<li>Rabais corporatifs pour les adh\u00e9sions au club de conditionnement physique<\/li>\n<li>Options pour des r\u00e9gimes de travail flexibles<\/li>\n<\/ul>\n<\/li>\n<\/ul>\n<\/li>\n<\/ul>\n<\/li>\n<\/ul>\n<\/li>\n<\/ul>\n<\/li>\n<\/ul>\n<\/li>\n<\/ul>\n<h3><img loading=\"lazy\" decoding=\"async\" class=\"alignleft wp-image-1456\" src=\"https:\/\/carlingtonchc.com\/wp-content\/uploads\/Inclusive-Work-Environment.png\" alt=\"\" width=\"230\" height=\"130\" srcset=\"https:\/\/carlingtonchc.com\/wp-content\/uploads\/Inclusive-Work-Environment.png 599w, https:\/\/carlingtonchc.com\/wp-content\/uploads\/Inclusive-Work-Environment-400x226.png 400w\" sizes=\"auto, (max-width: 230px) 100vw, 230px\" \/>Environnement de travail inclusif<\/h3>\n<ul>\n<li style=\"list-style-type: none;\">\n<ul>\n<li style=\"list-style-type: none;\">\n<ul>\n<li style=\"list-style-type: none;\">\n<ul>\n<li style=\"list-style-type: none;\">\n<ul>\n<li style=\"list-style-type: none;\">\n<ul>\n<li style=\"list-style-type: none;\">\n<ul>\n<li>Accueillir, encourager et solliciter activement les candidatures de personnes d\u2019horizons divers<\/li>\n<li>Adopte la diversit\u00e9 et favorise une culture d\u2019inclusion o\u00f9 les employ\u00e9s se sentent en s\u00e9curit\u00e9 et bienvenus<\/li>\n<li>Environnement de travail respectueux, o\u00f9 chacun est valoris\u00e9<\/li>\n<li>Encourage les employ\u00e9s \u00e0 faire part de leurs commentaires et \u00e0 communiquer entre eux<\/li>\n<li>Promouvoir et adopter la s\u00e9curit\u00e9 culturelle<\/li>\n<\/ul>\n<\/li>\n<\/ul>\n<\/li>\n<\/ul>\n<\/li>\n<\/ul>\n<\/li>\n<\/ul>\n<\/li>\n<\/ul>\n<\/li>\n<\/ul>\n","protected":false},"excerpt":{"rendered":"<p>Le Centre de sant\u00e9 communautaire Carlington est une organisation \u00e0 but non lucratif qui mconseiller en sant\u00e9 mentaleet les probl\u00e8mes de sant\u00e9 les plus urgents d&#8217;aujourd&#8217;hui au c\u0153ur de sa prestation&#8230;<\/p>\n","protected":false},"author":1,"featured_media":697,"parent":322,"menu_order":1,"comment_status":"closed","ping_status":"closed","template":"","meta":{"_acf_changed":false},"class_list":["post-326","page","type-page","status-publish","has-post-thumbnail","hentry"],"acf":[],"yoast_head":"<!-- This site is optimized with the Yoast SEO plugin v27.3 - https:\/\/yoast.com\/product\/yoast-seo-wordpress\/ -->\n<title>Postes \u00e0 pourvoir - Centre de sant\u00e9 communautaire Carlington<\/title>\n<meta name=\"robots\" content=\"index, follow, max-snippet:-1, max-image-preview:large, max-video-preview:-1\" \/>\n<link rel=\"canonical\" href=\"https:\/\/carlingtonchc.com\/fr\/opportunites\/postes-a-pourvoir\/\" \/>\n<meta property=\"og:locale\" content=\"fr_FR\" \/>\n<meta property=\"og:type\" content=\"article\" \/>\n<meta property=\"og:title\" content=\"Postes \u00e0 pourvoir - Centre de sant\u00e9 communautaire Carlington\" \/>\n<meta property=\"og:description\" content=\"Le Centre de sant\u00e9 communautaire Carlington est une organisation \u00e0 but non lucratif qui mconseiller en sant\u00e9 mentaleet les probl\u00e8mes de sant\u00e9 les plus urgents d&#8217;aujourd&#8217;hui au c\u0153ur de sa prestation...\" \/>\n<meta property=\"og:url\" content=\"https:\/\/carlingtonchc.com\/fr\/opportunites\/postes-a-pourvoir\/\" \/>\n<meta property=\"og:site_name\" content=\"Centre de sant\u00e9 communautaire Carlington\" \/>\n<meta property=\"article:modified_time\" content=\"2025-12-09T19:05:41+00:00\" \/>\n<meta property=\"og:image\" content=\"https:\/\/carlingtonchc.com\/wp-content\/uploads\/Opportunities__Career-Opportunities__FR.jpg\" \/>\n\t<meta property=\"og:image:width\" content=\"1600\" \/>\n\t<meta property=\"og:image:height\" content=\"900\" \/>\n\t<meta property=\"og:image:type\" content=\"image\/jpeg\" \/>\n<meta name=\"twitter:card\" content=\"summary_large_image\" \/>\n<meta name=\"twitter:label1\" content=\"Dur\u00e9e de lecture estim\u00e9e\" \/>\n\t<meta name=\"twitter:data1\" content=\"1 minute\" \/>\n<script type=\"application\/ld+json\" class=\"yoast-schema-graph\">{\"@context\":\"https:\\\/\\\/schema.org\",\"@graph\":[{\"@type\":\"WebPage\",\"@id\":\"https:\\\/\\\/carlingtonchc.com\\\/fr\\\/opportunites\\\/postes-a-pourvoir\\\/\",\"url\":\"https:\\\/\\\/carlingtonchc.com\\\/fr\\\/opportunites\\\/postes-a-pourvoir\\\/\",\"name\":\"Postes \u00e0 pourvoir - Centre de sant\u00e9 communautaire Carlington\",\"isPartOf\":{\"@id\":\"https:\\\/\\\/carlingtonchc.com\\\/#website\"},\"primaryImageOfPage\":{\"@id\":\"https:\\\/\\\/carlingtonchc.com\\\/fr\\\/opportunites\\\/postes-a-pourvoir\\\/#primaryimage\"},\"image\":{\"@id\":\"https:\\\/\\\/carlingtonchc.com\\\/fr\\\/opportunites\\\/postes-a-pourvoir\\\/#primaryimage\"},\"thumbnailUrl\":\"https:\\\/\\\/carlingtonchc.com\\\/wp-content\\\/uploads\\\/Opportunities__Career-Opportunities__FR.jpg\",\"datePublished\":\"2020-10-19T08:25:35+00:00\",\"dateModified\":\"2025-12-09T19:05:41+00:00\",\"breadcrumb\":{\"@id\":\"https:\\\/\\\/carlingtonchc.com\\\/fr\\\/opportunites\\\/postes-a-pourvoir\\\/#breadcrumb\"},\"inLanguage\":\"fr-FR\",\"potentialAction\":[{\"@type\":\"ReadAction\",\"target\":[\"https:\\\/\\\/carlingtonchc.com\\\/fr\\\/opportunites\\\/postes-a-pourvoir\\\/\"]}]},{\"@type\":\"ImageObject\",\"inLanguage\":\"fr-FR\",\"@id\":\"https:\\\/\\\/carlingtonchc.com\\\/fr\\\/opportunites\\\/postes-a-pourvoir\\\/#primaryimage\",\"url\":\"https:\\\/\\\/carlingtonchc.com\\\/wp-content\\\/uploads\\\/Opportunities__Career-Opportunities__FR.jpg\",\"contentUrl\":\"https:\\\/\\\/carlingtonchc.com\\\/wp-content\\\/uploads\\\/Opportunities__Career-Opportunities__FR.jpg\",\"width\":1600,\"height\":900,\"caption\":\"Clavier avec touche d\u2019offre d'emploi\"},{\"@type\":\"BreadcrumbList\",\"@id\":\"https:\\\/\\\/carlingtonchc.com\\\/fr\\\/opportunites\\\/postes-a-pourvoir\\\/#breadcrumb\",\"itemListElement\":[{\"@type\":\"ListItem\",\"position\":1,\"name\":\"Home\",\"item\":\"https:\\\/\\\/carlingtonchc.com\\\/fr\\\/\"},{\"@type\":\"ListItem\",\"position\":2,\"name\":\"Opportunit\u00e9s\",\"item\":\"https:\\\/\\\/carlingtonchc.com\\\/opportunities\\\/\"},{\"@type\":\"ListItem\",\"position\":3,\"name\":\"Postes \u00e0 pourvoir\"}]},{\"@type\":\"WebSite\",\"@id\":\"https:\\\/\\\/carlingtonchc.com\\\/#website\",\"url\":\"https:\\\/\\\/carlingtonchc.com\\\/\",\"name\":\"Centre de sant\u00e9 communautaire Carlington\",\"description\":\"900 Merivale Road, Ottawa ON Canada\",\"potentialAction\":[{\"@type\":\"SearchAction\",\"target\":{\"@type\":\"EntryPoint\",\"urlTemplate\":\"https:\\\/\\\/carlingtonchc.com\\\/?s={search_term_string}\"},\"query-input\":{\"@type\":\"PropertyValueSpecification\",\"valueRequired\":true,\"valueName\":\"search_term_string\"}}],\"inLanguage\":\"fr-FR\"}]}<\/script>\n<!-- \/ Yoast SEO plugin. -->","yoast_head_json":{"title":"Postes \u00e0 pourvoir - Centre de sant\u00e9 communautaire Carlington","robots":{"index":"index","follow":"follow","max-snippet":"max-snippet:-1","max-image-preview":"max-image-preview:large","max-video-preview":"max-video-preview:-1"},"canonical":"https:\/\/carlingtonchc.com\/fr\/opportunites\/postes-a-pourvoir\/","og_locale":"fr_FR","og_type":"article","og_title":"Postes \u00e0 pourvoir - Centre de sant\u00e9 communautaire Carlington","og_description":"Le Centre de sant\u00e9 communautaire Carlington est une organisation \u00e0 but non lucratif qui mconseiller en sant\u00e9 mentaleet les probl\u00e8mes de sant\u00e9 les plus urgents d&#8217;aujourd&#8217;hui au c\u0153ur de sa prestation...","og_url":"https:\/\/carlingtonchc.com\/fr\/opportunites\/postes-a-pourvoir\/","og_site_name":"Centre de sant\u00e9 communautaire Carlington","article_modified_time":"2025-12-09T19:05:41+00:00","og_image":[{"width":1600,"height":900,"url":"https:\/\/carlingtonchc.com\/wp-content\/uploads\/Opportunities__Career-Opportunities__FR.jpg","type":"image\/jpeg"}],"twitter_card":"summary_large_image","twitter_misc":{"Dur\u00e9e de lecture estim\u00e9e":"1 minute"},"schema":{"@context":"https:\/\/schema.org","@graph":[{"@type":"WebPage","@id":"https:\/\/carlingtonchc.com\/fr\/opportunites\/postes-a-pourvoir\/","url":"https:\/\/carlingtonchc.com\/fr\/opportunites\/postes-a-pourvoir\/","name":"Postes \u00e0 pourvoir - Centre de sant\u00e9 communautaire Carlington","isPartOf":{"@id":"https:\/\/carlingtonchc.com\/#website"},"primaryImageOfPage":{"@id":"https:\/\/carlingtonchc.com\/fr\/opportunites\/postes-a-pourvoir\/#primaryimage"},"image":{"@id":"https:\/\/carlingtonchc.com\/fr\/opportunites\/postes-a-pourvoir\/#primaryimage"},"thumbnailUrl":"https:\/\/carlingtonchc.com\/wp-content\/uploads\/Opportunities__Career-Opportunities__FR.jpg","datePublished":"2020-10-19T08:25:35+00:00","dateModified":"2025-12-09T19:05:41+00:00","breadcrumb":{"@id":"https:\/\/carlingtonchc.com\/fr\/opportunites\/postes-a-pourvoir\/#breadcrumb"},"inLanguage":"fr-FR","potentialAction":[{"@type":"ReadAction","target":["https:\/\/carlingtonchc.com\/fr\/opportunites\/postes-a-pourvoir\/"]}]},{"@type":"ImageObject","inLanguage":"fr-FR","@id":"https:\/\/carlingtonchc.com\/fr\/opportunites\/postes-a-pourvoir\/#primaryimage","url":"https:\/\/carlingtonchc.com\/wp-content\/uploads\/Opportunities__Career-Opportunities__FR.jpg","contentUrl":"https:\/\/carlingtonchc.com\/wp-content\/uploads\/Opportunities__Career-Opportunities__FR.jpg","width":1600,"height":900,"caption":"Clavier avec touche d\u2019offre d'emploi"},{"@type":"BreadcrumbList","@id":"https:\/\/carlingtonchc.com\/fr\/opportunites\/postes-a-pourvoir\/#breadcrumb","itemListElement":[{"@type":"ListItem","position":1,"name":"Home","item":"https:\/\/carlingtonchc.com\/fr\/"},{"@type":"ListItem","position":2,"name":"Opportunit\u00e9s","item":"https:\/\/carlingtonchc.com\/opportunities\/"},{"@type":"ListItem","position":3,"name":"Postes \u00e0 pourvoir"}]},{"@type":"WebSite","@id":"https:\/\/carlingtonchc.com\/#website","url":"https:\/\/carlingtonchc.com\/","name":"Centre de sant\u00e9 communautaire Carlington","description":"900 Merivale Road, Ottawa ON Canada","potentialAction":[{"@type":"SearchAction","target":{"@type":"EntryPoint","urlTemplate":"https:\/\/carlingtonchc.com\/?s={search_term_string}"},"query-input":{"@type":"PropertyValueSpecification","valueRequired":true,"valueName":"search_term_string"}}],"inLanguage":"fr-FR"}]}},"_links":{"self":[{"href":"https:\/\/carlingtonchc.com\/fr\/wp-json\/wp\/v2\/pages\/326","targetHints":{"allow":["GET"]}}],"collection":[{"href":"https:\/\/carlingtonchc.com\/fr\/wp-json\/wp\/v2\/pages"}],"about":[{"href":"https:\/\/carlingtonchc.com\/fr\/wp-json\/wp\/v2\/types\/page"}],"author":[{"embeddable":true,"href":"https:\/\/carlingtonchc.com\/fr\/wp-json\/wp\/v2\/users\/1"}],"replies":[{"embeddable":true,"href":"https:\/\/carlingtonchc.com\/fr\/wp-json\/wp\/v2\/comments?post=326"}],"version-history":[{"count":0,"href":"https:\/\/carlingtonchc.com\/fr\/wp-json\/wp\/v2\/pages\/326\/revisions"}],"up":[{"embeddable":true,"href":"https:\/\/carlingtonchc.com\/fr\/wp-json\/wp\/v2\/pages\/322"}],"wp:featuredmedia":[{"embeddable":true,"href":"https:\/\/carlingtonchc.com\/fr\/wp-json\/wp\/v2\/media\/697"}],"wp:attachment":[{"href":"https:\/\/carlingtonchc.com\/fr\/wp-json\/wp\/v2\/media?parent=326"}],"curies":[{"name":"wp","href":"https:\/\/api.w.org\/{rel}","templated":true}]}}