{"id":328,"date":"2020-10-19T09:00:32","date_gmt":"2020-10-19T09:00:32","guid":{"rendered":"http:\/\/cchc.wp-staging.net\/opportunites\/student-placements\/"},"modified":"2025-10-14T13:24:23","modified_gmt":"2025-10-14T17:24:23","slug":"placements-detudiants","status":"publish","type":"page","link":"https:\/\/carlingtonchc.com\/fr\/opportunites\/placements-detudiants\/","title":{"rendered":"Placements d&#8217;\u00e9tudiants"},"content":{"rendered":"<h3 data-start=\"55\" data-end=\"348\"><strong data-start=\"55\" data-end=\"143\">Merci de votre int\u00e9r\u00eat pour un stage \u00e9tudiant au Centre de sant<\/strong><strong data-start=\"55\" data-end=\"143\">\u00e9 <\/strong><strong data-start=\"55\" data-end=\"143\">de communautaire Carlington. <\/strong>Nous acceptons des stagiaires en fonction de la disponibilit\u00e9 du personnel pour offrir une supervision, ainsi que de la concordance entre les objectifs d\u2019apprentissage des \u00e9tudiants et nos programmes.<\/h3>\n<p><img decoding=\"async\" class=\"aligncenter\" src=\"https:\/\/wcwrc.ca\/wp-content\/uploads\/2019\/10\/Student-Placements.png\" alt=\"Student Placements - West Central Women's Resource Centre\" \/><\/p>\n<p>&nbsp;<\/p>\n<h4 data-start=\"0\" data-end=\"61\"><strong data-start=\"0\" data-end=\"59\">Stages avec notre \u00c9quipe des Services de Sant\u00e9 Int\u00e9gr\u00e9s<\/strong><\/h4>\n<p data-start=\"63\" data-end=\"496\">L\u2019\u00e9quipe des Services de Sant\u00e9 et de Counseling collabore avec des \u00e9tablissements d\u2019enseignement accr\u00e9dit\u00e9s afin de favoriser l\u2019apprentissage des \u00e9tudiants et leur offrir une exp\u00e9rience clinique en milieu communautaire. Les \u00e9tudiants apprennent \u00e0 offrir des soins de sant\u00e9 primaires en \u00e9valuant les besoins des clients dans une perspective holistique et en utilisant une approche multidisciplinaire pour fournir des soins optimaux.<\/p>\n<p data-start=\"498\" data-end=\"573\">Cette \u00e9quipe accueille des stagiaires provenant des programmes suivants :<\/p>\n<ul data-start=\"574\" data-end=\"752\">\n<li data-start=\"574\" data-end=\"624\">\n<p data-start=\"576\" data-end=\"624\"><em>Infirmier(\u00e8re) psychiatrique autoris\u00e9(e) (RPN)<\/em><\/p>\n<\/li>\n<li data-start=\"574\" data-end=\"624\">\n<p data-start=\"576\" data-end=\"624\"><em>Infirmier(\u00e8re) autoris\u00e9(e) (RN)<\/em><\/p>\n<\/li>\n<li data-start=\"661\" data-end=\"697\">\n<p data-start=\"663\" data-end=\"697\"><em>Travailleur(euse) social(e) (SW)<\/em><\/p>\n<\/li>\n<li data-start=\"698\" data-end=\"735\">\n<p data-start=\"700\" data-end=\"735\"><em>Infirmier(\u00e8re) praticien(ne) (NP)<\/em><\/p>\n<\/li>\n<li data-start=\"736\" data-end=\"752\">\n<p data-start=\"738\" data-end=\"752\"><em>M\u00e9decin (MD)<\/em><\/p>\n<\/li>\n<\/ul>\n<p data-start=\"754\" data-end=\"895\">Pour plus d\u2019informations, veuillez communiquer avec le coordonnateur ou la coordonnatrice des stages de votre \u00e9tablissement postsecondaire.<\/p>\n<h4 data-start=\"902\" data-end=\"975\"><strong data-start=\"902\" data-end=\"973\">Stages avec notre \u00c9quipe de la Croissance et du D\u00e9veloppement Sains<\/strong><\/h4>\n<p data-start=\"977\" data-end=\"1475\">L\u2019\u00c9quipe de la Croissance et du D\u00e9veloppement Sains dessert diverses familles, jeunes et adolescents. Veuillez consulter ci-dessous la liste des \u00e9quipes qui acceptent les \u00e9tudiants de diff\u00e9rents programmes. Pour plus d\u2019informations, veuillez envoyer un courriel \u00e0 la Directrice de la Croissance et du D\u00e9veloppement Sains ou appeler au 613-722-4000 poste 243. Pour toute question concernant l\u2019\u00e9ducation de la petite enfance, veuillez \u00e9crire \u00e0 la Coordonnatrice des Programmes de la Petite Enfance.<\/p>\n<p data-start=\"1477\" data-end=\"1567\"><strong data-start=\"1477\" data-end=\"1565\">Notre garderie Annavale Headstart et le Centre pour l\u2019enfant et la famille EarlyON :<\/strong><\/p>\n<ul data-start=\"1568\" data-end=\"1621\">\n<li data-start=\"1568\" data-end=\"1621\">\n<p data-start=\"1570\" data-end=\"1621\"><em>\u00c9tudiants en \u00c9ducation de la petite enfance (EPE)<\/em><\/p>\n<\/li>\n<\/ul>\n<p data-start=\"1623\" data-end=\"1669\"><strong data-start=\"1623\" data-end=\"1667\">Notre \u00c9quipe des Enfants et des Jeunes :<\/strong><\/p>\n<ul data-start=\"1670\" data-end=\"1721\">\n<li data-start=\"1670\" data-end=\"1721\">\n<p data-start=\"1672\" data-end=\"1721\"><em>\u00c9tudiants en Soins \u00e0 l\u2019enfance et \u00e0 la jeunesse<\/em><\/p>\n<\/li>\n<\/ul>\n<p data-start=\"1723\" data-end=\"1780\"><strong data-start=\"1723\" data-end=\"1778\">L\u2019\u00c9quipe de Soutien P\u00e9rinatal et Parental accepte :<\/strong><\/p>\n<ul data-start=\"1781\" data-end=\"1853\">\n<li data-start=\"1781\" data-end=\"1816\">\n<p data-start=\"1783\" data-end=\"1816\"><em>Infirmier(\u00e8re) autoris\u00e9(e) (RN)<\/em><\/p>\n<\/li>\n<li data-start=\"1817\" data-end=\"1853\">\n<p data-start=\"1819\" data-end=\"1853\"><em>Travailleur(euse) social(e) (SW)<\/em><\/p>\n<\/li>\n<\/ul>\n<p data-start=\"1860\" data-end=\"1933\"><strong data-start=\"1860\" data-end=\"1931\">Stages avec notre \u00c9quipe de Traitement Communautaire Intensif (\u00c9TCI)<\/strong><\/p>\n<p data-start=\"1935\" data-end=\"2356\">Les \u00e9tudiants int\u00e9ress\u00e9s par un stage au sein de l\u2019\u00c9quipe de Traitement Communautaire Intensif (\u00c9TCI) doivent d\u2019abord consulter le site Web de l\u2019Association ontarienne des \u00e9quipes \u00c9TCI afin de comprendre le type de service en sant\u00e9 mentale offert par cette \u00e9quipe. L\u2019\u00e9quipe \u00c9TCI accueille les \u00e9tudiants des programmes suivants. La pr\u00e9f\u00e9rence est accord\u00e9e aux \u00e9tudiants pouvant effectuer un stage plus intensif et r\u00e9gulier.<\/p>\n<p data-start=\"2358\" data-end=\"2520\">Pour toute demande de stage, veuillez appeler au 613-722-4000 poste 281 ou envoyer un courriel \u00e0 la Directrice de l\u2019\u00c9quipe de Traitement Communautaire Intensif.<\/p>\n<ul data-start=\"2522\" data-end=\"2732\">\n<li data-start=\"2522\" data-end=\"2558\">\n<p data-start=\"2524\" data-end=\"2558\"><em>Travailleur(euse) social(e) (SW)<\/em><\/p>\n<\/li>\n<li data-start=\"2559\" data-end=\"2590\">\n<p data-start=\"2561\" data-end=\"2590\"><em>Ma\u00eetrise en counseling (MC)<\/em><\/p>\n<\/li>\n<li data-start=\"2591\" data-end=\"2626\">\n<p data-start=\"2593\" data-end=\"2626\"><em>Infirmier(\u00e8re) autoris\u00e9(e) (RN)<\/em><\/p>\n<\/li>\n<li data-start=\"2627\" data-end=\"2664\">\n<p data-start=\"2629\" data-end=\"2664\"><em>Infirmier(\u00e8re) praticien(ne) (NP)<\/em><\/p>\n<\/li>\n<li data-start=\"2665\" data-end=\"2715\">\n<p data-start=\"2667\" data-end=\"2715\"><em>Infirmier(\u00e8re) psychiatrique autoris\u00e9(e) (RPN)<\/em><\/p>\n<\/li>\n<li data-start=\"2716\" data-end=\"2732\">\n<p data-start=\"2718\" data-end=\"2732\"><em>M\u00e9decin (MD)<\/em><\/p>\n<\/li>\n<\/ul>\n<h4 data-start=\"2739\" data-end=\"2808\"><strong data-start=\"2739\" data-end=\"2806\">Stages avec notre \u00c9quipe de la Sant\u00e9 et Vitalit\u00e9 Communautaires<\/strong><\/h4>\n<p data-start=\"2810\" data-end=\"3043\">L\u2019\u00c9quipe de la Sant\u00e9 et Vitalit\u00e9 Communautaires accepte des demandes de stage provenant des programmes suivants. Pour toute demande, veuillez envoyer un courriel \u00e0 la Gestionnaire de l\u2019\u00c9quipe de la Sant\u00e9 et Vitalit\u00e9 Communautaires.<\/p>\n<ul data-start=\"3045\" data-end=\"3224\" data-is-last-node=\"\" data-is-only-node=\"\">\n<li data-start=\"3045\" data-end=\"3077\">\n<p data-start=\"3047\" data-end=\"3077\"><em>\u00c9tudiants en sant\u00e9 num\u00e9rique<\/em><\/p>\n<\/li>\n<li data-start=\"3078\" data-end=\"3118\">\n<p data-start=\"3080\" data-end=\"3118\"><em>\u00c9tudiants en intelligence d\u2019affaires<\/em><\/p>\n<\/li>\n<li data-start=\"3119\" data-end=\"3155\">\n<p data-start=\"3121\" data-end=\"3155\"><em>Travailleur(euse) social(e) (SW)<\/em><\/p>\n<\/li>\n<li data-start=\"3156\" data-end=\"3224\" data-is-last-node=\"\">\n<p data-start=\"3158\" data-end=\"3224\" data-is-last-node=\"\"><em>\u00c9tudiants provenant d\u2019autres programmes de promotion de la sant\u00e9<\/em><\/p>\n<\/li>\n<\/ul>\n","protected":false},"excerpt":{"rendered":"<p>Merci de votre int\u00e9r\u00eat pour un stage \u00e9tudiant au Centre de sant\u00e9 de communautaire Carlington. Nous acceptons des stagiaires en fonction de la disponibilit\u00e9 du personnel pour offrir une supervision, ainsi&#8230;<\/p>\n","protected":false},"author":1,"featured_media":701,"parent":322,"menu_order":2,"comment_status":"closed","ping_status":"closed","template":"","meta":{"_acf_changed":false},"class_list":["post-328","page","type-page","status-publish","has-post-thumbnail","hentry"],"acf":[],"yoast_head":"<!-- This site is optimized with the Yoast SEO plugin v27.4 - https:\/\/yoast.com\/product\/yoast-seo-wordpress\/ -->\n<title>Placements d&#039;\u00e9tudiants - Centre de sant\u00e9 communautaire Carlington<\/title>\n<meta name=\"robots\" content=\"index, follow, max-snippet:-1, max-image-preview:large, max-video-preview:-1\" \/>\n<link rel=\"canonical\" href=\"https:\/\/carlingtonchc.com\/fr\/opportunites\/placements-detudiants\/\" \/>\n<meta property=\"og:locale\" content=\"fr_FR\" \/>\n<meta property=\"og:type\" content=\"article\" \/>\n<meta property=\"og:title\" content=\"Placements d&#039;\u00e9tudiants - Centre de sant\u00e9 communautaire Carlington\" \/>\n<meta property=\"og:description\" content=\"Merci de votre int\u00e9r\u00eat pour un stage \u00e9tudiant au Centre de sant\u00e9 de communautaire Carlington. Nous acceptons des stagiaires en fonction de la disponibilit\u00e9 du personnel pour offrir une supervision, ainsi...\" \/>\n<meta property=\"og:url\" content=\"https:\/\/carlingtonchc.com\/fr\/opportunites\/placements-detudiants\/\" \/>\n<meta property=\"og:site_name\" content=\"Centre de sant\u00e9 communautaire Carlington\" \/>\n<meta property=\"article:modified_time\" content=\"2025-10-14T17:24:23+00:00\" \/>\n<meta property=\"og:image\" content=\"https:\/\/carlingtonchc.com\/wp-content\/uploads\/Opportunities__Student-Placements__EN-FR.jpg\" \/>\n\t<meta property=\"og:image:width\" content=\"1600\" \/>\n\t<meta property=\"og:image:height\" content=\"900\" \/>\n\t<meta property=\"og:image:type\" content=\"image\/jpeg\" \/>\n<meta name=\"twitter:card\" content=\"summary_large_image\" \/>\n<meta name=\"twitter:label1\" content=\"Dur\u00e9e de lecture estim\u00e9e\" \/>\n\t<meta name=\"twitter:data1\" content=\"3 minutes\" \/>\n<script type=\"application\/ld+json\" class=\"yoast-schema-graph\">{\"@context\":\"https:\\\/\\\/schema.org\",\"@graph\":[{\"@type\":\"WebPage\",\"@id\":\"https:\\\/\\\/carlingtonchc.com\\\/fr\\\/opportunites\\\/placements-detudiants\\\/\",\"url\":\"https:\\\/\\\/carlingtonchc.com\\\/fr\\\/opportunites\\\/placements-detudiants\\\/\",\"name\":\"Placements d'\u00e9tudiants - Centre de sant\u00e9 communautaire Carlington\",\"isPartOf\":{\"@id\":\"https:\\\/\\\/carlingtonchc.com\\\/#website\"},\"primaryImageOfPage\":{\"@id\":\"https:\\\/\\\/carlingtonchc.com\\\/fr\\\/opportunites\\\/placements-detudiants\\\/#primaryimage\"},\"image\":{\"@id\":\"https:\\\/\\\/carlingtonchc.com\\\/fr\\\/opportunites\\\/placements-detudiants\\\/#primaryimage\"},\"thumbnailUrl\":\"https:\\\/\\\/carlingtonchc.com\\\/wp-content\\\/uploads\\\/Opportunities__Student-Placements__EN-FR.jpg\",\"datePublished\":\"2020-10-19T09:00:32+00:00\",\"dateModified\":\"2025-10-14T17:24:23+00:00\",\"breadcrumb\":{\"@id\":\"https:\\\/\\\/carlingtonchc.com\\\/fr\\\/opportunites\\\/placements-detudiants\\\/#breadcrumb\"},\"inLanguage\":\"fr-FR\",\"potentialAction\":[{\"@type\":\"ReadAction\",\"target\":[\"https:\\\/\\\/carlingtonchc.com\\\/fr\\\/opportunites\\\/placements-detudiants\\\/\"]}]},{\"@type\":\"ImageObject\",\"inLanguage\":\"fr-FR\",\"@id\":\"https:\\\/\\\/carlingtonchc.com\\\/fr\\\/opportunites\\\/placements-detudiants\\\/#primaryimage\",\"url\":\"https:\\\/\\\/carlingtonchc.com\\\/wp-content\\\/uploads\\\/Opportunities__Student-Placements__EN-FR.jpg\",\"contentUrl\":\"https:\\\/\\\/carlingtonchc.com\\\/wp-content\\\/uploads\\\/Opportunities__Student-Placements__EN-FR.jpg\",\"width\":1600,\"height\":900,\"caption\":\"Des \u00e9tudiants portant des sacs \u00e0 dos serrant la main de gens d'affaires\"},{\"@type\":\"BreadcrumbList\",\"@id\":\"https:\\\/\\\/carlingtonchc.com\\\/fr\\\/opportunites\\\/placements-detudiants\\\/#breadcrumb\",\"itemListElement\":[{\"@type\":\"ListItem\",\"position\":1,\"name\":\"Home\",\"item\":\"https:\\\/\\\/carlingtonchc.com\\\/fr\\\/\"},{\"@type\":\"ListItem\",\"position\":2,\"name\":\"Opportunit\u00e9s\",\"item\":\"https:\\\/\\\/carlingtonchc.com\\\/opportunities\\\/\"},{\"@type\":\"ListItem\",\"position\":3,\"name\":\"Placements d&#8217;\u00e9tudiants\"}]},{\"@type\":\"WebSite\",\"@id\":\"https:\\\/\\\/carlingtonchc.com\\\/#website\",\"url\":\"https:\\\/\\\/carlingtonchc.com\\\/\",\"name\":\"Centre de sant\u00e9 communautaire Carlington\",\"description\":\"900 Merivale Road, Ottawa ON Canada\",\"potentialAction\":[{\"@type\":\"SearchAction\",\"target\":{\"@type\":\"EntryPoint\",\"urlTemplate\":\"https:\\\/\\\/carlingtonchc.com\\\/?s={search_term_string}\"},\"query-input\":{\"@type\":\"PropertyValueSpecification\",\"valueRequired\":true,\"valueName\":\"search_term_string\"}}],\"inLanguage\":\"fr-FR\"}]}<\/script>\n<!-- \/ Yoast SEO plugin. -->","yoast_head_json":{"title":"Placements d'\u00e9tudiants - Centre de sant\u00e9 communautaire Carlington","robots":{"index":"index","follow":"follow","max-snippet":"max-snippet:-1","max-image-preview":"max-image-preview:large","max-video-preview":"max-video-preview:-1"},"canonical":"https:\/\/carlingtonchc.com\/fr\/opportunites\/placements-detudiants\/","og_locale":"fr_FR","og_type":"article","og_title":"Placements d'\u00e9tudiants - Centre de sant\u00e9 communautaire Carlington","og_description":"Merci de votre int\u00e9r\u00eat pour un stage \u00e9tudiant au Centre de sant\u00e9 de communautaire Carlington. Nous acceptons des stagiaires en fonction de la disponibilit\u00e9 du personnel pour offrir une supervision, ainsi...","og_url":"https:\/\/carlingtonchc.com\/fr\/opportunites\/placements-detudiants\/","og_site_name":"Centre de sant\u00e9 communautaire Carlington","article_modified_time":"2025-10-14T17:24:23+00:00","og_image":[{"width":1600,"height":900,"url":"https:\/\/carlingtonchc.com\/wp-content\/uploads\/Opportunities__Student-Placements__EN-FR.jpg","type":"image\/jpeg"}],"twitter_card":"summary_large_image","twitter_misc":{"Dur\u00e9e de lecture estim\u00e9e":"3 minutes"},"schema":{"@context":"https:\/\/schema.org","@graph":[{"@type":"WebPage","@id":"https:\/\/carlingtonchc.com\/fr\/opportunites\/placements-detudiants\/","url":"https:\/\/carlingtonchc.com\/fr\/opportunites\/placements-detudiants\/","name":"Placements d'\u00e9tudiants - Centre de sant\u00e9 communautaire Carlington","isPartOf":{"@id":"https:\/\/carlingtonchc.com\/#website"},"primaryImageOfPage":{"@id":"https:\/\/carlingtonchc.com\/fr\/opportunites\/placements-detudiants\/#primaryimage"},"image":{"@id":"https:\/\/carlingtonchc.com\/fr\/opportunites\/placements-detudiants\/#primaryimage"},"thumbnailUrl":"https:\/\/carlingtonchc.com\/wp-content\/uploads\/Opportunities__Student-Placements__EN-FR.jpg","datePublished":"2020-10-19T09:00:32+00:00","dateModified":"2025-10-14T17:24:23+00:00","breadcrumb":{"@id":"https:\/\/carlingtonchc.com\/fr\/opportunites\/placements-detudiants\/#breadcrumb"},"inLanguage":"fr-FR","potentialAction":[{"@type":"ReadAction","target":["https:\/\/carlingtonchc.com\/fr\/opportunites\/placements-detudiants\/"]}]},{"@type":"ImageObject","inLanguage":"fr-FR","@id":"https:\/\/carlingtonchc.com\/fr\/opportunites\/placements-detudiants\/#primaryimage","url":"https:\/\/carlingtonchc.com\/wp-content\/uploads\/Opportunities__Student-Placements__EN-FR.jpg","contentUrl":"https:\/\/carlingtonchc.com\/wp-content\/uploads\/Opportunities__Student-Placements__EN-FR.jpg","width":1600,"height":900,"caption":"Des \u00e9tudiants portant des sacs \u00e0 dos serrant la main de gens d'affaires"},{"@type":"BreadcrumbList","@id":"https:\/\/carlingtonchc.com\/fr\/opportunites\/placements-detudiants\/#breadcrumb","itemListElement":[{"@type":"ListItem","position":1,"name":"Home","item":"https:\/\/carlingtonchc.com\/fr\/"},{"@type":"ListItem","position":2,"name":"Opportunit\u00e9s","item":"https:\/\/carlingtonchc.com\/opportunities\/"},{"@type":"ListItem","position":3,"name":"Placements d&#8217;\u00e9tudiants"}]},{"@type":"WebSite","@id":"https:\/\/carlingtonchc.com\/#website","url":"https:\/\/carlingtonchc.com\/","name":"Centre de sant\u00e9 communautaire Carlington","description":"900 Merivale Road, Ottawa ON Canada","potentialAction":[{"@type":"SearchAction","target":{"@type":"EntryPoint","urlTemplate":"https:\/\/carlingtonchc.com\/?s={search_term_string}"},"query-input":{"@type":"PropertyValueSpecification","valueRequired":true,"valueName":"search_term_string"}}],"inLanguage":"fr-FR"}]}},"_links":{"self":[{"href":"https:\/\/carlingtonchc.com\/fr\/wp-json\/wp\/v2\/pages\/328","targetHints":{"allow":["GET"]}}],"collection":[{"href":"https:\/\/carlingtonchc.com\/fr\/wp-json\/wp\/v2\/pages"}],"about":[{"href":"https:\/\/carlingtonchc.com\/fr\/wp-json\/wp\/v2\/types\/page"}],"author":[{"embeddable":true,"href":"https:\/\/carlingtonchc.com\/fr\/wp-json\/wp\/v2\/users\/1"}],"replies":[{"embeddable":true,"href":"https:\/\/carlingtonchc.com\/fr\/wp-json\/wp\/v2\/comments?post=328"}],"version-history":[{"count":0,"href":"https:\/\/carlingtonchc.com\/fr\/wp-json\/wp\/v2\/pages\/328\/revisions"}],"up":[{"embeddable":true,"href":"https:\/\/carlingtonchc.com\/fr\/wp-json\/wp\/v2\/pages\/322"}],"wp:featuredmedia":[{"embeddable":true,"href":"https:\/\/carlingtonchc.com\/fr\/wp-json\/wp\/v2\/media\/701"}],"wp:attachment":[{"href":"https:\/\/carlingtonchc.com\/fr\/wp-json\/wp\/v2\/media?parent=328"}],"curies":[{"name":"wp","href":"https:\/\/api.w.org\/{rel}","templated":true}]}}