{"id":334,"date":"2020-09-28T08:38:52","date_gmt":"2020-09-28T08:38:52","guid":{"rendered":"http:\/\/cchc.wp-staging.net\/privacy-statement\/"},"modified":"2020-12-19T19:28:20","modified_gmt":"2020-12-19T19:28:20","slug":"declaration-de-confidentialite","status":"publish","type":"page","link":"https:\/\/carlingtonchc.com\/fr\/petits-caracteres\/declaration-de-confidentialite\/","title":{"rendered":"D\u00e9claration de confidentialit\u00e9"},"content":{"rendered":"\r\n<p>Sur le site Centre de Sant\u00e9 Carlington (si apr\u00e8s d\u00e9nomm\u00e9 le \u00ab Site \u00bb), nous nous attachons \u00e0 prot\u00e9ger vos donn\u00e9es personnelles. Cette d\u00e9claration de confidentialit\u00e9 s\u2019applique uniquement \u00e0 ce site ; elle ne peut pas s\u2019appliquer \u00e0 d\u2019autres sites, en ligne ou non, ni \u00e0 d\u2019autres produits ou services. En acc\u00e9dant au Site, vous acceptez l\u2019enregistrement de vos informations et les conditions d\u2019utilisation d\u00e9crites dans cette d\u00e9claration de confidentialit\u00e9.<\/p>\r\n<h3 class=\"wp-block-heading\">Collecte de vos informations personnelles<\/h3>\r\n<p>Nous vous demanderons des informations lorsque nous aurons besoin de donn\u00e9es permettant de vous identifier personnellement (informations personnelles) ou dans le but de vous contacter. En g\u00e9n\u00e9ral, ces informations sont n\u00e9cessaires lorsque nous vous fournissons un service ou effectuons une transaction dont vous avez fait la demande, par exemple pour des informations sur des produits et services de ce Site, l\u2019inscription \u00e0 un concours, la commande de bulletins d\u2019information par courrier \u00e9lectronique, l\u2019acc\u00e8s \u00e0 un site prioritaire \u00e0 acc\u00e8s limit\u00e9 ou l\u2019achat et l\u2019enregistrement de produits sur ce Site. Les informations personnelles que nous collectons peuvent comprendre votre nom, votre fonction, le nom de votre entreprise ou de votre organisation, votre adresse de messagerie professionnelle, votre num\u00e9ro de t\u00e9l\u00e9phone professionnel, votre adresse postale professionnelle ou personnelle, des informations sur votre fonction ou sur votre entreprise, et des informations sur votre carte de cr\u00e9dit.<\/p>\r\n<p>Le Site peut \u00e9galement collecter des informations sur votre visite, dont le nom de votre fournisseur d\u2019acc\u00e8s Internet et l\u2019adresse IP utilis\u00e9s pour acc\u00e9der \u00e0 Internet, la date et l\u2019heure d\u2019acc\u00e8s au site, les pages auxquelles vous acc\u00e9dez sur le Site et l\u2019adresse Internet du site Web \u00e0 partir duquel vous \u00eates arriv\u00e9 sur notre site. Ces informations sont destin\u00e9es \u00e0 l\u2019analyse des tendances et \u00e0 l\u2019administration et l\u2019am\u00e9lioration du Site.<\/p>\r\n<p>Afin d\u2019\u00e9viter que votre adresse de messagerie ou d\u2019autres informations personnelles ne soient r\u00e9cup\u00e9r\u00e9es et mal utilis\u00e9es par d\u2019autres, nous vous recommande d\u2019\u00eatre prudent quant \u00e0 l\u2019utilisation d\u2019une adresse de messagerie existante ou d\u2019autres informations personnelles dans des groupes de discussion, des conversations ou autres forums publics.<\/p>\r\n<h3>Utilisation de vos donn\u00e9es personnelles<\/h3>\r\n<p>Les informations personnelles collect\u00e9es sur ce Site sont utilis\u00e9es pour le fonctionnement du Site et pour nous permettre de vous fournir le service ou de mener \u00e0 bien la transaction que vous avez demand\u00e9 ou autoris\u00e9.<\/p>\r\n<p>Dans le cadre de ces utilisations, ce Site peut utiliser des informations personnelles dans le but de vous fournir un service client\u00e8le plus efficace, pour am\u00e9liorer le Site et tout autre produit ou service de ce Site et pour vous faciliter la navigation en vous \u00e9vitant d\u2019entrer plusieurs fois les m\u00eames informations ou en adaptant le site \u00e0 vos pr\u00e9f\u00e9rences ou vos int\u00e9r\u00eats. Afin de vous proposer un environnement constant dans vos interactions avec notre Site, les informations collect\u00e9es peuvent \u00eatre utilis\u00e9es en combinaison avec celles collect\u00e9es par d\u2019autres services de notre Site.<\/p>\r\n<p>Nous pouvons utiliser vos informations personnelles pour vous faire parvenir des informations importantes sur le produit ou le service que vous utilisez.<\/p>\r\n<p>Nous combinons les donn\u00e9es de visites du site avec des donn\u00e9es d\u00e9mographiques anonymes dans le but d\u2019effectuer des recherches ; les volumes d\u2019informations obtenus sont utilis\u00e9s de mani\u00e8re \u00e0 vous fournir le contenu que vous attendez. Dans certaines zones d\u2019acc\u00e8s limit\u00e9 de notre Site, avec votre accord, nous combinerons les donn\u00e9es de visite du site avec vos donn\u00e9es personnelles de mani\u00e8re \u00e0 vous proposer des contenus personnalis\u00e9s. Sans votre autorisation, nous ne serons pas en mesure de vous fournir un service personnalis\u00e9 et nous ne pourrons pas combiner vos donn\u00e9es personnelles avec celles des visites du site.<\/p>\r\n<p>Lorsque vous vous inscrivez \u00e0 un bulletin d\u2019information ou que vous d\u00e9clarer que vous souhaitez recevoir des messages \u00e9lectroniques publicitaires, notre Site peut utiliser des liens personnalis\u00e9s ou d\u2019autres technologies similaires pour suivre les liens sur lesquels vous cliquez dans les messages \u00e9lectroniques. Nous pouvons associer ces informations \u00e0 vos informations personnelles afin de vous envoyer des messages ou des informations encore plus cibl\u00e9s.<\/p>\r\n<p>Certains services sur notre Site offrent aux particuliers la possibilit\u00e9 d\u2019afficher publiquement certaines informations personnelles, par exemple pour un de nos partenaires qui souhaite publier ses informations de contact dans le cadre des services qu\u2019il propose. La participation \u00e0 de tels services est toujours facultative.<\/p>\r\n<p>Notre Site utilise parfois d\u2019autres entreprises pour fournir certains services de sa part. Il peut s\u2019agir par exemple de l\u2019h\u00e9bergement de sites Web, de l\u2019empaquetage, de l\u2019exp\u00e9dition et de la livraison de prix, de r\u00e9ponses \u00e0 des questions pos\u00e9es par un client sur les produits et services ou encore de l\u2019envoi d\u2019informations sur nos produits, nos offres sp\u00e9ciales ou d\u2019autres nouveaux services. Nous ne transmettrons \u00e0 ces entreprises que les informations personnelles n\u00e9cessaires \u00e0 leur service. Ces entreprises sont tenues de respecter la confidentialit\u00e9 de ces informations et ne peuvent en aucun cas les utiliser dans un autre but.<\/p>\r\n<p>Nous communiquerons vos informations personnelles uniquement si la loi l\u2019exige ou si nous pensons en toute bonne fois qu\u2019il est n\u00e9cessaire de nous conformer \u00e0 des d\u00e9crets de loi ou \u00e0 une proc\u00e9dure l\u00e9gale, prot\u00e9ger et d\u00e9fendre nos droits ou nos propri\u00e9t\u00e9s et agir dans des cas d\u2019urgence pour prot\u00e9ger la s\u00e9curit\u00e9 personnelle de nos employ\u00e9s et utilisateurs du site.<\/p>\r\n<p>Les informations personnelles collect\u00e9es sur le Site peuvent \u00eatre stock\u00e9es et utilis\u00e9es au Canada ou dans tout autre pays par ses filiales, ses partenaires ou ses agents sont pr\u00e9sents. En utilisant le Site, vous consentez \u00e0 de tels transferts de vos informations personnelles en dehors de votre pays.<\/p>\r\n<h3>Contr\u00f4le de vos informations personnelles<\/h3>\r\n<p>Sauf indication contraire dans cette d\u00e9claration, les informations personnelles que vous fournissez sur le Site ne seront pas transmises en dehors de ses filiales et partenaires sans votre autorisation. Tel que d\u00e9crit dans la section qui suit, vous pouvez acc\u00e9der \u00e0 vos informations personnelles et choisir comme vous souhaitez \u00eatre contact\u00e9.<\/p>\r\n<p>Cette d\u00e9claration de confidentialit\u00e9 et les choix que vous faites sur le Site ne s\u2019appliquent pas forc\u00e9ment aux informations personnelles que vous nous avez fournies dans le contexte d\u2019autres produits ou services distincts.<\/p>\r\n<p>Nous pouvons vous envoyer r\u00e9guli\u00e8rement des courriers \u00e9lectroniques pour vous informer des probl\u00e8mes de service technique ou de s\u00e9curit\u00e9 li\u00e9s \u00e0 un produit ou un service que vous avez demand\u00e9, ou accuser r\u00e9ception d\u2019une demande de produit ou de service. Dans certains services offerts sur notre Site, le contact avec le client est un \u00e9l\u00e9ment essentiel du service. Vous ne pourrez pas annuler votre inscription \u00e0 ces publipostages car ils font partie int\u00e9grante du service que vous avez choisi.<\/p>\r\n<h3>Acc\u00e8s \u00e0 vos donn\u00e9es personnelles<\/h3>\r\n<p>Vous pouvez rectifier vos donn\u00e9es personnelles et vos informations de contact sur ce Site apr\u00e8s vous \u00eatre identifi\u00e9.<\/p>\r\n<p>Certains services que nous offrons peuvent recueillir des informations non accessibles par le biais de vos param\u00e8tres personnels. Toutefois, dans ce cas, vous pouvez acc\u00e9der \u00e0 vos donn\u00e9es personnelles en nous contactant comme expliqu\u00e9 au bas de cette d\u00e9claration, ou via d\u2019autres sources de communication d\u00e9crites par le service.<\/p>\r\n<h3>S\u00e9curit\u00e9 de vos informations personnelles<\/h3>\r\n<p>Nous vous garantissons rigoureusement la protection de vos informations personnelles. Nous faisons appel \u00e0 diverses technologies et proc\u00e9dures de s\u00e9curit\u00e9 afin d\u2019assurer la protection de vos donn\u00e9es personnelles et \u00e9viter qu\u2019elles ne soient consult\u00e9es, utilis\u00e9es ou divulgu\u00e9es sans autorisation. Par exemple, nous stockons les donn\u00e9es que vous nous fournissez sur des serveurs dont l\u2019acc\u00e8s est limit\u00e9 et qui sont situ\u00e9s dans des installations surveill\u00e9es. De plus, lorsque nous transmettons des informations confidentielles sensibles sur Internet (un num\u00e9ro de carte de cr\u00e9dit, par exemple), ces informations sont prot\u00e9g\u00e9es au moyen d\u2019un syst\u00e8me de cryptage tel que le protocole SSL (Secure Socket Layer) ou toutes autres techniques permettant le chiffrement de ces informations.<\/p>\r\n<h3>Protection des informations personnelles des enfants<\/h3>\r\n<p>Notre Site ne collecte pas volontairement les informations personnelles des enfants.<\/p>\r\n<h3>Cookies<\/h3>\r\n<p>Les cookies sont utilis\u00e9s sur ce Site pour assurer l\u2019int\u00e9grit\u00e9 du processus d\u2019inscription et pour personnaliser le Site. Un cookie est un petit fichier texte plac\u00e9 sur votre disque dur par un serveur de pages Web. Il ne peut pas \u00eatre utilis\u00e9 pour ex\u00e9cuter des programmes ou pour infecter votre ordinateur avec des virus. Les cookies vous sont adress\u00e9s exclusivement et peuvent \u00eatre lus uniquement par les serveurs Web appartenant au domaine qui vous a livr\u00e9 le cookie.<\/p>\r\n<p>L\u2019une des principales fonctions pratiques des cookies est de vous faire gagner du temps. Par exemple, si vous personnalisez une page Web, ou naviguez dans un site, le cookie aidera le site \u00e0 trouver vos informations sp\u00e9cifiques au cours des visites suivantes. Cela permet, notamment, de simplifier le processus de livraison des contenus qui vous int\u00e9ressent et la navigation sur le site. Lorsque vous revenez sur le site Web, les informations que vous avez fournies auparavant sont r\u00e9utilis\u00e9es pour vous permettre d\u2019utiliser plus facilement les fonctions du site que vous avez personnalis\u00e9.<\/p>\r\n<p>Nous pouvons \u00e9galement utiliser des pixels invisibles, \u00e9galement connus sous le nom de GIF invisible, pour aider \u00e0 l\u2019implantation du cookie. Nous utilisons cette technologie comme un outil de compilation de statistiques relatives \u00e0 l\u2019utilisation de notre Site. Ces statistiques incluent le nombre de visiteurs ayant cliqu\u00e9 sur les \u00e9l\u00e9ments cl\u00e9s (par exemple des liens ou des graphismes) d\u2019une page Web, d\u2019une page de journal Web ou d\u2019un bulletin d\u2019information de notre Site. Nous sommes susceptibles de partager des statistiques compil\u00e9es avec des entreprises partenaires, mais nous n\u2019autorisons pas d\u2019autres entreprises \u00e0 placer des images .gif ou des cookies sur nos sites, sauf dans le cas d\u2019un int\u00e9r\u00eat particulier temporaire pour nos clients (par exemple par l\u2019int\u00e9gration d\u2019un service d\u2019un site bas\u00e9 sur des cookies tiers ou des .gif clairs).<\/p>\r\n<p>Vous pouvez accepter ou refuser les cookies. La plupart des navigateurs Web acceptent les cookies automatiquement, mais vous pouvez modifier les param\u00e8tres de votre navigateur pour leur refuser l\u2019acc\u00e8s \u00e0 votre ordinateur si vous le souhaitez. Si vous choisissez de refuser les cookies, vous risquez de ne pas pouvoir utiliser compl\u00e8tement les fonctions interactives de ce site ou d\u2019autres sites Web que vous visiterez.<\/p>\r\n<h3>Application de cette d\u00e9claration de confidentialit\u00e9<\/h3>\r\n<p>Si vous avez des questions concernant cette d\u00e9claration, contactez-nous par le biais du formulaire que nous mettons \u00e0 votre disposition auquel vous avez acc\u00e8s apr\u00e8s vous \u00eatre identifi\u00e9.<\/p>\r\n<h3>Modifications de cette d\u00e9claration de confidentialit\u00e9<\/h3>\r\n<p>Nous mettons occasionnellement \u00e0 jour cette d\u00e9claration de confidentialit\u00e9. Dans ce cas, nous corrigeons \u00e9galement la date de \u00ab derni\u00e8re mise \u00e0 jour \u00bb en haut de la d\u00e9claration de confidentialit\u00e9. En cas de modifications substantielles de cette d\u00e9claration, nous vous le signalerons en pla\u00e7ant une notice visible sur la page d\u2019accueil du site Web ou en vous envoyant directement une notification. Nous vous encourageons \u00e0 consulter r\u00e9guli\u00e8rement cette d\u00e9claration de confidentialit\u00e9 afin de rester inform\u00e9 de comment nous vous aidons \u00e0 prot\u00e9ger les informations personnelles que nous collectons. L\u2019utilisation continue de ce service constitue votre accord quant \u00e0 cette d\u00e9claration de confidentialit\u00e9 et \u00e0 ses mises \u00e0 jour.<\/p>\r\n<h3>Contacts<\/h3>\r\n<p>Vos commentaires concernant cette d\u00e9claration de confidentialit\u00e9 sont les bienvenus. Si vous estimez que notre Site n\u2019a pas respect\u00e9 cette d\u00e9claration de confidentialit\u00e9, contactez-nous par voie \u00e9lectronique ou par courrier postal \u00e0 l\u2019adresse se trouvant sur les conditions d\u2019utilisation, et nous userons de tous moyens raisonnables pour rapidement d\u00e9terminer le probl\u00e8me et y rem\u00e9dier.<\/p>\r\n","protected":false},"excerpt":{"rendered":"<p>Sur le site Centre de Sant\u00e9 Carlington (si apr\u00e8s d\u00e9nomm\u00e9 le \u00ab Site \u00bb), nous nous attachons \u00e0 prot\u00e9ger vos donn\u00e9es personnelles. Cette d\u00e9claration de confidentialit\u00e9 s\u2019applique uniquement \u00e0 ce site&#8230;<\/p>\n","protected":false},"author":1,"featured_media":0,"parent":447,"menu_order":0,"comment_status":"closed","ping_status":"closed","template":"","meta":{"_acf_changed":false},"class_list":["post-334","page","type-page","status-publish","hentry"],"acf":[],"yoast_head":"<!-- This site is optimized with the Yoast SEO plugin v27.4 - https:\/\/yoast.com\/product\/yoast-seo-wordpress\/ -->\n<title>D\u00e9claration de confidentialit\u00e9 - Centre de sant\u00e9 communautaire Carlington<\/title>\n<meta name=\"robots\" content=\"index, follow, max-snippet:-1, max-image-preview:large, max-video-preview:-1\" \/>\n<link rel=\"canonical\" href=\"https:\/\/carlingtonchc.com\/fine-print\/privacy-statement\/\" \/>\n<meta property=\"og:locale\" content=\"fr_FR\" \/>\n<meta property=\"og:type\" content=\"article\" \/>\n<meta property=\"og:title\" content=\"D\u00e9claration de confidentialit\u00e9 - Centre de sant\u00e9 communautaire Carlington\" \/>\n<meta property=\"og:description\" content=\"Sur le site Centre de Sant\u00e9 Carlington (si apr\u00e8s d\u00e9nomm\u00e9 le \u00ab Site \u00bb), nous nous attachons \u00e0 prot\u00e9ger vos donn\u00e9es personnelles. Cette d\u00e9claration de confidentialit\u00e9 s\u2019applique uniquement \u00e0 ce site...\" \/>\n<meta property=\"og:url\" content=\"https:\/\/carlingtonchc.com\/fine-print\/privacy-statement\/\" \/>\n<meta property=\"og:site_name\" content=\"Centre de sant\u00e9 communautaire Carlington\" \/>\n<meta property=\"article:modified_time\" content=\"2020-12-19T19:28:20+00:00\" \/>\n<meta name=\"twitter:card\" content=\"summary_large_image\" \/>\n<meta name=\"twitter:label1\" content=\"Dur\u00e9e de lecture estim\u00e9e\" \/>\n\t<meta name=\"twitter:data1\" content=\"10 minutes\" \/>\n<script type=\"application\/ld+json\" class=\"yoast-schema-graph\">{\"@context\":\"https:\\\/\\\/schema.org\",\"@graph\":[{\"@type\":\"WebPage\",\"@id\":\"https:\\\/\\\/carlingtonchc.com\\\/fine-print\\\/privacy-statement\\\/\",\"url\":\"https:\\\/\\\/carlingtonchc.com\\\/fine-print\\\/privacy-statement\\\/\",\"name\":\"D\u00e9claration de confidentialit\u00e9 - Centre de sant\u00e9 communautaire Carlington\",\"isPartOf\":{\"@id\":\"https:\\\/\\\/carlingtonchc.com\\\/#website\"},\"datePublished\":\"2020-09-28T08:38:52+00:00\",\"dateModified\":\"2020-12-19T19:28:20+00:00\",\"breadcrumb\":{\"@id\":\"https:\\\/\\\/carlingtonchc.com\\\/fine-print\\\/privacy-statement\\\/#breadcrumb\"},\"inLanguage\":\"fr-FR\",\"potentialAction\":[{\"@type\":\"ReadAction\",\"target\":[\"https:\\\/\\\/carlingtonchc.com\\\/fine-print\\\/privacy-statement\\\/\"]}]},{\"@type\":\"BreadcrumbList\",\"@id\":\"https:\\\/\\\/carlingtonchc.com\\\/fine-print\\\/privacy-statement\\\/#breadcrumb\",\"itemListElement\":[{\"@type\":\"ListItem\",\"position\":1,\"name\":\"Home\",\"item\":\"https:\\\/\\\/carlingtonchc.com\\\/fr\\\/\"},{\"@type\":\"ListItem\",\"position\":2,\"name\":\"Petits caract\u00e8res\",\"item\":\"https:\\\/\\\/carlingtonchc.com\\\/fine-print\\\/\"},{\"@type\":\"ListItem\",\"position\":3,\"name\":\"D\u00e9claration de confidentialit\u00e9\"}]},{\"@type\":\"WebSite\",\"@id\":\"https:\\\/\\\/carlingtonchc.com\\\/#website\",\"url\":\"https:\\\/\\\/carlingtonchc.com\\\/\",\"name\":\"Centre de sant\u00e9 communautaire Carlington\",\"description\":\"900 Merivale Road, Ottawa ON Canada\",\"potentialAction\":[{\"@type\":\"SearchAction\",\"target\":{\"@type\":\"EntryPoint\",\"urlTemplate\":\"https:\\\/\\\/carlingtonchc.com\\\/?s={search_term_string}\"},\"query-input\":{\"@type\":\"PropertyValueSpecification\",\"valueRequired\":true,\"valueName\":\"search_term_string\"}}],\"inLanguage\":\"fr-FR\"}]}<\/script>\n<!-- \/ Yoast SEO plugin. -->","yoast_head_json":{"title":"D\u00e9claration de confidentialit\u00e9 - Centre de sant\u00e9 communautaire Carlington","robots":{"index":"index","follow":"follow","max-snippet":"max-snippet:-1","max-image-preview":"max-image-preview:large","max-video-preview":"max-video-preview:-1"},"canonical":"https:\/\/carlingtonchc.com\/fine-print\/privacy-statement\/","og_locale":"fr_FR","og_type":"article","og_title":"D\u00e9claration de confidentialit\u00e9 - Centre de sant\u00e9 communautaire Carlington","og_description":"Sur le site Centre de Sant\u00e9 Carlington (si apr\u00e8s d\u00e9nomm\u00e9 le \u00ab Site \u00bb), nous nous attachons \u00e0 prot\u00e9ger vos donn\u00e9es personnelles. Cette d\u00e9claration de confidentialit\u00e9 s\u2019applique uniquement \u00e0 ce site...","og_url":"https:\/\/carlingtonchc.com\/fine-print\/privacy-statement\/","og_site_name":"Centre de sant\u00e9 communautaire Carlington","article_modified_time":"2020-12-19T19:28:20+00:00","twitter_card":"summary_large_image","twitter_misc":{"Dur\u00e9e de lecture estim\u00e9e":"10 minutes"},"schema":{"@context":"https:\/\/schema.org","@graph":[{"@type":"WebPage","@id":"https:\/\/carlingtonchc.com\/fine-print\/privacy-statement\/","url":"https:\/\/carlingtonchc.com\/fine-print\/privacy-statement\/","name":"D\u00e9claration de confidentialit\u00e9 - Centre de sant\u00e9 communautaire Carlington","isPartOf":{"@id":"https:\/\/carlingtonchc.com\/#website"},"datePublished":"2020-09-28T08:38:52+00:00","dateModified":"2020-12-19T19:28:20+00:00","breadcrumb":{"@id":"https:\/\/carlingtonchc.com\/fine-print\/privacy-statement\/#breadcrumb"},"inLanguage":"fr-FR","potentialAction":[{"@type":"ReadAction","target":["https:\/\/carlingtonchc.com\/fine-print\/privacy-statement\/"]}]},{"@type":"BreadcrumbList","@id":"https:\/\/carlingtonchc.com\/fine-print\/privacy-statement\/#breadcrumb","itemListElement":[{"@type":"ListItem","position":1,"name":"Home","item":"https:\/\/carlingtonchc.com\/fr\/"},{"@type":"ListItem","position":2,"name":"Petits caract\u00e8res","item":"https:\/\/carlingtonchc.com\/fine-print\/"},{"@type":"ListItem","position":3,"name":"D\u00e9claration de confidentialit\u00e9"}]},{"@type":"WebSite","@id":"https:\/\/carlingtonchc.com\/#website","url":"https:\/\/carlingtonchc.com\/","name":"Centre de sant\u00e9 communautaire Carlington","description":"900 Merivale Road, Ottawa ON Canada","potentialAction":[{"@type":"SearchAction","target":{"@type":"EntryPoint","urlTemplate":"https:\/\/carlingtonchc.com\/?s={search_term_string}"},"query-input":{"@type":"PropertyValueSpecification","valueRequired":true,"valueName":"search_term_string"}}],"inLanguage":"fr-FR"}]}},"_links":{"self":[{"href":"https:\/\/carlingtonchc.com\/fr\/wp-json\/wp\/v2\/pages\/334","targetHints":{"allow":["GET"]}}],"collection":[{"href":"https:\/\/carlingtonchc.com\/fr\/wp-json\/wp\/v2\/pages"}],"about":[{"href":"https:\/\/carlingtonchc.com\/fr\/wp-json\/wp\/v2\/types\/page"}],"author":[{"embeddable":true,"href":"https:\/\/carlingtonchc.com\/fr\/wp-json\/wp\/v2\/users\/1"}],"replies":[{"embeddable":true,"href":"https:\/\/carlingtonchc.com\/fr\/wp-json\/wp\/v2\/comments?post=334"}],"version-history":[{"count":0,"href":"https:\/\/carlingtonchc.com\/fr\/wp-json\/wp\/v2\/pages\/334\/revisions"}],"up":[{"embeddable":true,"href":"https:\/\/carlingtonchc.com\/fr\/wp-json\/wp\/v2\/pages\/447"}],"wp:attachment":[{"href":"https:\/\/carlingtonchc.com\/fr\/wp-json\/wp\/v2\/media?parent=334"}],"curies":[{"name":"wp","href":"https:\/\/api.w.org\/{rel}","templated":true}]}}