{"id":342,"date":"2020-10-15T13:14:14","date_gmt":"2020-10-15T13:14:14","guid":{"rendered":"http:\/\/cchc.wp-staging.net\/programmes-et-services\/familles\/annavale-headstart-nursery-school\/"},"modified":"2025-06-13T19:01:35","modified_gmt":"2025-06-13T19:01:35","slug":"prematernelle-bon-depart-annavale","status":"publish","type":"page","link":"https:\/\/carlingtonchc.com\/fr\/programmes-et-services\/familles\/prematernelle-bon-depart-annavale\/","title":{"rendered":"Pr\u00e9maternelle bon d\u00e9part Annavale"},"content":{"rendered":"<p data-start=\"40\" data-end=\"319\">L&#8217;\u00c9cole maternelle bon d\u00e9part Annavale est un programme subventionn\u00e9 \u00e0 temps plein pour tout-petits et enfants d\u2019\u00e2ge pr\u00e9scolaire, destin\u00e9 aux enfants \u00e2g\u00e9s de 18 mois jusqu\u2019\u00e0 ce qu\u2019ils soient admissibles \u00e0 la maternelle. Le programme est situ\u00e9 \u00e0 l\u2019\u00e9cole publique W. E. Gowling.<\/p>\n<p data-start=\"321\" data-end=\"646\">Le programme Annavale aide votre enfant \u00e0 apprendre et \u00e0 s\u2019\u00e9panouir tout en s\u2019amusant ! Une excellente fa\u00e7on de pr\u00e9parer votre enfant \u00e0 l\u2019\u00e9cole ! Les enfants doivent avoir au minimum 18 mois, et les parents doivent \u00eatre inscrits sur la liste d\u2019attente pour les places subventionn\u00e9es en services de garde de la Ville d\u2019Ottawa.<\/p>\n<p data-start=\"648\" data-end=\"815\">L\u2019\u00c9cole maternelle Annavale est agr\u00e9\u00e9e par le minist\u00e8re de l\u2019\u00c9ducation et fait partie de l\u2019<strong data-start=\"739\" data-end=\"814\">Association des \u00e9coles pr\u00e9scolaires Headstart d\u2019Ottawa-Carleton (OCHAP)<\/strong>.<\/p>\n<p data-start=\"817\" data-end=\"1201\">Le programme a lieu de 8 h 30 \u00e0 15 h 30 en semaine, et offre un d\u00eener et des collations sant\u00e9, des p\u00e9riodes de jeu libre avec une vari\u00e9t\u00e9 de jouets et de mat\u00e9riaux adapt\u00e9s \u00e0 l\u2019\u00e2ge afin de favoriser le d\u00e9veloppement, l\u2019exploration et l\u2019engagement des enfants. Le transport aller-retour est offert aux familles du quartier Carlington, ainsi qu\u2019une \u00e9valuation du langage et de la parole.<\/p>\n<p data-start=\"1203\" data-end=\"1305\">Ce programme est financ\u00e9 par <strong data-start=\"1232\" data-end=\"1253\">la Ville d\u2019Ottawa<\/strong> et le <strong data-start=\"1260\" data-end=\"1304\">Centre de sant\u00e9 communautaire Carlington<\/strong>.<\/p>\n<p data-start=\"1307\" data-end=\"1386\" data-is-last-node=\"\" data-is-only-node=\"\">Pour en savoir plus sur l\u2019\u00e9cole maternelle, veuillez appeler le (613) 798-5689.<\/p>\n","protected":false},"excerpt":{"rendered":"<p>L&#8217;\u00c9cole maternelle bon d\u00e9part Annavale est un programme subventionn\u00e9 \u00e0 temps plein pour tout-petits et enfants d\u2019\u00e2ge pr\u00e9scolaire, destin\u00e9 aux enfants \u00e2g\u00e9s de 18 mois jusqu\u2019\u00e0 ce qu\u2019ils soient admissibles \u00e0&#8230;<\/p>\n","protected":false},"author":1,"featured_media":0,"parent":338,"menu_order":0,"comment_status":"closed","ping_status":"closed","template":"","meta":{"_acf_changed":false},"class_list":["post-342","page","type-page","status-publish","hentry"],"acf":[],"yoast_head":"<!-- This site is optimized with the Yoast SEO plugin v27.4 - https:\/\/yoast.com\/product\/yoast-seo-wordpress\/ -->\n<title>Pr\u00e9maternelle bon d\u00e9part Annavale - Centre de sant\u00e9 communautaire Carlington<\/title>\n<meta name=\"robots\" content=\"index, follow, max-snippet:-1, max-image-preview:large, max-video-preview:-1\" \/>\n<link rel=\"canonical\" href=\"https:\/\/carlingtonchc.com\/fr\/programmes-et-services\/familles\/prematernelle-bon-depart-annavale\/\" \/>\n<meta property=\"og:locale\" content=\"fr_FR\" \/>\n<meta property=\"og:type\" content=\"article\" \/>\n<meta property=\"og:title\" content=\"Pr\u00e9maternelle bon d\u00e9part Annavale - Centre de sant\u00e9 communautaire Carlington\" \/>\n<meta property=\"og:description\" content=\"L&#8217;\u00c9cole maternelle bon d\u00e9part Annavale est un programme subventionn\u00e9 \u00e0 temps plein pour tout-petits et enfants d\u2019\u00e2ge pr\u00e9scolaire, destin\u00e9 aux enfants \u00e2g\u00e9s de 18 mois jusqu\u2019\u00e0 ce qu\u2019ils soient admissibles \u00e0...\" \/>\n<meta property=\"og:url\" content=\"https:\/\/carlingtonchc.com\/fr\/programmes-et-services\/familles\/prematernelle-bon-depart-annavale\/\" \/>\n<meta property=\"og:site_name\" content=\"Centre de sant\u00e9 communautaire Carlington\" \/>\n<meta property=\"article:modified_time\" content=\"2025-06-13T19:01:35+00:00\" \/>\n<meta name=\"twitter:card\" content=\"summary_large_image\" \/>\n<meta name=\"twitter:label1\" content=\"Dur\u00e9e de lecture estim\u00e9e\" \/>\n\t<meta name=\"twitter:data1\" content=\"1 minute\" \/>\n<script type=\"application\/ld+json\" class=\"yoast-schema-graph\">{\"@context\":\"https:\\\/\\\/schema.org\",\"@graph\":[{\"@type\":\"WebPage\",\"@id\":\"https:\\\/\\\/carlingtonchc.com\\\/fr\\\/programmes-et-services\\\/familles\\\/prematernelle-bon-depart-annavale\\\/\",\"url\":\"https:\\\/\\\/carlingtonchc.com\\\/fr\\\/programmes-et-services\\\/familles\\\/prematernelle-bon-depart-annavale\\\/\",\"name\":\"Pr\u00e9maternelle bon d\u00e9part Annavale - Centre de sant\u00e9 communautaire Carlington\",\"isPartOf\":{\"@id\":\"https:\\\/\\\/carlingtonchc.com\\\/#website\"},\"datePublished\":\"2020-10-15T13:14:14+00:00\",\"dateModified\":\"2025-06-13T19:01:35+00:00\",\"breadcrumb\":{\"@id\":\"https:\\\/\\\/carlingtonchc.com\\\/fr\\\/programmes-et-services\\\/familles\\\/prematernelle-bon-depart-annavale\\\/#breadcrumb\"},\"inLanguage\":\"fr-FR\",\"potentialAction\":[{\"@type\":\"ReadAction\",\"target\":[\"https:\\\/\\\/carlingtonchc.com\\\/fr\\\/programmes-et-services\\\/familles\\\/prematernelle-bon-depart-annavale\\\/\"]}]},{\"@type\":\"BreadcrumbList\",\"@id\":\"https:\\\/\\\/carlingtonchc.com\\\/fr\\\/programmes-et-services\\\/familles\\\/prematernelle-bon-depart-annavale\\\/#breadcrumb\",\"itemListElement\":[{\"@type\":\"ListItem\",\"position\":1,\"name\":\"Home\",\"item\":\"https:\\\/\\\/carlingtonchc.com\\\/fr\\\/\"},{\"@type\":\"ListItem\",\"position\":2,\"name\":\"Programmes et services\",\"item\":\"https:\\\/\\\/carlingtonchc.com\\\/programs-and-services\\\/\"},{\"@type\":\"ListItem\",\"position\":3,\"name\":\"Familles\",\"item\":\"https:\\\/\\\/carlingtonchc.com\\\/fr\\\/programmes-et-services\\\/familles\\\/\"},{\"@type\":\"ListItem\",\"position\":4,\"name\":\"Pr\u00e9maternelle bon d\u00e9part Annavale\"}]},{\"@type\":\"WebSite\",\"@id\":\"https:\\\/\\\/carlingtonchc.com\\\/#website\",\"url\":\"https:\\\/\\\/carlingtonchc.com\\\/\",\"name\":\"Centre de sant\u00e9 communautaire Carlington\",\"description\":\"900 Merivale Road, Ottawa ON Canada\",\"potentialAction\":[{\"@type\":\"SearchAction\",\"target\":{\"@type\":\"EntryPoint\",\"urlTemplate\":\"https:\\\/\\\/carlingtonchc.com\\\/?s={search_term_string}\"},\"query-input\":{\"@type\":\"PropertyValueSpecification\",\"valueRequired\":true,\"valueName\":\"search_term_string\"}}],\"inLanguage\":\"fr-FR\"}]}<\/script>\n<!-- \/ Yoast SEO plugin. -->","yoast_head_json":{"title":"Pr\u00e9maternelle bon d\u00e9part Annavale - Centre de sant\u00e9 communautaire Carlington","robots":{"index":"index","follow":"follow","max-snippet":"max-snippet:-1","max-image-preview":"max-image-preview:large","max-video-preview":"max-video-preview:-1"},"canonical":"https:\/\/carlingtonchc.com\/fr\/programmes-et-services\/familles\/prematernelle-bon-depart-annavale\/","og_locale":"fr_FR","og_type":"article","og_title":"Pr\u00e9maternelle bon d\u00e9part Annavale - Centre de sant\u00e9 communautaire Carlington","og_description":"L&#8217;\u00c9cole maternelle bon d\u00e9part Annavale est un programme subventionn\u00e9 \u00e0 temps plein pour tout-petits et enfants d\u2019\u00e2ge pr\u00e9scolaire, destin\u00e9 aux enfants \u00e2g\u00e9s de 18 mois jusqu\u2019\u00e0 ce qu\u2019ils soient admissibles \u00e0...","og_url":"https:\/\/carlingtonchc.com\/fr\/programmes-et-services\/familles\/prematernelle-bon-depart-annavale\/","og_site_name":"Centre de sant\u00e9 communautaire Carlington","article_modified_time":"2025-06-13T19:01:35+00:00","twitter_card":"summary_large_image","twitter_misc":{"Dur\u00e9e de lecture estim\u00e9e":"1 minute"},"schema":{"@context":"https:\/\/schema.org","@graph":[{"@type":"WebPage","@id":"https:\/\/carlingtonchc.com\/fr\/programmes-et-services\/familles\/prematernelle-bon-depart-annavale\/","url":"https:\/\/carlingtonchc.com\/fr\/programmes-et-services\/familles\/prematernelle-bon-depart-annavale\/","name":"Pr\u00e9maternelle bon d\u00e9part Annavale - Centre de sant\u00e9 communautaire Carlington","isPartOf":{"@id":"https:\/\/carlingtonchc.com\/#website"},"datePublished":"2020-10-15T13:14:14+00:00","dateModified":"2025-06-13T19:01:35+00:00","breadcrumb":{"@id":"https:\/\/carlingtonchc.com\/fr\/programmes-et-services\/familles\/prematernelle-bon-depart-annavale\/#breadcrumb"},"inLanguage":"fr-FR","potentialAction":[{"@type":"ReadAction","target":["https:\/\/carlingtonchc.com\/fr\/programmes-et-services\/familles\/prematernelle-bon-depart-annavale\/"]}]},{"@type":"BreadcrumbList","@id":"https:\/\/carlingtonchc.com\/fr\/programmes-et-services\/familles\/prematernelle-bon-depart-annavale\/#breadcrumb","itemListElement":[{"@type":"ListItem","position":1,"name":"Home","item":"https:\/\/carlingtonchc.com\/fr\/"},{"@type":"ListItem","position":2,"name":"Programmes et services","item":"https:\/\/carlingtonchc.com\/programs-and-services\/"},{"@type":"ListItem","position":3,"name":"Familles","item":"https:\/\/carlingtonchc.com\/fr\/programmes-et-services\/familles\/"},{"@type":"ListItem","position":4,"name":"Pr\u00e9maternelle bon d\u00e9part Annavale"}]},{"@type":"WebSite","@id":"https:\/\/carlingtonchc.com\/#website","url":"https:\/\/carlingtonchc.com\/","name":"Centre de sant\u00e9 communautaire Carlington","description":"900 Merivale Road, Ottawa ON Canada","potentialAction":[{"@type":"SearchAction","target":{"@type":"EntryPoint","urlTemplate":"https:\/\/carlingtonchc.com\/?s={search_term_string}"},"query-input":{"@type":"PropertyValueSpecification","valueRequired":true,"valueName":"search_term_string"}}],"inLanguage":"fr-FR"}]}},"_links":{"self":[{"href":"https:\/\/carlingtonchc.com\/fr\/wp-json\/wp\/v2\/pages\/342","targetHints":{"allow":["GET"]}}],"collection":[{"href":"https:\/\/carlingtonchc.com\/fr\/wp-json\/wp\/v2\/pages"}],"about":[{"href":"https:\/\/carlingtonchc.com\/fr\/wp-json\/wp\/v2\/types\/page"}],"author":[{"embeddable":true,"href":"https:\/\/carlingtonchc.com\/fr\/wp-json\/wp\/v2\/users\/1"}],"replies":[{"embeddable":true,"href":"https:\/\/carlingtonchc.com\/fr\/wp-json\/wp\/v2\/comments?post=342"}],"version-history":[{"count":0,"href":"https:\/\/carlingtonchc.com\/fr\/wp-json\/wp\/v2\/pages\/342\/revisions"}],"up":[{"embeddable":true,"href":"https:\/\/carlingtonchc.com\/fr\/wp-json\/wp\/v2\/pages\/338"}],"wp:attachment":[{"href":"https:\/\/carlingtonchc.com\/fr\/wp-json\/wp\/v2\/media?parent=342"}],"curies":[{"name":"wp","href":"https:\/\/api.w.org\/{rel}","templated":true}]}}