{"id":355,"date":"2020-10-15T13:19:14","date_gmt":"2020-10-15T13:19:14","guid":{"rendered":"http:\/\/cchc.wp-staging.net\/programmes-et-services\/familles\/students-will-all-graduate-swag\/"},"modified":"2022-02-01T20:37:38","modified_gmt":"2022-02-01T20:37:38","slug":"programmes-pour-les-jeunes","status":"publish","type":"page","link":"https:\/\/carlingtonchc.com\/fr\/programmes-et-services\/familles\/programmes-pour-les-jeunes\/","title":{"rendered":"Programmes pour les jeunes"},"content":{"rendered":"<p>Le centre de sant\u00e9 communautaire de Carlington et ses partenaires communautaires travaillent ensemble pour r\u00e9duire le taux d&#8217;\u00e9chec aux \u00e9tudes secondaires dans les quatre communaut\u00e9s suivantes : Shillington, Debra Dynes, Bellevue\/Caldwell et Parkwood Hills.<\/p>\n<p>Le programme Students Will All Graduate (SWAG) offre un soutien scolaire bas\u00e9 sur des cr\u00e9dits, un programme de loisirs sociaux, un mentorat et un renforcement des relations, ainsi qu&#8217;un programme de leadership bas\u00e9 sur les comp\u00e9tences. Le SWAG est propos\u00e9 4 jours par semaine tout au long de l&#8217;ann\u00e9e scolaire par une \u00e9quipe de travailleurs aupr\u00e8s des jeunes, d&#8217;enseignants certifi\u00e9s de l&#8217;Ontario et de b\u00e9n\u00e9voles.<\/p>\n<p>Le SWAG est charg\u00e9 d&#8217;\u00e9liminer les obstacles \u00e0 la r\u00e9ussite gr\u00e2ce \u00e0 plaidoyer continu, \u00e0 des programmes et \u00e0 une communication entre les \u00e9l\u00e8ves, leurs parents\/tuteurs et les \u00e9coles secondaires pour soutenir la r\u00e9ussite des \u00e9l\u00e8ves.<\/p>\n<p>Pour \u00eatre admissibles au programme, les participants doivent vivre dans les quartiers mentionn\u00e9s ci-dessus et \u00eatre identifi\u00e9s par leur \u00e9cole comme \u00e9tant \u00e0 risque de ne pas obtenir leur dipl\u00f4me.<\/p>\n<p>Pour plus d&#8217;informations, veuillez contacter le coordinateur du programme SWAG au 613-722-4000, poste 322.<\/p>\n","protected":false},"excerpt":{"rendered":"<p>Le centre de sant\u00e9 communautaire de Carlington et ses partenaires communautaires travaillent ensemble pour r\u00e9duire le taux d&#8217;\u00e9chec aux \u00e9tudes secondaires dans les quatre communaut\u00e9s suivantes : Shillington, Debra Dynes, Bellevue\/Caldwell&#8230;<\/p>\n","protected":false},"author":1,"featured_media":0,"parent":338,"menu_order":3,"comment_status":"closed","ping_status":"closed","template":"templates\/program-listing.php","meta":{"_acf_changed":false},"class_list":["post-355","page","type-page","status-publish","hentry"],"acf":[],"yoast_head":"<!-- This site is optimized with the Yoast SEO plugin v27.5 - https:\/\/yoast.com\/product\/yoast-seo-wordpress\/ -->\n<title>Programmes pour les jeunes - Centre de sant\u00e9 communautaire Carlington<\/title>\n<meta name=\"robots\" content=\"index, follow, max-snippet:-1, max-image-preview:large, max-video-preview:-1\" \/>\n<link rel=\"canonical\" href=\"https:\/\/carlingtonchc.com\/fr\/programmes-et-services\/familles\/programmes-pour-les-jeunes\/\" \/>\n<meta property=\"og:locale\" content=\"fr_FR\" \/>\n<meta property=\"og:type\" content=\"article\" \/>\n<meta property=\"og:title\" content=\"Programmes pour les jeunes - Centre de sant\u00e9 communautaire Carlington\" \/>\n<meta property=\"og:description\" content=\"Le centre de sant\u00e9 communautaire de Carlington et ses partenaires communautaires travaillent ensemble pour r\u00e9duire le taux d&#8217;\u00e9chec aux \u00e9tudes secondaires dans les quatre communaut\u00e9s suivantes : Shillington, Debra Dynes, Bellevue\/Caldwell...\" \/>\n<meta property=\"og:url\" content=\"https:\/\/carlingtonchc.com\/fr\/programmes-et-services\/familles\/programmes-pour-les-jeunes\/\" \/>\n<meta property=\"og:site_name\" content=\"Centre de sant\u00e9 communautaire Carlington\" \/>\n<meta property=\"article:modified_time\" content=\"2022-02-01T20:37:38+00:00\" \/>\n<meta name=\"twitter:card\" content=\"summary_large_image\" \/>\n<meta name=\"twitter:label1\" content=\"Dur\u00e9e de lecture estim\u00e9e\" \/>\n\t<meta name=\"twitter:data1\" content=\"1 minute\" \/>\n<script type=\"application\/ld+json\" class=\"yoast-schema-graph\">{\"@context\":\"https:\\\/\\\/schema.org\",\"@graph\":[{\"@type\":\"WebPage\",\"@id\":\"https:\\\/\\\/carlingtonchc.com\\\/fr\\\/programmes-et-services\\\/familles\\\/programmes-pour-les-jeunes\\\/\",\"url\":\"https:\\\/\\\/carlingtonchc.com\\\/fr\\\/programmes-et-services\\\/familles\\\/programmes-pour-les-jeunes\\\/\",\"name\":\"Programmes pour les jeunes - Centre de sant\u00e9 communautaire Carlington\",\"isPartOf\":{\"@id\":\"https:\\\/\\\/carlingtonchc.com\\\/#website\"},\"datePublished\":\"2020-10-15T13:19:14+00:00\",\"dateModified\":\"2022-02-01T20:37:38+00:00\",\"breadcrumb\":{\"@id\":\"https:\\\/\\\/carlingtonchc.com\\\/fr\\\/programmes-et-services\\\/familles\\\/programmes-pour-les-jeunes\\\/#breadcrumb\"},\"inLanguage\":\"fr-FR\",\"potentialAction\":[{\"@type\":\"ReadAction\",\"target\":[\"https:\\\/\\\/carlingtonchc.com\\\/fr\\\/programmes-et-services\\\/familles\\\/programmes-pour-les-jeunes\\\/\"]}]},{\"@type\":\"BreadcrumbList\",\"@id\":\"https:\\\/\\\/carlingtonchc.com\\\/fr\\\/programmes-et-services\\\/familles\\\/programmes-pour-les-jeunes\\\/#breadcrumb\",\"itemListElement\":[{\"@type\":\"ListItem\",\"position\":1,\"name\":\"Home\",\"item\":\"https:\\\/\\\/carlingtonchc.com\\\/fr\\\/\"},{\"@type\":\"ListItem\",\"position\":2,\"name\":\"Programmes et services\",\"item\":\"https:\\\/\\\/carlingtonchc.com\\\/programs-and-services\\\/\"},{\"@type\":\"ListItem\",\"position\":3,\"name\":\"Familles\",\"item\":\"https:\\\/\\\/carlingtonchc.com\\\/fr\\\/programmes-et-services\\\/familles\\\/\"},{\"@type\":\"ListItem\",\"position\":4,\"name\":\"Programmes pour les jeunes\"}]},{\"@type\":\"WebSite\",\"@id\":\"https:\\\/\\\/carlingtonchc.com\\\/#website\",\"url\":\"https:\\\/\\\/carlingtonchc.com\\\/\",\"name\":\"Centre de sant\u00e9 communautaire Carlington\",\"description\":\"900 Merivale Road, Ottawa ON Canada\",\"potentialAction\":[{\"@type\":\"SearchAction\",\"target\":{\"@type\":\"EntryPoint\",\"urlTemplate\":\"https:\\\/\\\/carlingtonchc.com\\\/?s={search_term_string}\"},\"query-input\":{\"@type\":\"PropertyValueSpecification\",\"valueRequired\":true,\"valueName\":\"search_term_string\"}}],\"inLanguage\":\"fr-FR\"}]}<\/script>\n<!-- \/ Yoast SEO plugin. -->","yoast_head_json":{"title":"Programmes pour les jeunes - Centre de sant\u00e9 communautaire Carlington","robots":{"index":"index","follow":"follow","max-snippet":"max-snippet:-1","max-image-preview":"max-image-preview:large","max-video-preview":"max-video-preview:-1"},"canonical":"https:\/\/carlingtonchc.com\/fr\/programmes-et-services\/familles\/programmes-pour-les-jeunes\/","og_locale":"fr_FR","og_type":"article","og_title":"Programmes pour les jeunes - Centre de sant\u00e9 communautaire Carlington","og_description":"Le centre de sant\u00e9 communautaire de Carlington et ses partenaires communautaires travaillent ensemble pour r\u00e9duire le taux d&#8217;\u00e9chec aux \u00e9tudes secondaires dans les quatre communaut\u00e9s suivantes : Shillington, Debra Dynes, Bellevue\/Caldwell...","og_url":"https:\/\/carlingtonchc.com\/fr\/programmes-et-services\/familles\/programmes-pour-les-jeunes\/","og_site_name":"Centre de sant\u00e9 communautaire Carlington","article_modified_time":"2022-02-01T20:37:38+00:00","twitter_card":"summary_large_image","twitter_misc":{"Dur\u00e9e de lecture estim\u00e9e":"1 minute"},"schema":{"@context":"https:\/\/schema.org","@graph":[{"@type":"WebPage","@id":"https:\/\/carlingtonchc.com\/fr\/programmes-et-services\/familles\/programmes-pour-les-jeunes\/","url":"https:\/\/carlingtonchc.com\/fr\/programmes-et-services\/familles\/programmes-pour-les-jeunes\/","name":"Programmes pour les jeunes - Centre de sant\u00e9 communautaire Carlington","isPartOf":{"@id":"https:\/\/carlingtonchc.com\/#website"},"datePublished":"2020-10-15T13:19:14+00:00","dateModified":"2022-02-01T20:37:38+00:00","breadcrumb":{"@id":"https:\/\/carlingtonchc.com\/fr\/programmes-et-services\/familles\/programmes-pour-les-jeunes\/#breadcrumb"},"inLanguage":"fr-FR","potentialAction":[{"@type":"ReadAction","target":["https:\/\/carlingtonchc.com\/fr\/programmes-et-services\/familles\/programmes-pour-les-jeunes\/"]}]},{"@type":"BreadcrumbList","@id":"https:\/\/carlingtonchc.com\/fr\/programmes-et-services\/familles\/programmes-pour-les-jeunes\/#breadcrumb","itemListElement":[{"@type":"ListItem","position":1,"name":"Home","item":"https:\/\/carlingtonchc.com\/fr\/"},{"@type":"ListItem","position":2,"name":"Programmes et services","item":"https:\/\/carlingtonchc.com\/programs-and-services\/"},{"@type":"ListItem","position":3,"name":"Familles","item":"https:\/\/carlingtonchc.com\/fr\/programmes-et-services\/familles\/"},{"@type":"ListItem","position":4,"name":"Programmes pour les jeunes"}]},{"@type":"WebSite","@id":"https:\/\/carlingtonchc.com\/#website","url":"https:\/\/carlingtonchc.com\/","name":"Centre de sant\u00e9 communautaire Carlington","description":"900 Merivale Road, Ottawa ON Canada","potentialAction":[{"@type":"SearchAction","target":{"@type":"EntryPoint","urlTemplate":"https:\/\/carlingtonchc.com\/?s={search_term_string}"},"query-input":{"@type":"PropertyValueSpecification","valueRequired":true,"valueName":"search_term_string"}}],"inLanguage":"fr-FR"}]}},"_links":{"self":[{"href":"https:\/\/carlingtonchc.com\/fr\/wp-json\/wp\/v2\/pages\/355","targetHints":{"allow":["GET"]}}],"collection":[{"href":"https:\/\/carlingtonchc.com\/fr\/wp-json\/wp\/v2\/pages"}],"about":[{"href":"https:\/\/carlingtonchc.com\/fr\/wp-json\/wp\/v2\/types\/page"}],"author":[{"embeddable":true,"href":"https:\/\/carlingtonchc.com\/fr\/wp-json\/wp\/v2\/users\/1"}],"replies":[{"embeddable":true,"href":"https:\/\/carlingtonchc.com\/fr\/wp-json\/wp\/v2\/comments?post=355"}],"version-history":[{"count":0,"href":"https:\/\/carlingtonchc.com\/fr\/wp-json\/wp\/v2\/pages\/355\/revisions"}],"up":[{"embeddable":true,"href":"https:\/\/carlingtonchc.com\/fr\/wp-json\/wp\/v2\/pages\/338"}],"wp:attachment":[{"href":"https:\/\/carlingtonchc.com\/fr\/wp-json\/wp\/v2\/media?parent=355"}],"curies":[{"name":"wp","href":"https:\/\/api.w.org\/{rel}","templated":true}]}}