{"id":366,"date":"2020-10-15T14:22:54","date_gmt":"2020-10-15T14:22:54","guid":{"rendered":"http:\/\/cchc.wp-staging.net\/programmes-et-services\/sante-mentale-et-dependances\/assertive-community-treatment-team-actt\/"},"modified":"2022-12-05T20:15:42","modified_gmt":"2022-12-05T20:15:42","slug":"equipe-de-traitement-communautaire-dynamique-etcd","status":"publish","type":"page","link":"https:\/\/carlingtonchc.com\/fr\/programmes-et-services\/sante-mentale-et-dependances\/dependances\/equipe-de-traitement-communautaire-dynamique-etcd\/","title":{"rendered":"L\u2019\u00c9quipe communautaire de traitement intensif (\u00c9CTI)"},"content":{"rendered":"<p>L\u2019\u00c9quipe communautaire de traitement intensif (\u00c9CTI) de Carlington \u00e9tablit des partenariats afin d\u2019aider les gens dans leur processus de r\u00e9tablissement.<\/p>\n<p>Notre \u00e9quipe de professionnels de la sant\u00e9 mentale comprend un psychiatre, des infirmi\u00e8res, un travailleur social, des conseillers en sant\u00e9 mentale, un sp\u00e9cialiste en entraide et un conseiller en d\u00e9pendances. Nous procurons des services de r\u00e9tablissement communautaires, intensifs et complets \u00e0 notre client\u00e8le, jour et nuit, tous les jours de l\u2019ann\u00e9e, pendant une p\u00e9riode ind\u00e9finie.<\/p>\n<p>Nous sommes au service des personnes ayant des probl\u00e8mes de sant\u00e9 mentale graves, complexes et de longue dur\u00e9e. Les services fournis seront \u00e9tablis en consultation avec le client \u00e9ventuel, le personnel du programme et un service central d\u2019aiguillage.<\/p>\n<p>L\u2019admissibilit\u00e9 aux services de l\u2019\u00c9quipe TCD est \u00e9tablie en consultation avec le service central d\u2019accueil, le personnel du programme et le client \u00e9ventuel. Le client doit avoir re\u00e7u un diagnostic de maladie mentale grave et doit avoir pass\u00e9 au moins 50 jours \u00e0 l\u2019h\u00f4pital pour des raisons de sant\u00e9 mentale au cours de la derni\u00e8re ann\u00e9e. Le client doit pr\u00e9senter une d\u00e9ficience fonctionnelle importante, comme l\u2019incapacit\u00e9 d\u2019accomplir l\u2019\u00e9ventail d\u2019activit\u00e9s de la vie quotidienne auxquelles un adulte moyen doit se livrer pour \u00e9voluer normalement dans la collectivit\u00e9.<\/p>\n<p>Services fournis en collaboration avec nos clients :<\/p>\n<ul>\n<li>Aide \u00e0 l\u2019\u00e9tablissement et \u00e0 l\u2019atteinte d\u2019objectifs;<\/li>\n<li>Soutien 24 heures par jour en cas de crise;<\/li>\n<li>\u00c9valuation, d\u00e9tection et gestion des sympt\u00f4mes, renseignements sur ces derniers et strat\u00e9gies d\u2019adaptation;<\/li>\n<li>Counseling de soutien;<\/li>\n<li>Renseignements et soutien concernant les m\u00e9dicaments;<\/li>\n<li>Aide \u00e0 la r\u00e9daction d\u2019un curriculum vit\u00e6 et \u00e0 la recherche d\u2019emploi;<\/li>\n<li>Renseignements et soutien concernant la consommation d\u2019alcool et de drogues;<\/li>\n<li>Counseling et \u00e9valuation en toxicomanie;<\/li>\n<li>Formation sur les activit\u00e9s de la vie quotidienne;<\/li>\n<li>Possibilit\u00e9s de parler de ses comp\u00e9tences en classe et en groupes<\/li>\n<li>Aide \u00e0 la recherche d\u2019un logement;<\/li>\n<li>Aide \u00e0 l\u2019acquisition de comp\u00e9tences sociales et relationnelles;<\/li>\n<li>Soutien et renseignements \u00e0 la famille et aux amis;<\/li>\n<li>Service g\u00e9n\u00e9ral de d\u00e9fense des int\u00e9r\u00eats;<\/li>\n<li>Liaison avec d\u2019autres services communautaires;<\/li>\n<li>Acc\u00e8s \u00e0 de l\u2019activit\u00e9 physique et \u00e0 des loisirs.<\/li>\n<\/ul>\n<p>Les personnes voulant se pr\u00e9valoir de ce programme sont invit\u00e9es \u00e0 en discuter avec leurs fournisseurs actuels de soins de sant\u00e9.<\/p>\n<p>Notre programme TCD est financ\u00e9 par le minist\u00e8re de la Sant\u00e9 et des Soins de longue dur\u00e9e.<\/p>\n<p>Pour obtenir des pr\u00e9cisions, veuillez vous adresser \u00e0 la directrice du programme au :<br \/>\n613-722-9731, poste 281<\/p>\n<p>Pour recevoir des services de ce programme, adressez-vous \u00e0 :<br \/>\nService central d\u2019accueil TCD 613-722-6521, poste 7325<\/p>\n","protected":false},"excerpt":{"rendered":"<p>L\u2019\u00c9quipe communautaire de traitement intensif (\u00c9CTI) de Carlington \u00e9tablit des partenariats afin d\u2019aider les gens dans leur processus de r\u00e9tablissement. Notre \u00e9quipe de professionnels de la sant\u00e9 mentale comprend un psychiatre,&#8230;<\/p>\n","protected":false},"author":1,"featured_media":0,"parent":504,"menu_order":0,"comment_status":"closed","ping_status":"closed","template":"","meta":{"_acf_changed":false},"class_list":["post-366","page","type-page","status-publish","hentry"],"acf":[],"yoast_head":"<!-- This site is optimized with the Yoast SEO plugin v27.5 - https:\/\/yoast.com\/product\/yoast-seo-wordpress\/ -->\n<title>L\u2019\u00c9quipe communautaire de traitement intensif (\u00c9CTI) - Centre de sant\u00e9 communautaire Carlington<\/title>\n<meta name=\"robots\" content=\"index, follow, max-snippet:-1, max-image-preview:large, max-video-preview:-1\" \/>\n<link rel=\"canonical\" href=\"https:\/\/carlingtonchc.com\/fr\/programmes-et-services\/sante-mentale-et-dependances\/dependances\/equipe-de-traitement-communautaire-dynamique-etcd\/\" \/>\n<meta property=\"og:locale\" content=\"fr_FR\" \/>\n<meta property=\"og:type\" content=\"article\" \/>\n<meta property=\"og:title\" content=\"L\u2019\u00c9quipe communautaire de traitement intensif (\u00c9CTI) - Centre de sant\u00e9 communautaire Carlington\" \/>\n<meta property=\"og:description\" content=\"L\u2019\u00c9quipe communautaire de traitement intensif (\u00c9CTI) de Carlington \u00e9tablit des partenariats afin d\u2019aider les gens dans leur processus de r\u00e9tablissement. Notre \u00e9quipe de professionnels de la sant\u00e9 mentale comprend un psychiatre,...\" \/>\n<meta property=\"og:url\" content=\"https:\/\/carlingtonchc.com\/fr\/programmes-et-services\/sante-mentale-et-dependances\/dependances\/equipe-de-traitement-communautaire-dynamique-etcd\/\" \/>\n<meta property=\"og:site_name\" content=\"Centre de sant\u00e9 communautaire Carlington\" \/>\n<meta property=\"article:modified_time\" content=\"2022-12-05T20:15:42+00:00\" \/>\n<meta name=\"twitter:card\" content=\"summary_large_image\" \/>\n<meta name=\"twitter:label1\" content=\"Dur\u00e9e de lecture estim\u00e9e\" \/>\n\t<meta name=\"twitter:data1\" content=\"2 minutes\" \/>\n<script type=\"application\/ld+json\" class=\"yoast-schema-graph\">{\"@context\":\"https:\\\/\\\/schema.org\",\"@graph\":[{\"@type\":\"WebPage\",\"@id\":\"https:\\\/\\\/carlingtonchc.com\\\/fr\\\/programmes-et-services\\\/sante-mentale-et-dependances\\\/dependances\\\/equipe-de-traitement-communautaire-dynamique-etcd\\\/\",\"url\":\"https:\\\/\\\/carlingtonchc.com\\\/fr\\\/programmes-et-services\\\/sante-mentale-et-dependances\\\/dependances\\\/equipe-de-traitement-communautaire-dynamique-etcd\\\/\",\"name\":\"L\u2019\u00c9quipe communautaire de traitement intensif (\u00c9CTI) - Centre de sant\u00e9 communautaire Carlington\",\"isPartOf\":{\"@id\":\"https:\\\/\\\/carlingtonchc.com\\\/#website\"},\"datePublished\":\"2020-10-15T14:22:54+00:00\",\"dateModified\":\"2022-12-05T20:15:42+00:00\",\"breadcrumb\":{\"@id\":\"https:\\\/\\\/carlingtonchc.com\\\/fr\\\/programmes-et-services\\\/sante-mentale-et-dependances\\\/dependances\\\/equipe-de-traitement-communautaire-dynamique-etcd\\\/#breadcrumb\"},\"inLanguage\":\"fr-FR\",\"potentialAction\":[{\"@type\":\"ReadAction\",\"target\":[\"https:\\\/\\\/carlingtonchc.com\\\/fr\\\/programmes-et-services\\\/sante-mentale-et-dependances\\\/dependances\\\/equipe-de-traitement-communautaire-dynamique-etcd\\\/\"]}]},{\"@type\":\"BreadcrumbList\",\"@id\":\"https:\\\/\\\/carlingtonchc.com\\\/fr\\\/programmes-et-services\\\/sante-mentale-et-dependances\\\/dependances\\\/equipe-de-traitement-communautaire-dynamique-etcd\\\/#breadcrumb\",\"itemListElement\":[{\"@type\":\"ListItem\",\"position\":1,\"name\":\"Home\",\"item\":\"https:\\\/\\\/carlingtonchc.com\\\/fr\\\/\"},{\"@type\":\"ListItem\",\"position\":2,\"name\":\"Programmes et services\",\"item\":\"https:\\\/\\\/carlingtonchc.com\\\/programs-and-services\\\/\"},{\"@type\":\"ListItem\",\"position\":3,\"name\":\"Sant\u00e9 mentale et d\u00e9pendances\",\"item\":\"https:\\\/\\\/carlingtonchc.com\\\/fr\\\/programmes-et-services\\\/sante-mentale-et-dependances\\\/\"},{\"@type\":\"ListItem\",\"position\":4,\"name\":\"D\u00e9pendances\",\"item\":\"https:\\\/\\\/carlingtonchc.com\\\/fr\\\/?page_id=504\"},{\"@type\":\"ListItem\",\"position\":5,\"name\":\"L\u2019\u00c9quipe communautaire de traitement intensif (\u00c9CTI)\"}]},{\"@type\":\"WebSite\",\"@id\":\"https:\\\/\\\/carlingtonchc.com\\\/#website\",\"url\":\"https:\\\/\\\/carlingtonchc.com\\\/\",\"name\":\"Centre de sant\u00e9 communautaire Carlington\",\"description\":\"900 Merivale Road, Ottawa ON Canada\",\"potentialAction\":[{\"@type\":\"SearchAction\",\"target\":{\"@type\":\"EntryPoint\",\"urlTemplate\":\"https:\\\/\\\/carlingtonchc.com\\\/?s={search_term_string}\"},\"query-input\":{\"@type\":\"PropertyValueSpecification\",\"valueRequired\":true,\"valueName\":\"search_term_string\"}}],\"inLanguage\":\"fr-FR\"}]}<\/script>\n<!-- \/ Yoast SEO plugin. -->","yoast_head_json":{"title":"L\u2019\u00c9quipe communautaire de traitement intensif (\u00c9CTI) - Centre de sant\u00e9 communautaire Carlington","robots":{"index":"index","follow":"follow","max-snippet":"max-snippet:-1","max-image-preview":"max-image-preview:large","max-video-preview":"max-video-preview:-1"},"canonical":"https:\/\/carlingtonchc.com\/fr\/programmes-et-services\/sante-mentale-et-dependances\/dependances\/equipe-de-traitement-communautaire-dynamique-etcd\/","og_locale":"fr_FR","og_type":"article","og_title":"L\u2019\u00c9quipe communautaire de traitement intensif (\u00c9CTI) - Centre de sant\u00e9 communautaire Carlington","og_description":"L\u2019\u00c9quipe communautaire de traitement intensif (\u00c9CTI) de Carlington \u00e9tablit des partenariats afin d\u2019aider les gens dans leur processus de r\u00e9tablissement. Notre \u00e9quipe de professionnels de la sant\u00e9 mentale comprend un psychiatre,...","og_url":"https:\/\/carlingtonchc.com\/fr\/programmes-et-services\/sante-mentale-et-dependances\/dependances\/equipe-de-traitement-communautaire-dynamique-etcd\/","og_site_name":"Centre de sant\u00e9 communautaire Carlington","article_modified_time":"2022-12-05T20:15:42+00:00","twitter_card":"summary_large_image","twitter_misc":{"Dur\u00e9e de lecture estim\u00e9e":"2 minutes"},"schema":{"@context":"https:\/\/schema.org","@graph":[{"@type":"WebPage","@id":"https:\/\/carlingtonchc.com\/fr\/programmes-et-services\/sante-mentale-et-dependances\/dependances\/equipe-de-traitement-communautaire-dynamique-etcd\/","url":"https:\/\/carlingtonchc.com\/fr\/programmes-et-services\/sante-mentale-et-dependances\/dependances\/equipe-de-traitement-communautaire-dynamique-etcd\/","name":"L\u2019\u00c9quipe communautaire de traitement intensif (\u00c9CTI) - Centre de sant\u00e9 communautaire Carlington","isPartOf":{"@id":"https:\/\/carlingtonchc.com\/#website"},"datePublished":"2020-10-15T14:22:54+00:00","dateModified":"2022-12-05T20:15:42+00:00","breadcrumb":{"@id":"https:\/\/carlingtonchc.com\/fr\/programmes-et-services\/sante-mentale-et-dependances\/dependances\/equipe-de-traitement-communautaire-dynamique-etcd\/#breadcrumb"},"inLanguage":"fr-FR","potentialAction":[{"@type":"ReadAction","target":["https:\/\/carlingtonchc.com\/fr\/programmes-et-services\/sante-mentale-et-dependances\/dependances\/equipe-de-traitement-communautaire-dynamique-etcd\/"]}]},{"@type":"BreadcrumbList","@id":"https:\/\/carlingtonchc.com\/fr\/programmes-et-services\/sante-mentale-et-dependances\/dependances\/equipe-de-traitement-communautaire-dynamique-etcd\/#breadcrumb","itemListElement":[{"@type":"ListItem","position":1,"name":"Home","item":"https:\/\/carlingtonchc.com\/fr\/"},{"@type":"ListItem","position":2,"name":"Programmes et services","item":"https:\/\/carlingtonchc.com\/programs-and-services\/"},{"@type":"ListItem","position":3,"name":"Sant\u00e9 mentale et d\u00e9pendances","item":"https:\/\/carlingtonchc.com\/fr\/programmes-et-services\/sante-mentale-et-dependances\/"},{"@type":"ListItem","position":4,"name":"D\u00e9pendances","item":"https:\/\/carlingtonchc.com\/fr\/?page_id=504"},{"@type":"ListItem","position":5,"name":"L\u2019\u00c9quipe communautaire de traitement intensif (\u00c9CTI)"}]},{"@type":"WebSite","@id":"https:\/\/carlingtonchc.com\/#website","url":"https:\/\/carlingtonchc.com\/","name":"Centre de sant\u00e9 communautaire Carlington","description":"900 Merivale Road, Ottawa ON Canada","potentialAction":[{"@type":"SearchAction","target":{"@type":"EntryPoint","urlTemplate":"https:\/\/carlingtonchc.com\/?s={search_term_string}"},"query-input":{"@type":"PropertyValueSpecification","valueRequired":true,"valueName":"search_term_string"}}],"inLanguage":"fr-FR"}]}},"_links":{"self":[{"href":"https:\/\/carlingtonchc.com\/fr\/wp-json\/wp\/v2\/pages\/366","targetHints":{"allow":["GET"]}}],"collection":[{"href":"https:\/\/carlingtonchc.com\/fr\/wp-json\/wp\/v2\/pages"}],"about":[{"href":"https:\/\/carlingtonchc.com\/fr\/wp-json\/wp\/v2\/types\/page"}],"author":[{"embeddable":true,"href":"https:\/\/carlingtonchc.com\/fr\/wp-json\/wp\/v2\/users\/1"}],"replies":[{"embeddable":true,"href":"https:\/\/carlingtonchc.com\/fr\/wp-json\/wp\/v2\/comments?post=366"}],"version-history":[{"count":0,"href":"https:\/\/carlingtonchc.com\/fr\/wp-json\/wp\/v2\/pages\/366\/revisions"}],"up":[{"embeddable":true,"href":"https:\/\/carlingtonchc.com\/fr\/wp-json\/wp\/v2\/pages\/504"}],"wp:attachment":[{"href":"https:\/\/carlingtonchc.com\/fr\/wp-json\/wp\/v2\/media?parent=366"}],"curies":[{"name":"wp","href":"https:\/\/api.w.org\/{rel}","templated":true}]}}