{"id":450,"date":"2020-12-03T20:22:19","date_gmt":"2020-12-03T20:22:19","guid":{"rendered":"http:\/\/cchc.wp-staging.net\/?page_id=450"},"modified":"2021-03-03T21:55:45","modified_gmt":"2021-03-03T21:55:45","slug":"initiative-des-amis-des-bebes","status":"publish","type":"page","link":"https:\/\/carlingtonchc.com\/fr\/a-propos\/initiative-des-amis-des-bebes\/","title":{"rendered":"Initiative des amis des b\u00e9b\u00e9s"},"content":{"rendered":"<p>L\u2019Initiative des amis des b\u00e9b\u00e9s est un programme international cr\u00e9\u00e9 par l\u2019Organisation mondiale de la sant\u00e9 (OMS) et le Fonds des Nations Unies pour l\u2019enfance (UNICEF). L\u2019Initiative des amis des b\u00e9b\u00e9s constitue une pratique exemplaire pour le personnel travaillant aupr\u00e8s de femmes enceintes et de familles ayant de jeunes enfants. Un \u00e9tablissement Ami des b\u00e9b\u00e9s est un \u00e9tablissement qui soutient toutes les familles dans leurs choix relatifs \u00e0 l\u2019alimentation et au soin des enfants. L\u2019Initiative des amis des b\u00e9b\u00e9s pr\u00e9sente de nombreux bienfaits pour les b\u00e9b\u00e9s et leur famille, pour l\u2019ensemble de la soci\u00e9t\u00e9 et pour l\u2019environnement.<\/p>\n<p>En Canada, le <span style=\"white-space:nowrap;\"><a href=\"https:\/\/breastfeedingcanada.ca\/fr\/\" target=\"_blank\" rel=\"noopener\">Comit\u00e9 canadien pour l\u2019allaitement<\/a> <i class=\"fas fa-external-link-alt\" style=\"font-size:15px;color:#09579d\"><\/i><\/span> est l\u2019organisme national responsable pour l\u2019Initative des amis des b\u00e9b\u00e9s. Le Centre de sant\u00e9 communautaire Carlington appuie l\u2019Initiative des amis des b\u00e9b\u00e9s de l\u2019Organisation mondiale de la sant\u00e9 et doit s\u2019engager \u00e0 :<\/p>\n<ul>\n<li>Aider les parents \u00e0 prendre des d\u00e9cisions \u00e9clair\u00e9es quant \u00e0 l\u2019alimentation de leur nourrisson<\/li>\n<li>Soutenir toutes les familles ind\u00e9pendamment de la m\u00e9thode qu\u2019elles auront choisie pour nourrir leur enfant<\/li>\n<li>Recommander le lait maternel comme \u00e9tant le seul aliment \u00e0 donner aux b\u00e9b\u00e9s jusqu\u2019\u00e0 l\u2019\u00e2ge de 6 mois<\/li>\n<li>Recommander l\u2019inclusion du lait maternel dans tout r\u00e9gime alimentaire de l\u2019enfant jusqu\u2019\u00e0 2 ans et plus<\/li>\n<li>D\u00e9fendre le droit qu\u2019ont les femmes d\u2019allaiter en tout temps et en tout lieu<\/li>\n<li>Collaborer avec notre communaut\u00e9 pour prot\u00e9ger, promouvoir et appuyer l\u2019allaitement maternel<\/li>\n<\/ul>\n<p>Pour obtenir plus de renseignements sur l\u2019Initiative ou sur l\u2019alimentation ou le soin de votre b\u00e9b\u00e9, veuillez communiquer avec nous au 613-722-4000 ou obtenir de plus amples renseignements sur l\u2019engagement de Carlington envers l\u2019initiative des amis des b\u00e9b\u00e9s.<\/p>\n<p>Adapt\u00e9 avec l\u2019autorisation de Sant\u00e9 publique Ottawa.<\/p>\n<p>Le Centre de sant\u00e9 communautaire Carlington s\u2019engage s&#8217;engage \u00e0 obtenir \u00e0 nouveau la d\u00e9signation BFI.<\/p>\n<p><a href=\"\/wp-content\/uploads\/CCHC__Breastfeeding-Pledge__FR.pdf\" target=\"_blank\" rel=\"noopener\">L\u2019engagement de Carlington CHC envers BFI (PDF)<\/a>.<\/p>\n<p><span style=\"white-space:nowrap;\"><a href=\"https:\/\/www.breastfeedingresourcesontario.ca\/\" target=\"_blank\" rel=\"noopener\">Ressources sur l\u2019allaitement de l\u2019Ontario<\/a> <i class=\"fas fa-external-link-alt\" style=\"font-size:15px;color:#09579d\"><\/i><\/span> est un centre bilingue des ressources de qualit\u00e9 qui sont fond\u00e9es sur des donn\u00e9es probantes et qui appuient l\u2019Initiative Amis des b\u00e9b\u00e9s.<\/p>\n","protected":false},"excerpt":{"rendered":"<p>L\u2019Initiative des amis des b\u00e9b\u00e9s est un programme international cr\u00e9\u00e9 par l\u2019Organisation mondiale de la sant\u00e9 (OMS) et le Fonds des Nations Unies pour l\u2019enfance (UNICEF). L\u2019Initiative des amis des b\u00e9b\u00e9s&#8230;<\/p>\n","protected":false},"author":1,"featured_media":0,"parent":296,"menu_order":4,"comment_status":"closed","ping_status":"closed","template":"","meta":{"_acf_changed":false},"class_list":["post-450","page","type-page","status-publish","hentry"],"acf":[],"yoast_head":"<!-- This site is optimized with the Yoast SEO plugin v27.4 - https:\/\/yoast.com\/product\/yoast-seo-wordpress\/ -->\n<title>Initiative des amis des b\u00e9b\u00e9s - Centre de sant\u00e9 communautaire Carlington<\/title>\n<meta name=\"robots\" content=\"index, follow, max-snippet:-1, max-image-preview:large, max-video-preview:-1\" \/>\n<link rel=\"canonical\" href=\"https:\/\/carlingtonchc.com\/fr\/a-propos\/initiative-des-amis-des-bebes\/\" \/>\n<meta property=\"og:locale\" content=\"fr_FR\" \/>\n<meta property=\"og:type\" content=\"article\" \/>\n<meta property=\"og:title\" content=\"Initiative des amis des b\u00e9b\u00e9s - Centre de sant\u00e9 communautaire Carlington\" \/>\n<meta property=\"og:description\" content=\"L\u2019Initiative des amis des b\u00e9b\u00e9s est un programme international cr\u00e9\u00e9 par l\u2019Organisation mondiale de la sant\u00e9 (OMS) et le Fonds des Nations Unies pour l\u2019enfance (UNICEF). L\u2019Initiative des amis des b\u00e9b\u00e9s...\" \/>\n<meta property=\"og:url\" content=\"https:\/\/carlingtonchc.com\/fr\/a-propos\/initiative-des-amis-des-bebes\/\" \/>\n<meta property=\"og:site_name\" content=\"Centre de sant\u00e9 communautaire Carlington\" \/>\n<meta property=\"article:modified_time\" content=\"2021-03-03T21:55:45+00:00\" \/>\n<meta name=\"twitter:card\" content=\"summary_large_image\" \/>\n<meta name=\"twitter:label1\" content=\"Dur\u00e9e de lecture estim\u00e9e\" \/>\n\t<meta name=\"twitter:data1\" content=\"2 minutes\" \/>\n<script type=\"application\/ld+json\" class=\"yoast-schema-graph\">{\"@context\":\"https:\\\/\\\/schema.org\",\"@graph\":[{\"@type\":\"WebPage\",\"@id\":\"https:\\\/\\\/carlingtonchc.com\\\/fr\\\/a-propos\\\/initiative-des-amis-des-bebes\\\/\",\"url\":\"https:\\\/\\\/carlingtonchc.com\\\/fr\\\/a-propos\\\/initiative-des-amis-des-bebes\\\/\",\"name\":\"Initiative des amis des b\u00e9b\u00e9s - Centre de sant\u00e9 communautaire Carlington\",\"isPartOf\":{\"@id\":\"https:\\\/\\\/carlingtonchc.com\\\/#website\"},\"datePublished\":\"2020-12-03T20:22:19+00:00\",\"dateModified\":\"2021-03-03T21:55:45+00:00\",\"breadcrumb\":{\"@id\":\"https:\\\/\\\/carlingtonchc.com\\\/fr\\\/a-propos\\\/initiative-des-amis-des-bebes\\\/#breadcrumb\"},\"inLanguage\":\"fr-FR\",\"potentialAction\":[{\"@type\":\"ReadAction\",\"target\":[\"https:\\\/\\\/carlingtonchc.com\\\/fr\\\/a-propos\\\/initiative-des-amis-des-bebes\\\/\"]}]},{\"@type\":\"BreadcrumbList\",\"@id\":\"https:\\\/\\\/carlingtonchc.com\\\/fr\\\/a-propos\\\/initiative-des-amis-des-bebes\\\/#breadcrumb\",\"itemListElement\":[{\"@type\":\"ListItem\",\"position\":1,\"name\":\"Home\",\"item\":\"https:\\\/\\\/carlingtonchc.com\\\/fr\\\/\"},{\"@type\":\"ListItem\",\"position\":2,\"name\":\"\u00c0 propos\",\"item\":\"https:\\\/\\\/carlingtonchc.com\\\/fr\\\/a-propos\\\/\"},{\"@type\":\"ListItem\",\"position\":3,\"name\":\"Initiative des amis des b\u00e9b\u00e9s\"}]},{\"@type\":\"WebSite\",\"@id\":\"https:\\\/\\\/carlingtonchc.com\\\/#website\",\"url\":\"https:\\\/\\\/carlingtonchc.com\\\/\",\"name\":\"Centre de sant\u00e9 communautaire Carlington\",\"description\":\"900 Merivale Road, Ottawa ON Canada\",\"potentialAction\":[{\"@type\":\"SearchAction\",\"target\":{\"@type\":\"EntryPoint\",\"urlTemplate\":\"https:\\\/\\\/carlingtonchc.com\\\/?s={search_term_string}\"},\"query-input\":{\"@type\":\"PropertyValueSpecification\",\"valueRequired\":true,\"valueName\":\"search_term_string\"}}],\"inLanguage\":\"fr-FR\"}]}<\/script>\n<!-- \/ Yoast SEO plugin. -->","yoast_head_json":{"title":"Initiative des amis des b\u00e9b\u00e9s - Centre de sant\u00e9 communautaire Carlington","robots":{"index":"index","follow":"follow","max-snippet":"max-snippet:-1","max-image-preview":"max-image-preview:large","max-video-preview":"max-video-preview:-1"},"canonical":"https:\/\/carlingtonchc.com\/fr\/a-propos\/initiative-des-amis-des-bebes\/","og_locale":"fr_FR","og_type":"article","og_title":"Initiative des amis des b\u00e9b\u00e9s - Centre de sant\u00e9 communautaire Carlington","og_description":"L\u2019Initiative des amis des b\u00e9b\u00e9s est un programme international cr\u00e9\u00e9 par l\u2019Organisation mondiale de la sant\u00e9 (OMS) et le Fonds des Nations Unies pour l\u2019enfance (UNICEF). L\u2019Initiative des amis des b\u00e9b\u00e9s...","og_url":"https:\/\/carlingtonchc.com\/fr\/a-propos\/initiative-des-amis-des-bebes\/","og_site_name":"Centre de sant\u00e9 communautaire Carlington","article_modified_time":"2021-03-03T21:55:45+00:00","twitter_card":"summary_large_image","twitter_misc":{"Dur\u00e9e de lecture estim\u00e9e":"2 minutes"},"schema":{"@context":"https:\/\/schema.org","@graph":[{"@type":"WebPage","@id":"https:\/\/carlingtonchc.com\/fr\/a-propos\/initiative-des-amis-des-bebes\/","url":"https:\/\/carlingtonchc.com\/fr\/a-propos\/initiative-des-amis-des-bebes\/","name":"Initiative des amis des b\u00e9b\u00e9s - Centre de sant\u00e9 communautaire Carlington","isPartOf":{"@id":"https:\/\/carlingtonchc.com\/#website"},"datePublished":"2020-12-03T20:22:19+00:00","dateModified":"2021-03-03T21:55:45+00:00","breadcrumb":{"@id":"https:\/\/carlingtonchc.com\/fr\/a-propos\/initiative-des-amis-des-bebes\/#breadcrumb"},"inLanguage":"fr-FR","potentialAction":[{"@type":"ReadAction","target":["https:\/\/carlingtonchc.com\/fr\/a-propos\/initiative-des-amis-des-bebes\/"]}]},{"@type":"BreadcrumbList","@id":"https:\/\/carlingtonchc.com\/fr\/a-propos\/initiative-des-amis-des-bebes\/#breadcrumb","itemListElement":[{"@type":"ListItem","position":1,"name":"Home","item":"https:\/\/carlingtonchc.com\/fr\/"},{"@type":"ListItem","position":2,"name":"\u00c0 propos","item":"https:\/\/carlingtonchc.com\/fr\/a-propos\/"},{"@type":"ListItem","position":3,"name":"Initiative des amis des b\u00e9b\u00e9s"}]},{"@type":"WebSite","@id":"https:\/\/carlingtonchc.com\/#website","url":"https:\/\/carlingtonchc.com\/","name":"Centre de sant\u00e9 communautaire Carlington","description":"900 Merivale Road, Ottawa ON Canada","potentialAction":[{"@type":"SearchAction","target":{"@type":"EntryPoint","urlTemplate":"https:\/\/carlingtonchc.com\/?s={search_term_string}"},"query-input":{"@type":"PropertyValueSpecification","valueRequired":true,"valueName":"search_term_string"}}],"inLanguage":"fr-FR"}]}},"_links":{"self":[{"href":"https:\/\/carlingtonchc.com\/fr\/wp-json\/wp\/v2\/pages\/450","targetHints":{"allow":["GET"]}}],"collection":[{"href":"https:\/\/carlingtonchc.com\/fr\/wp-json\/wp\/v2\/pages"}],"about":[{"href":"https:\/\/carlingtonchc.com\/fr\/wp-json\/wp\/v2\/types\/page"}],"author":[{"embeddable":true,"href":"https:\/\/carlingtonchc.com\/fr\/wp-json\/wp\/v2\/users\/1"}],"replies":[{"embeddable":true,"href":"https:\/\/carlingtonchc.com\/fr\/wp-json\/wp\/v2\/comments?post=450"}],"version-history":[{"count":0,"href":"https:\/\/carlingtonchc.com\/fr\/wp-json\/wp\/v2\/pages\/450\/revisions"}],"up":[{"embeddable":true,"href":"https:\/\/carlingtonchc.com\/fr\/wp-json\/wp\/v2\/pages\/296"}],"wp:attachment":[{"href":"https:\/\/carlingtonchc.com\/fr\/wp-json\/wp\/v2\/media?parent=450"}],"curies":[{"name":"wp","href":"https:\/\/api.w.org\/{rel}","templated":true}]}}