{"id":853,"date":"2021-01-11T20:28:28","date_gmt":"2021-01-11T20:28:28","guid":{"rendered":"http:\/\/cchc.wp-staging.net\/?page_id=853"},"modified":"2022-09-21T20:08:17","modified_gmt":"2022-09-21T20:08:17","slug":"demande-de-rendez-vous-medical","status":"publish","type":"page","link":"https:\/\/carlingtonchc.com\/fr\/programmes-et-services\/services-de-sante\/soins-de-sante-primaires\/demande-de-rendez-vous-medical\/","title":{"rendered":"Demande de rendez-vous m\u00e9dical"},"content":{"rendered":"<h3><strong>Les rendez-vous cliniques de vaccination contre la grippe de l\u2019automne 2022-2023 sont maintenant disponibles.<\/strong><\/h3>\n<p><a href=\"https:\/\/ocean.cognisantmd.com\/online-booking\/7e6575ca-80e8-466d-86cc-3a56468e9227\"><strong>Syst\u00e8me de r\u00e9servation en ligne:<\/strong> <\/a>Nous sommes heureux d\u2019offrir un NOUVEAU syst\u00e8me de r\u00e9servation en ligne \u00e0 tous les patients inscrits qui souhaitent prendre rendez-vous avec leur m\u00e9decin de famille ou leur infirmi\u00e8re praticienne.<\/p>\n<p><strong>Appel de rendez-vous\u00a0:<\/strong> Veuillez noter que le syst\u00e8me de rendez-vous en ligne ne doit pas \u00eatre rempli si vous avez besoin des types de rendez-vous suivants\u00a0:<\/p>\n<ol>\n<li>Un rendez-vous urgent.<\/li>\n<li>Un rendez-vous dans les trois jours ouvrables.<\/li>\n<li>Rendez-vous pr\u00e9natal.<\/li>\n<li>Rendez-vous de bien-\u00eatre.<\/li>\n<li>Rendez-vous de bien-\u00eatre.<\/li>\n<li>Bilan de sant\u00e9 \/ Rendez-vous physique.<\/li>\n<li>Rendez-vous diab\u00e8te.<\/li>\n<\/ol>\n<p>Pour ces types de rendez-vous, veuillez communiquer avec la r\u00e9ception m\u00e9dicale au <strong>613-722-2161.<\/strong><\/p>\n","protected":false},"excerpt":{"rendered":"<p>Les rendez-vous cliniques de vaccination contre la grippe de l\u2019automne 2022-2023 sont maintenant disponibles. Syst\u00e8me de r\u00e9servation en ligne: Nous sommes heureux d\u2019offrir un NOUVEAU syst\u00e8me de r\u00e9servation en ligne \u00e0&#8230;<\/p>\n","protected":false},"author":1,"featured_media":0,"parent":498,"menu_order":0,"comment_status":"closed","ping_status":"closed","template":"","meta":{"_acf_changed":false},"class_list":["post-853","page","type-page","status-publish","hentry"],"acf":[],"yoast_head":"<!-- This site is optimized with the Yoast SEO plugin v27.4 - https:\/\/yoast.com\/product\/yoast-seo-wordpress\/ -->\n<title>Demande de rendez-vous m\u00e9dical - Centre de sant\u00e9 communautaire Carlington<\/title>\n<meta name=\"robots\" content=\"index, follow, max-snippet:-1, max-image-preview:large, max-video-preview:-1\" \/>\n<link rel=\"canonical\" href=\"https:\/\/carlingtonchc.com\/fr\/programmes-et-services\/services-de-sante\/soins-de-sante-primaires\/demande-de-rendez-vous-medical\/\" \/>\n<meta property=\"og:locale\" content=\"fr_FR\" \/>\n<meta property=\"og:type\" content=\"article\" \/>\n<meta property=\"og:title\" content=\"Demande de rendez-vous m\u00e9dical - Centre de sant\u00e9 communautaire Carlington\" \/>\n<meta property=\"og:description\" content=\"Les rendez-vous cliniques de vaccination contre la grippe de l\u2019automne 2022-2023 sont maintenant disponibles. Syst\u00e8me de r\u00e9servation en ligne: Nous sommes heureux d\u2019offrir un NOUVEAU syst\u00e8me de r\u00e9servation en ligne \u00e0...\" \/>\n<meta property=\"og:url\" content=\"https:\/\/carlingtonchc.com\/fr\/programmes-et-services\/services-de-sante\/soins-de-sante-primaires\/demande-de-rendez-vous-medical\/\" \/>\n<meta property=\"og:site_name\" content=\"Centre de sant\u00e9 communautaire Carlington\" \/>\n<meta property=\"article:modified_time\" content=\"2022-09-21T20:08:17+00:00\" \/>\n<meta name=\"twitter:card\" content=\"summary_large_image\" \/>\n<meta name=\"twitter:label1\" content=\"Dur\u00e9e de lecture estim\u00e9e\" \/>\n\t<meta name=\"twitter:data1\" content=\"1 minute\" \/>\n<script type=\"application\/ld+json\" class=\"yoast-schema-graph\">{\"@context\":\"https:\\\/\\\/schema.org\",\"@graph\":[{\"@type\":\"WebPage\",\"@id\":\"https:\\\/\\\/carlingtonchc.com\\\/fr\\\/programmes-et-services\\\/services-de-sante\\\/soins-de-sante-primaires\\\/demande-de-rendez-vous-medical\\\/\",\"url\":\"https:\\\/\\\/carlingtonchc.com\\\/fr\\\/programmes-et-services\\\/services-de-sante\\\/soins-de-sante-primaires\\\/demande-de-rendez-vous-medical\\\/\",\"name\":\"Demande de rendez-vous m\u00e9dical - Centre de sant\u00e9 communautaire Carlington\",\"isPartOf\":{\"@id\":\"https:\\\/\\\/carlingtonchc.com\\\/#website\"},\"datePublished\":\"2021-01-11T20:28:28+00:00\",\"dateModified\":\"2022-09-21T20:08:17+00:00\",\"breadcrumb\":{\"@id\":\"https:\\\/\\\/carlingtonchc.com\\\/fr\\\/programmes-et-services\\\/services-de-sante\\\/soins-de-sante-primaires\\\/demande-de-rendez-vous-medical\\\/#breadcrumb\"},\"inLanguage\":\"fr-FR\",\"potentialAction\":[{\"@type\":\"ReadAction\",\"target\":[\"https:\\\/\\\/carlingtonchc.com\\\/fr\\\/programmes-et-services\\\/services-de-sante\\\/soins-de-sante-primaires\\\/demande-de-rendez-vous-medical\\\/\"]}]},{\"@type\":\"BreadcrumbList\",\"@id\":\"https:\\\/\\\/carlingtonchc.com\\\/fr\\\/programmes-et-services\\\/services-de-sante\\\/soins-de-sante-primaires\\\/demande-de-rendez-vous-medical\\\/#breadcrumb\",\"itemListElement\":[{\"@type\":\"ListItem\",\"position\":1,\"name\":\"Home\",\"item\":\"https:\\\/\\\/carlingtonchc.com\\\/fr\\\/\"},{\"@type\":\"ListItem\",\"position\":2,\"name\":\"Programmes et services\",\"item\":\"https:\\\/\\\/carlingtonchc.com\\\/programs-and-services\\\/\"},{\"@type\":\"ListItem\",\"position\":3,\"name\":\"Services de sant\u00e9\",\"item\":\"https:\\\/\\\/carlingtonchc.com\\\/fr\\\/programmes-et-services\\\/services-de-sante\\\/\"},{\"@type\":\"ListItem\",\"position\":4,\"name\":\"Soins de sant\u00e9 primaires\",\"item\":\"https:\\\/\\\/carlingtonchc.com\\\/fr\\\/programmes-et-services\\\/services-de-sante\\\/soins-de-sante-primaires\\\/\"},{\"@type\":\"ListItem\",\"position\":5,\"name\":\"Demande de rendez-vous m\u00e9dical\"}]},{\"@type\":\"WebSite\",\"@id\":\"https:\\\/\\\/carlingtonchc.com\\\/#website\",\"url\":\"https:\\\/\\\/carlingtonchc.com\\\/\",\"name\":\"Centre de sant\u00e9 communautaire Carlington\",\"description\":\"900 Merivale Road, Ottawa ON Canada\",\"potentialAction\":[{\"@type\":\"SearchAction\",\"target\":{\"@type\":\"EntryPoint\",\"urlTemplate\":\"https:\\\/\\\/carlingtonchc.com\\\/?s={search_term_string}\"},\"query-input\":{\"@type\":\"PropertyValueSpecification\",\"valueRequired\":true,\"valueName\":\"search_term_string\"}}],\"inLanguage\":\"fr-FR\"}]}<\/script>\n<!-- \/ Yoast SEO plugin. -->","yoast_head_json":{"title":"Demande de rendez-vous m\u00e9dical - Centre de sant\u00e9 communautaire Carlington","robots":{"index":"index","follow":"follow","max-snippet":"max-snippet:-1","max-image-preview":"max-image-preview:large","max-video-preview":"max-video-preview:-1"},"canonical":"https:\/\/carlingtonchc.com\/fr\/programmes-et-services\/services-de-sante\/soins-de-sante-primaires\/demande-de-rendez-vous-medical\/","og_locale":"fr_FR","og_type":"article","og_title":"Demande de rendez-vous m\u00e9dical - Centre de sant\u00e9 communautaire Carlington","og_description":"Les rendez-vous cliniques de vaccination contre la grippe de l\u2019automne 2022-2023 sont maintenant disponibles. Syst\u00e8me de r\u00e9servation en ligne: Nous sommes heureux d\u2019offrir un NOUVEAU syst\u00e8me de r\u00e9servation en ligne \u00e0...","og_url":"https:\/\/carlingtonchc.com\/fr\/programmes-et-services\/services-de-sante\/soins-de-sante-primaires\/demande-de-rendez-vous-medical\/","og_site_name":"Centre de sant\u00e9 communautaire Carlington","article_modified_time":"2022-09-21T20:08:17+00:00","twitter_card":"summary_large_image","twitter_misc":{"Dur\u00e9e de lecture estim\u00e9e":"1 minute"},"schema":{"@context":"https:\/\/schema.org","@graph":[{"@type":"WebPage","@id":"https:\/\/carlingtonchc.com\/fr\/programmes-et-services\/services-de-sante\/soins-de-sante-primaires\/demande-de-rendez-vous-medical\/","url":"https:\/\/carlingtonchc.com\/fr\/programmes-et-services\/services-de-sante\/soins-de-sante-primaires\/demande-de-rendez-vous-medical\/","name":"Demande de rendez-vous m\u00e9dical - Centre de sant\u00e9 communautaire Carlington","isPartOf":{"@id":"https:\/\/carlingtonchc.com\/#website"},"datePublished":"2021-01-11T20:28:28+00:00","dateModified":"2022-09-21T20:08:17+00:00","breadcrumb":{"@id":"https:\/\/carlingtonchc.com\/fr\/programmes-et-services\/services-de-sante\/soins-de-sante-primaires\/demande-de-rendez-vous-medical\/#breadcrumb"},"inLanguage":"fr-FR","potentialAction":[{"@type":"ReadAction","target":["https:\/\/carlingtonchc.com\/fr\/programmes-et-services\/services-de-sante\/soins-de-sante-primaires\/demande-de-rendez-vous-medical\/"]}]},{"@type":"BreadcrumbList","@id":"https:\/\/carlingtonchc.com\/fr\/programmes-et-services\/services-de-sante\/soins-de-sante-primaires\/demande-de-rendez-vous-medical\/#breadcrumb","itemListElement":[{"@type":"ListItem","position":1,"name":"Home","item":"https:\/\/carlingtonchc.com\/fr\/"},{"@type":"ListItem","position":2,"name":"Programmes et services","item":"https:\/\/carlingtonchc.com\/programs-and-services\/"},{"@type":"ListItem","position":3,"name":"Services de sant\u00e9","item":"https:\/\/carlingtonchc.com\/fr\/programmes-et-services\/services-de-sante\/"},{"@type":"ListItem","position":4,"name":"Soins de sant\u00e9 primaires","item":"https:\/\/carlingtonchc.com\/fr\/programmes-et-services\/services-de-sante\/soins-de-sante-primaires\/"},{"@type":"ListItem","position":5,"name":"Demande de rendez-vous m\u00e9dical"}]},{"@type":"WebSite","@id":"https:\/\/carlingtonchc.com\/#website","url":"https:\/\/carlingtonchc.com\/","name":"Centre de sant\u00e9 communautaire Carlington","description":"900 Merivale Road, Ottawa ON Canada","potentialAction":[{"@type":"SearchAction","target":{"@type":"EntryPoint","urlTemplate":"https:\/\/carlingtonchc.com\/?s={search_term_string}"},"query-input":{"@type":"PropertyValueSpecification","valueRequired":true,"valueName":"search_term_string"}}],"inLanguage":"fr-FR"}]}},"_links":{"self":[{"href":"https:\/\/carlingtonchc.com\/fr\/wp-json\/wp\/v2\/pages\/853","targetHints":{"allow":["GET"]}}],"collection":[{"href":"https:\/\/carlingtonchc.com\/fr\/wp-json\/wp\/v2\/pages"}],"about":[{"href":"https:\/\/carlingtonchc.com\/fr\/wp-json\/wp\/v2\/types\/page"}],"author":[{"embeddable":true,"href":"https:\/\/carlingtonchc.com\/fr\/wp-json\/wp\/v2\/users\/1"}],"replies":[{"embeddable":true,"href":"https:\/\/carlingtonchc.com\/fr\/wp-json\/wp\/v2\/comments?post=853"}],"version-history":[{"count":0,"href":"https:\/\/carlingtonchc.com\/fr\/wp-json\/wp\/v2\/pages\/853\/revisions"}],"up":[{"embeddable":true,"href":"https:\/\/carlingtonchc.com\/fr\/wp-json\/wp\/v2\/pages\/498"}],"wp:attachment":[{"href":"https:\/\/carlingtonchc.com\/fr\/wp-json\/wp\/v2\/media?parent=853"}],"curies":[{"name":"wp","href":"https:\/\/api.w.org\/{rel}","templated":true}]}}